{"id":15771,"date":"2026-02-23T10:18:54","date_gmt":"2026-02-23T10:18:54","guid":{"rendered":"https:\/\/laertes.es\/?post_type=product&#038;p=15771"},"modified":"2026-02-23T10:19:28","modified_gmt":"2026-02-23T10:19:28","slug":"la-comedia-2","status":"publish","type":"product","link":"https:\/\/www.laertes.es\/ca\/llibre\/la-comedia-2\/","title":{"rendered":"La comedia"},"content":{"rendered":"<p>La comedia<br \/>\nComo dec\u00eda el actor ingl\u00e9s Edmund Gwenn, \u00abmorir es f\u00e1cil; la comedia es dif\u00edcil\u00bb. Hacer re\u00edr no es sencillo. Con esta premisa, Marc Mart\u00edn ofrece una visi\u00f3n global y completa sobre el funcionamiento del humor, con la aspiraci\u00f3n de reconstruir el \u00abelefante completo\u00bb de la comedia.<br \/>\nLa hip\u00f3tesis central que defiende el libro es clara: lo que hace estallar nuestras risas son las ineptitudes o, dicho de otra forma, la falta de control. El combustible de la carcajada es la tensi\u00f3n constante por controlar la realidad, una tensi\u00f3n a la que estamos sometidos por el simple hecho de existir. El humor convierte la ineptitud en un arte, revelando el fracaso del intento humano de moverse con \u00e9xito por la vida.<br \/>\nMarc Mart\u00edn, que ha sido realizador de la exitosa s\u00e1tira pol\u00edtica Pol\u00f2nia durante m\u00e1s de catorce a\u00f1os y que ha participado en la direcci\u00f3n de otros programas como Se\u00f1oras que\u2026 o Vinagre, y que adem\u00e1s ha ense\u00f1ado las claves del humor en diversas instituciones universitarias, recoge en este volumen una herramienta \u00fatil para quien desee entender y practicar la comedia.<br \/>\nEsta obra es un manual que celebra la carcajada que libera la presi\u00f3n de la existencia y nos recuerda que la ineptitud humana es universal. Porque, como ya sab\u00eda Groucho Marx, comparada con hacer re\u00edr, \u00abla interpretaci\u00f3n dram\u00e1tica es como tomarse unas semanas de vacaciones en el campo\u00bb.<\/p>\n<p>Marc Mart\u00edn es director de televisi\u00f3n especializado en comedia. Estudi\u00f3 cine en New York University e interpretaci\u00f3n en la escuela HB Studio, tambi\u00e9n de Nueva York. Ha sido realizador de Polonia (TV3). Tambi\u00e9n dirigi\u00f3 Se\u00f1oras que\u2026 (Neox), codirigi\u00f3 Vinagre (TV3) y particip\u00f3 del \u00e9xito televisivo Homo Zapping (Antena 3).<br \/>\nDesde hace unos a\u00f1os imparte cursos de dramaturgia avanzada y direcci\u00f3n de actores en la Sala Beckett, as\u00ed como clases de direcci\u00f3n de comedia en la ECIB (Escuela de Cine de Barcelona) y en el posgrado Guion y realizaci\u00f3n de humor para radio y televisi\u00f3n de la Universidad Blanquerna.<\/p>\n","protected":false},"excerpt":{"rendered":"<p>Esta obra es un manual que celebra la carcajada que libera la presi\u00f3n de la existencia y nos recuerda que la ineptitud humana es universal. Porque, como ya sab\u00eda Groucho Marx, comparada con hacer re\u00edr, \u00abla interpretaci\u00f3n dram\u00e1tica es como tomarse unas semanas de vacaciones en el campo\u00bb.<\/p>\n","protected":false},"featured_media":15769,"template":"","meta":[],"product_brand":[],"product_cat":[333],"product_tag":[],"autores":[2085],"formatos":[355],"materias":[362],"class_list":{"0":"post-15771","1":"product","2":"type-product","3":"status-publish","4":"has-post-thumbnail","6":"product_cat-kaplan-ca","7":"autores-marc-martin-ca","8":"formatos-llibre","9":"materias-cine-y-tv-ca","11":"first","12":"instock","13":"taxable","14":"shipping-taxable","15":"purchasable","16":"product-type-simple"},"yoast_head":"<!-- This site is optimized with the Yoast SEO plugin v27.4 - https:\/\/yoast.com\/product\/yoast-seo-wordpress\/ -->\n<title>La comedia | Laertes ediciones<\/title>\n<meta name=\"description\" content=\"Esta obra es un manual que celebra la carcajada que libera la presi\u00f3n de la existencia y nos recuerda que la ineptitud humana es universal.\" \/>\n<meta name=\"robots\" content=\"index, follow, max-snippet:-1, max-image-preview:large, max-video-preview:-1\" \/>\n<link rel=\"canonical\" href=\"https:\/\/www.laertes.es\/ca\/llibre\/la-comedia-2\/\" \/>\n<meta property=\"og:locale\" content=\"ca_ES\" \/>\n<meta property=\"og:type\" content=\"article\" \/>\n<meta property=\"og:title\" content=\"La comedia | Laertes ediciones\" \/>\n<meta property=\"og:description\" content=\"Esta obra es un manual que celebra la carcajada que libera la presi\u00f3n de la existencia y nos recuerda que la ineptitud humana es universal.\" \/>\n<meta property=\"og:url\" content=\"https:\/\/www.laertes.es\/ca\/llibre\/la-comedia-2\/\" \/>\n<meta property=\"og:site_name\" content=\"Laertes ediciones\" \/>\n<meta property=\"article:modified_time\" content=\"2026-02-23T10:19:28+00:00\" \/>\n<meta property=\"og:image\" content=\"https:\/\/www.laertes.es\/wp-content\/uploads\/2026\/02\/KAP077.webp\" \/>\n\t<meta property=\"og:image:width\" content=\"802\" \/>\n\t<meta property=\"og:image:height\" content=\"1200\" \/>\n\t<meta property=\"og:image:type\" content=\"image\/webp\" \/>\n<meta name=\"twitter:label1\" content=\"Temps estimat de lectura\" \/>\n\t<meta name=\"twitter:data1\" content=\"2 minuts\" \/>\n<script type=\"application\/ld+json\" class=\"yoast-schema-graph\">{\"@context\":\"https:\\\/\\\/schema.org\",\"@graph\":[{\"@type\":\"WebPage\",\"@id\":\"https:\\\/\\\/www.laertes.es\\\/ca\\\/llibre\\\/la-comedia-2\\\/\",\"url\":\"https:\\\/\\\/www.laertes.es\\\/ca\\\/llibre\\\/la-comedia-2\\\/\",\"name\":\"La comedia | Laertes ediciones\",\"isPartOf\":{\"@id\":\"https:\\\/\\\/www.laertes.es\\\/ca\\\/#website\"},\"primaryImageOfPage\":{\"@id\":\"https:\\\/\\\/www.laertes.es\\\/ca\\\/llibre\\\/la-comedia-2\\\/#primaryimage\"},\"image\":{\"@id\":\"https:\\\/\\\/www.laertes.es\\\/ca\\\/llibre\\\/la-comedia-2\\\/#primaryimage\"},\"thumbnailUrl\":\"https:\\\/\\\/www.laertes.es\\\/wp-content\\\/uploads\\\/2026\\\/02\\\/KAP077.webp\",\"datePublished\":\"2026-02-23T10:18:54+00:00\",\"dateModified\":\"2026-02-23T10:19:28+00:00\",\"description\":\"Esta obra es un manual que celebra la carcajada que libera la presi\u00f3n de la existencia y nos recuerda que la ineptitud humana es universal.\",\"breadcrumb\":{\"@id\":\"https:\\\/\\\/www.laertes.es\\\/ca\\\/llibre\\\/la-comedia-2\\\/#breadcrumb\"},\"inLanguage\":\"ca\",\"potentialAction\":[{\"@type\":\"ReadAction\",\"target\":[\"https:\\\/\\\/www.laertes.es\\\/ca\\\/llibre\\\/la-comedia-2\\\/\"]}]},{\"@type\":\"ImageObject\",\"inLanguage\":\"ca\",\"@id\":\"https:\\\/\\\/www.laertes.es\\\/ca\\\/llibre\\\/la-comedia-2\\\/#primaryimage\",\"url\":\"https:\\\/\\\/www.laertes.es\\\/wp-content\\\/uploads\\\/2026\\\/02\\\/KAP077.webp\",\"contentUrl\":\"https:\\\/\\\/www.laertes.es\\\/wp-content\\\/uploads\\\/2026\\\/02\\\/KAP077.webp\",\"width\":802,\"height\":1200,\"caption\":\"La comedia\"},{\"@type\":\"BreadcrumbList\",\"@id\":\"https:\\\/\\\/www.laertes.es\\\/ca\\\/llibre\\\/la-comedia-2\\\/#breadcrumb\",\"itemListElement\":[{\"@type\":\"ListItem\",\"position\":1,\"name\":\"Portada\",\"item\":\"https:\\\/\\\/www.laertes.es\\\/ca\\\/\"},{\"@type\":\"ListItem\",\"position\":2,\"name\":\"Tienda\",\"item\":\"https:\\\/\\\/www.laertes.es\\\/tienda\\\/\"},{\"@type\":\"ListItem\",\"position\":3,\"name\":\"La comedia\"}]},{\"@type\":\"WebSite\",\"@id\":\"https:\\\/\\\/www.laertes.es\\\/ca\\\/#website\",\"url\":\"https:\\\/\\\/www.laertes.es\\\/ca\\\/\",\"name\":\"Laertes Ediciones\",\"description\":\"Editorial independiente desde 1975\",\"alternateName\":\"Laertes\",\"potentialAction\":[{\"@type\":\"SearchAction\",\"target\":{\"@type\":\"EntryPoint\",\"urlTemplate\":\"https:\\\/\\\/www.laertes.es\\\/ca\\\/?s={search_term_string}\"},\"query-input\":{\"@type\":\"PropertyValueSpecification\",\"valueRequired\":true,\"valueName\":\"search_term_string\"}}],\"inLanguage\":\"ca\"}]}<\/script>\n<!-- \/ Yoast SEO plugin. -->","yoast_head_json":{"title":"La comedia | Laertes ediciones","description":"Esta obra es un manual que celebra la carcajada que libera la presi\u00f3n de la existencia y nos recuerda que la ineptitud humana es universal.","robots":{"index":"index","follow":"follow","max-snippet":"max-snippet:-1","max-image-preview":"max-image-preview:large","max-video-preview":"max-video-preview:-1"},"canonical":"https:\/\/www.laertes.es\/ca\/llibre\/la-comedia-2\/","og_locale":"ca_ES","og_type":"article","og_title":"La comedia | Laertes ediciones","og_description":"Esta obra es un manual que celebra la carcajada que libera la presi\u00f3n de la existencia y nos recuerda que la ineptitud humana es universal.","og_url":"https:\/\/www.laertes.es\/ca\/llibre\/la-comedia-2\/","og_site_name":"Laertes ediciones","article_modified_time":"2026-02-23T10:19:28+00:00","og_image":[{"width":802,"height":1200,"url":"https:\/\/www.laertes.es\/wp-content\/uploads\/2026\/02\/KAP077.webp","type":"image\/webp"}],"twitter_misc":{"Temps estimat de lectura":"2 minuts"},"schema":{"@context":"https:\/\/schema.org","@graph":[{"@type":"WebPage","@id":"https:\/\/www.laertes.es\/ca\/llibre\/la-comedia-2\/","url":"https:\/\/www.laertes.es\/ca\/llibre\/la-comedia-2\/","name":"La comedia | Laertes ediciones","isPartOf":{"@id":"https:\/\/www.laertes.es\/ca\/#website"},"primaryImageOfPage":{"@id":"https:\/\/www.laertes.es\/ca\/llibre\/la-comedia-2\/#primaryimage"},"image":{"@id":"https:\/\/www.laertes.es\/ca\/llibre\/la-comedia-2\/#primaryimage"},"thumbnailUrl":"https:\/\/www.laertes.es\/wp-content\/uploads\/2026\/02\/KAP077.webp","datePublished":"2026-02-23T10:18:54+00:00","dateModified":"2026-02-23T10:19:28+00:00","description":"Esta obra es un manual que celebra la carcajada que libera la presi\u00f3n de la existencia y nos recuerda que la ineptitud humana es universal.","breadcrumb":{"@id":"https:\/\/www.laertes.es\/ca\/llibre\/la-comedia-2\/#breadcrumb"},"inLanguage":"ca","potentialAction":[{"@type":"ReadAction","target":["https:\/\/www.laertes.es\/ca\/llibre\/la-comedia-2\/"]}]},{"@type":"ImageObject","inLanguage":"ca","@id":"https:\/\/www.laertes.es\/ca\/llibre\/la-comedia-2\/#primaryimage","url":"https:\/\/www.laertes.es\/wp-content\/uploads\/2026\/02\/KAP077.webp","contentUrl":"https:\/\/www.laertes.es\/wp-content\/uploads\/2026\/02\/KAP077.webp","width":802,"height":1200,"caption":"La comedia"},{"@type":"BreadcrumbList","@id":"https:\/\/www.laertes.es\/ca\/llibre\/la-comedia-2\/#breadcrumb","itemListElement":[{"@type":"ListItem","position":1,"name":"Portada","item":"https:\/\/www.laertes.es\/ca\/"},{"@type":"ListItem","position":2,"name":"Tienda","item":"https:\/\/www.laertes.es\/tienda\/"},{"@type":"ListItem","position":3,"name":"La comedia"}]},{"@type":"WebSite","@id":"https:\/\/www.laertes.es\/ca\/#website","url":"https:\/\/www.laertes.es\/ca\/","name":"Laertes Ediciones","description":"Editorial independiente desde 1975","alternateName":"Laertes","potentialAction":[{"@type":"SearchAction","target":{"@type":"EntryPoint","urlTemplate":"https:\/\/www.laertes.es\/ca\/?s={search_term_string}"},"query-input":{"@type":"PropertyValueSpecification","valueRequired":true,"valueName":"search_term_string"}}],"inLanguage":"ca"}]}},"_links":{"self":[{"href":"https:\/\/www.laertes.es\/ca\/wp-json\/wp\/v2\/product\/15771","targetHints":{"allow":["GET"]}}],"collection":[{"href":"https:\/\/www.laertes.es\/ca\/wp-json\/wp\/v2\/product"}],"about":[{"href":"https:\/\/www.laertes.es\/ca\/wp-json\/wp\/v2\/types\/product"}],"version-history":[{"count":1,"href":"https:\/\/www.laertes.es\/ca\/wp-json\/wp\/v2\/product\/15771\/revisions"}],"predecessor-version":[{"id":15772,"href":"https:\/\/www.laertes.es\/ca\/wp-json\/wp\/v2\/product\/15771\/revisions\/15772"}],"wp:featuredmedia":[{"embeddable":true,"href":"https:\/\/www.laertes.es\/ca\/wp-json\/wp\/v2\/media\/15769"}],"wp:attachment":[{"href":"https:\/\/www.laertes.es\/ca\/wp-json\/wp\/v2\/media?parent=15771"}],"wp:term":[{"taxonomy":"product_brand","embeddable":true,"href":"https:\/\/www.laertes.es\/ca\/wp-json\/wp\/v2\/product_brand?post=15771"},{"taxonomy":"product_cat","embeddable":true,"href":"https:\/\/www.laertes.es\/ca\/wp-json\/wp\/v2\/product_cat?post=15771"},{"taxonomy":"product_tag","embeddable":true,"href":"https:\/\/www.laertes.es\/ca\/wp-json\/wp\/v2\/product_tag?post=15771"},{"taxonomy":"autores","embeddable":true,"href":"https:\/\/www.laertes.es\/ca\/wp-json\/wp\/v2\/autores?post=15771"},{"taxonomy":"formatos","embeddable":true,"href":"https:\/\/www.laertes.es\/ca\/wp-json\/wp\/v2\/formatos?post=15771"},{"taxonomy":"materias","embeddable":true,"href":"https:\/\/www.laertes.es\/ca\/wp-json\/wp\/v2\/materias?post=15771"}],"curies":[{"name":"wp","href":"https:\/\/api.w.org\/{rel}","templated":true}]}}