{"id":15659,"date":"2025-09-16T05:32:44","date_gmt":"2025-09-16T05:32:44","guid":{"rendered":"https:\/\/laertes.es\/libro\/el-poum-en-la-revolucion-espanola\/"},"modified":"2025-09-16T05:32:44","modified_gmt":"2025-09-16T05:32:44","slug":"el-poum-en-la-revolucion-espanola","status":"publish","type":"product","link":"https:\/\/laertes.es\/ca\/llibre\/el-poum-en-la-revolucion-espanola\/","title":{"rendered":"El POUM en la Revoluci\u00f3n Espa\u00f1ola"},"content":{"rendered":"<p> El POUM en la Revoluci\u00f3n Espa\u00f1ola<br \/>\nDurante la Guerra Civil espa\u00f1ola, el Partido Obrero de Unificaci\u00f3n Marxista (POUM) desempe\u00f1\u00f3 un papel central en la revoluci\u00f3n social que estall\u00f3 tras el levantamiento militar de 1936. Fundado por Joaqu\u00edn Maur\u00edn y Andreu Nin, antiguos militantes comunistas y sindicalistas revolucionarios, el POUM defend\u00eda una v\u00eda socialista independiente, enfrentada tanto al fascismo como al estalinismo. Esta posici\u00f3n lo convirti\u00f3 en blanco de una violenta campa\u00f1a de criminalizaci\u00f3n impulsada por el Partido Comunista y los servicios secretos sovi\u00e9ticos, que culmin\u00f3 con el secuestro y asesinato de Nin y la represi\u00f3n sistem\u00e1tica del partido.<br \/>\nEste libro, fruto de a\u00f1os de investigaci\u00f3n, ofrece una visi\u00f3n exhaustiva, documentada y actualizada de la historia del POUM. Reiner Tosstorff analiza con precisi\u00f3n su evoluci\u00f3n ideol\u00f3gica, su actuaci\u00f3n pol\u00edtica y militar, sus v\u00ednculos internacionales y su tr\u00e1gico destino durante el conflicto. Basado en fuentes de archivo in\u00e9ditas \u2014incluidos documentos sovi\u00e9ticos desclasificados\u2014 y una perspectiva internacional, El POUM en la Revoluci\u00f3n Espa\u00f1ola se ha convertido en una obra imprescindible para comprender las divisiones de la izquierda en la guerra y los l\u00edmites del antifascismo en el siglo xx.<\/p>\n","protected":false},"excerpt":{"rendered":"<p>Durante la Guerra Civil espa\u00f1ola, el Partido Obrero de Unificaci\u00f3n Marxista (POUM) desempe\u00f1\u00f3 un papel central en la revoluci\u00f3n social que estall\u00f3 tras el levantamiento militar de 1936.<\/p>\n","protected":false},"featured_media":15657,"template":"","meta":[],"product_brand":[],"product_cat":[334],"product_tag":[1581,2063,720,1248,2064,2065,2066,1564],"autores":[2067],"formatos":[355],"materias":[366,372],"class_list":{"0":"post-15659","1":"product","2":"type-product","3":"status-publish","4":"has-post-thumbnail","6":"product_cat-laertes-ca","7":"product_tag-andreu-nin-ca","8":"product_tag-estalinismo-ca","9":"product_tag-fascismo-ca","10":"product_tag-guerra-civil-espanola-ca","11":"product_tag-internacionales-comunistas-ca","12":"product_tag-izquierda-revolucionaria-ca","13":"product_tag-movimientos-obreros-ca","14":"product_tag-poum-ca","15":"autores-tosstorff-reiner-ca","16":"formatos-llibre","17":"materias-ensayo-ca","18":"materias-historia-ca","20":"first","21":"instock","22":"taxable","23":"shipping-taxable","24":"purchasable","25":"product-type-simple"},"yoast_head":"<!-- This site is optimized with the Yoast SEO plugin v27.3 - https:\/\/yoast.com\/product\/yoast-seo-wordpress\/ -->\n<title>El POUM en la Revoluci\u00f3n Espa\u00f1ola | Laertes ediciones<\/title>\n<meta name=\"description\" content=\"Durante la Guerra Civil espa\u00f1ola, el POUM desempe\u00f1\u00f3 un papel central en la revoluci\u00f3n social que estall\u00f3 tras el levantamiento militar de 1936.\" \/>\n<meta name=\"robots\" content=\"index, follow, max-snippet:-1, max-image-preview:large, max-video-preview:-1\" \/>\n<link rel=\"canonical\" href=\"https:\/\/aliceblue-magpie-467488.hostingersite.com\/ca\/llibre\/el-poum-en-la-revolucion-espanola\/\" \/>\n<meta property=\"og:locale\" content=\"ca_ES\" \/>\n<meta property=\"og:type\" content=\"article\" \/>\n<meta property=\"og:title\" content=\"El POUM en la Revoluci\u00f3n Espa\u00f1ola | Laertes ediciones\" \/>\n<meta property=\"og:description\" content=\"Durante la Guerra Civil espa\u00f1ola, el POUM desempe\u00f1\u00f3 un papel central en la revoluci\u00f3n social que estall\u00f3 tras el levantamiento militar de 1936.\" \/>\n<meta property=\"og:url\" content=\"https:\/\/aliceblue-magpie-467488.hostingersite.com\/ca\/llibre\/el-poum-en-la-revolucion-espanola\/\" \/>\n<meta property=\"og:site_name\" content=\"Laertes ediciones\" \/>\n<meta property=\"og:image\" content=\"https:\/\/aliceblue-magpie-467488.hostingersite.com\/wp-content\/uploads\/2025\/09\/LAE140.webp\" \/>\n\t<meta property=\"og:image:width\" content=\"802\" \/>\n\t<meta property=\"og:image:height\" content=\"1200\" \/>\n\t<meta property=\"og:image:type\" content=\"image\/webp\" \/>\n<meta name=\"twitter:label1\" content=\"Temps estimat de lectura\" \/>\n\t<meta name=\"twitter:data1\" content=\"1 minut\" \/>\n<script type=\"application\/ld+json\" class=\"yoast-schema-graph\">{\"@context\":\"https:\\\/\\\/schema.org\",\"@graph\":[{\"@type\":\"WebPage\",\"@id\":\"https:\\\/\\\/aliceblue-magpie-467488.hostingersite.com\\\/ca\\\/llibre\\\/el-poum-en-la-revolucion-espanola\\\/\",\"url\":\"https:\\\/\\\/aliceblue-magpie-467488.hostingersite.com\\\/ca\\\/llibre\\\/el-poum-en-la-revolucion-espanola\\\/\",\"name\":\"El POUM en la Revoluci\u00f3n Espa\u00f1ola | Laertes ediciones\",\"isPartOf\":{\"@id\":\"https:\\\/\\\/aliceblue-magpie-467488.hostingersite.com\\\/ca\\\/#website\"},\"primaryImageOfPage\":{\"@id\":\"https:\\\/\\\/aliceblue-magpie-467488.hostingersite.com\\\/ca\\\/llibre\\\/el-poum-en-la-revolucion-espanola\\\/#primaryimage\"},\"image\":{\"@id\":\"https:\\\/\\\/aliceblue-magpie-467488.hostingersite.com\\\/ca\\\/llibre\\\/el-poum-en-la-revolucion-espanola\\\/#primaryimage\"},\"thumbnailUrl\":\"https:\\\/\\\/laertes.es\\\/wp-content\\\/uploads\\\/2025\\\/09\\\/LAE140.webp\",\"datePublished\":\"2025-09-16T05:32:44+00:00\",\"description\":\"Durante la Guerra Civil espa\u00f1ola, el POUM desempe\u00f1\u00f3 un papel central en la revoluci\u00f3n social que estall\u00f3 tras el levantamiento militar de 1936.\",\"breadcrumb\":{\"@id\":\"https:\\\/\\\/aliceblue-magpie-467488.hostingersite.com\\\/ca\\\/llibre\\\/el-poum-en-la-revolucion-espanola\\\/#breadcrumb\"},\"inLanguage\":\"ca\",\"potentialAction\":[{\"@type\":\"ReadAction\",\"target\":[\"https:\\\/\\\/aliceblue-magpie-467488.hostingersite.com\\\/ca\\\/llibre\\\/el-poum-en-la-revolucion-espanola\\\/\"]}]},{\"@type\":\"ImageObject\",\"inLanguage\":\"ca\",\"@id\":\"https:\\\/\\\/aliceblue-magpie-467488.hostingersite.com\\\/ca\\\/llibre\\\/el-poum-en-la-revolucion-espanola\\\/#primaryimage\",\"url\":\"https:\\\/\\\/laertes.es\\\/wp-content\\\/uploads\\\/2025\\\/09\\\/LAE140.webp\",\"contentUrl\":\"https:\\\/\\\/laertes.es\\\/wp-content\\\/uploads\\\/2025\\\/09\\\/LAE140.webp\",\"width\":802,\"height\":1200,\"caption\":\"El POUM en la Revoluci\u00f3n Espa\u00f1ola\"},{\"@type\":\"BreadcrumbList\",\"@id\":\"https:\\\/\\\/aliceblue-magpie-467488.hostingersite.com\\\/ca\\\/llibre\\\/el-poum-en-la-revolucion-espanola\\\/#breadcrumb\",\"itemListElement\":[{\"@type\":\"ListItem\",\"position\":1,\"name\":\"Portada\",\"item\":\"https:\\\/\\\/aliceblue-magpie-467488.hostingersite.com\\\/ca\\\/\"},{\"@type\":\"ListItem\",\"position\":2,\"name\":\"Tienda\",\"item\":\"https:\\\/\\\/laertes.es\\\/tienda\\\/\"},{\"@type\":\"ListItem\",\"position\":3,\"name\":\"El POUM en la Revoluci\u00f3n Espa\u00f1ola\"}]},{\"@type\":\"WebSite\",\"@id\":\"https:\\\/\\\/aliceblue-magpie-467488.hostingersite.com\\\/ca\\\/#website\",\"url\":\"https:\\\/\\\/aliceblue-magpie-467488.hostingersite.com\\\/ca\\\/\",\"name\":\"Laertes Ediciones\",\"description\":\"Editorial independiente desde 1975\",\"alternateName\":\"Laertes\",\"potentialAction\":[{\"@type\":\"SearchAction\",\"target\":{\"@type\":\"EntryPoint\",\"urlTemplate\":\"https:\\\/\\\/aliceblue-magpie-467488.hostingersite.com\\\/ca\\\/?s={search_term_string}\"},\"query-input\":{\"@type\":\"PropertyValueSpecification\",\"valueRequired\":true,\"valueName\":\"search_term_string\"}}],\"inLanguage\":\"ca\"}]}<\/script>\n<!-- \/ Yoast SEO plugin. -->","yoast_head_json":{"title":"El POUM en la Revoluci\u00f3n Espa\u00f1ola | Laertes ediciones","description":"Durante la Guerra Civil espa\u00f1ola, el POUM desempe\u00f1\u00f3 un papel central en la revoluci\u00f3n social que estall\u00f3 tras el levantamiento militar de 1936.","robots":{"index":"index","follow":"follow","max-snippet":"max-snippet:-1","max-image-preview":"max-image-preview:large","max-video-preview":"max-video-preview:-1"},"canonical":"https:\/\/aliceblue-magpie-467488.hostingersite.com\/ca\/llibre\/el-poum-en-la-revolucion-espanola\/","og_locale":"ca_ES","og_type":"article","og_title":"El POUM en la Revoluci\u00f3n Espa\u00f1ola | Laertes ediciones","og_description":"Durante la Guerra Civil espa\u00f1ola, el POUM desempe\u00f1\u00f3 un papel central en la revoluci\u00f3n social que estall\u00f3 tras el levantamiento militar de 1936.","og_url":"https:\/\/aliceblue-magpie-467488.hostingersite.com\/ca\/llibre\/el-poum-en-la-revolucion-espanola\/","og_site_name":"Laertes ediciones","og_image":[{"width":802,"height":1200,"url":"https:\/\/aliceblue-magpie-467488.hostingersite.com\/wp-content\/uploads\/2025\/09\/LAE140.webp","type":"image\/webp"}],"twitter_misc":{"Temps estimat de lectura":"1 minut"},"schema":{"@context":"https:\/\/schema.org","@graph":[{"@type":"WebPage","@id":"https:\/\/aliceblue-magpie-467488.hostingersite.com\/ca\/llibre\/el-poum-en-la-revolucion-espanola\/","url":"https:\/\/aliceblue-magpie-467488.hostingersite.com\/ca\/llibre\/el-poum-en-la-revolucion-espanola\/","name":"El POUM en la Revoluci\u00f3n Espa\u00f1ola | Laertes ediciones","isPartOf":{"@id":"https:\/\/aliceblue-magpie-467488.hostingersite.com\/ca\/#website"},"primaryImageOfPage":{"@id":"https:\/\/aliceblue-magpie-467488.hostingersite.com\/ca\/llibre\/el-poum-en-la-revolucion-espanola\/#primaryimage"},"image":{"@id":"https:\/\/aliceblue-magpie-467488.hostingersite.com\/ca\/llibre\/el-poum-en-la-revolucion-espanola\/#primaryimage"},"thumbnailUrl":"https:\/\/laertes.es\/wp-content\/uploads\/2025\/09\/LAE140.webp","datePublished":"2025-09-16T05:32:44+00:00","description":"Durante la Guerra Civil espa\u00f1ola, el POUM desempe\u00f1\u00f3 un papel central en la revoluci\u00f3n social que estall\u00f3 tras el levantamiento militar de 1936.","breadcrumb":{"@id":"https:\/\/aliceblue-magpie-467488.hostingersite.com\/ca\/llibre\/el-poum-en-la-revolucion-espanola\/#breadcrumb"},"inLanguage":"ca","potentialAction":[{"@type":"ReadAction","target":["https:\/\/aliceblue-magpie-467488.hostingersite.com\/ca\/llibre\/el-poum-en-la-revolucion-espanola\/"]}]},{"@type":"ImageObject","inLanguage":"ca","@id":"https:\/\/aliceblue-magpie-467488.hostingersite.com\/ca\/llibre\/el-poum-en-la-revolucion-espanola\/#primaryimage","url":"https:\/\/laertes.es\/wp-content\/uploads\/2025\/09\/LAE140.webp","contentUrl":"https:\/\/laertes.es\/wp-content\/uploads\/2025\/09\/LAE140.webp","width":802,"height":1200,"caption":"El POUM en la Revoluci\u00f3n Espa\u00f1ola"},{"@type":"BreadcrumbList","@id":"https:\/\/aliceblue-magpie-467488.hostingersite.com\/ca\/llibre\/el-poum-en-la-revolucion-espanola\/#breadcrumb","itemListElement":[{"@type":"ListItem","position":1,"name":"Portada","item":"https:\/\/aliceblue-magpie-467488.hostingersite.com\/ca\/"},{"@type":"ListItem","position":2,"name":"Tienda","item":"https:\/\/laertes.es\/tienda\/"},{"@type":"ListItem","position":3,"name":"El POUM en la Revoluci\u00f3n Espa\u00f1ola"}]},{"@type":"WebSite","@id":"https:\/\/aliceblue-magpie-467488.hostingersite.com\/ca\/#website","url":"https:\/\/aliceblue-magpie-467488.hostingersite.com\/ca\/","name":"Laertes Ediciones","description":"Editorial independiente desde 1975","alternateName":"Laertes","potentialAction":[{"@type":"SearchAction","target":{"@type":"EntryPoint","urlTemplate":"https:\/\/aliceblue-magpie-467488.hostingersite.com\/ca\/?s={search_term_string}"},"query-input":{"@type":"PropertyValueSpecification","valueRequired":true,"valueName":"search_term_string"}}],"inLanguage":"ca"}]}},"_links":{"self":[{"href":"https:\/\/laertes.es\/ca\/wp-json\/wp\/v2\/product\/15659","targetHints":{"allow":["GET"]}}],"collection":[{"href":"https:\/\/laertes.es\/ca\/wp-json\/wp\/v2\/product"}],"about":[{"href":"https:\/\/laertes.es\/ca\/wp-json\/wp\/v2\/types\/product"}],"version-history":[{"count":0,"href":"https:\/\/laertes.es\/ca\/wp-json\/wp\/v2\/product\/15659\/revisions"}],"wp:featuredmedia":[{"embeddable":true,"href":"https:\/\/laertes.es\/ca\/wp-json\/wp\/v2\/media\/15657"}],"wp:attachment":[{"href":"https:\/\/laertes.es\/ca\/wp-json\/wp\/v2\/media?parent=15659"}],"wp:term":[{"taxonomy":"product_brand","embeddable":true,"href":"https:\/\/laertes.es\/ca\/wp-json\/wp\/v2\/product_brand?post=15659"},{"taxonomy":"product_cat","embeddable":true,"href":"https:\/\/laertes.es\/ca\/wp-json\/wp\/v2\/product_cat?post=15659"},{"taxonomy":"product_tag","embeddable":true,"href":"https:\/\/laertes.es\/ca\/wp-json\/wp\/v2\/product_tag?post=15659"},{"taxonomy":"autores","embeddable":true,"href":"https:\/\/laertes.es\/ca\/wp-json\/wp\/v2\/autores?post=15659"},{"taxonomy":"formatos","embeddable":true,"href":"https:\/\/laertes.es\/ca\/wp-json\/wp\/v2\/formatos?post=15659"},{"taxonomy":"materias","embeddable":true,"href":"https:\/\/laertes.es\/ca\/wp-json\/wp\/v2\/materias?post=15659"}],"curies":[{"name":"wp","href":"https:\/\/api.w.org\/{rel}","templated":true}]}}