{"id":15232,"date":"2024-08-14T09:30:23","date_gmt":"2024-08-14T09:30:23","guid":{"rendered":"https:\/libro\/la-biblioteca-darkham-2\/"},"modified":"2025-05-07T18:21:14","modified_gmt":"2025-05-07T18:21:14","slug":"la-biblioteca-darkham-2","status":"publish","type":"product","link":"https:\/\/www.laertes.es\/ca\/llibre\/la-biblioteca-darkham-2\/","title":{"rendered":"La biblioteca d\u2019Arkham"},"content":{"rendered":"<h1>La biblioteca d\u2019Arkham<\/h1>\n<p>La biblioteca d\u2019Arkham.\u00a0L\u2019Arsenath Waite \u00e9s una jove d\u2019aspecte inquietant, estudiosa de les arts ocultes i origin\u00e0ria de la nefanda localitat d\u2019Innsmouth. En Robert Blake \u00e9s un artista embadalit per la silueta d\u2019un campanar que, segons els rumors, est\u00e0 habitat per una pres\u00e8ncia aliena a aquest m\u00f3n. I en Nathaniel Wingate \u00e9s un erudit de la Universitat d\u2019Arkham que perd el senderi durant una classe i no el recupera fins al cap de cinc anys. Un cop refet, investiga unes restes arqueol\u00f2giques m\u00e9s antigues que la pr\u00f2pia Humanitat. Aquests personatges tan lovecraftians protagonitzen hist\u00f2ries on l\u2019horror c\u00f2smic s\u2019enlla\u00e7a amb la m\u00e0gia, amb les llegendes antigues i amb la topografia tan pr\u00f2pia i caracter\u00edstica de l\u2019univers del geni de Providence.<br \/>\nEl segon volum de Mites de Cthulhu recull els relats El que viu a la foscor, La criatura al llindar i L\u2019ombra de fora el temps, tres textos imprescindibles d\u2019H.P. Lovecraft, essencials per comprendre la seva cosmogonia.<\/p>\n<p>L\u2019Arsenath Waite \u00e9s una jove d\u2019aspecte inquietant, estudiosa de les arts ocultes i origin\u00e0ria de la nefanda localitat d\u2019Innsmouth. En Robert Blake \u00e9s un artista embadalit per la silueta d\u2019un campanar que, segons els rumors, est\u00e0 habitat per una pres\u00e8ncia aliena a aquest m\u00f3n. I en Nathaniel Wingate \u00e9s un erudit de la Universitat d\u2019Arkham que perd el senderi durant una classe i no el recupera fins al cap de cinc anys. Un cop refet, investiga unes restes arqueol\u00f2giques m\u00e9s antigues que la pr\u00f2pia Humanitat. Aquests personatges tan lovecraftians protagonitzen hist\u00f2ries on l\u2019horror c\u00f2smic s\u2019enlla\u00e7a amb la m\u00e0gia, amb les llegendes antigues i amb la topografia tan pr\u00f2pia i caracter\u00edstica de l\u2019univers del geni de Providence.<br \/>\nEl segon volum de Mites de Cthulhu recull els relats El que viu a la foscor, La criatura al llindar i L\u2019ombra de fora el temps, tres textos imprescindibles d\u2019H.P. Lovecraft, essencials per comprendre la seva cosmogonia.<\/p>\n","protected":false},"excerpt":{"rendered":"<p>El segon volum de Mites de Cthulhu recull els relats <em>El que viu a la foscor, La criatura al llindar<\/em> i <em>L\u2019ombra de fora el temps<\/em>, tres textos imprescindibles d\u2019H.P. Lovecraft, essencials per comprendre la seva cosmogonia.<\/p>\n","protected":false},"featured_media":15227,"template":"","meta":[],"product_brand":[],"product_cat":[296],"product_tag":[891,1133,672,714,673],"autores":[396],"formatos":[355],"materias":[356,357],"class_list":{"0":"post-15232","1":"product","2":"type-product","3":"status-publish","4":"has-post-thumbnail","6":"product_cat-larca-ca","7":"product_tag-cthulhu-ca","8":"product_tag-ficcio-classica-ca","9":"product_tag-literatura-fantastica-ca","10":"product_tag-lovecraft-ca","11":"product_tag-terror-ca","12":"autores-lovecraft-howard-phillips-ca","13":"formatos-llibre","14":"materias-cuentos-clasicos-de-generos-fantasticos-ca","15":"materias-terror-ca-ca","17":"first","18":"instock","19":"taxable","20":"shipping-taxable","21":"purchasable","22":"product-type-simple"},"yoast_head":"<!-- This site is optimized with the Yoast SEO plugin v27.4 - https:\/\/yoast.com\/product\/yoast-seo-wordpress\/ -->\n<title>La biblioteca d\u2019Arkham | Laertes ediciones<\/title>\n<meta name=\"description\" content=\"El segon volum de Mites de Cthulhu recull tres textos imprescindibles d\u2019H.P. Lovecraft, essencials per comprendre la seva cosmogonia. La biblioteca d\u2019Arkham\" \/>\n<meta name=\"robots\" content=\"index, follow, max-snippet:-1, max-image-preview:large, max-video-preview:-1\" \/>\n<link rel=\"canonical\" href=\"https:\/\/www.laertes.es\/ca\/llibre\/la-biblioteca-darkham-2\/\" \/>\n<meta property=\"og:locale\" content=\"ca_ES\" \/>\n<meta property=\"og:type\" content=\"article\" \/>\n<meta property=\"og:title\" content=\"La biblioteca d\u2019Arkham | Laertes ediciones\" \/>\n<meta property=\"og:description\" content=\"El segon volum de Mites de Cthulhu recull tres textos imprescindibles d\u2019H.P. Lovecraft, essencials per comprendre la seva cosmogonia. La biblioteca d\u2019Arkham\" \/>\n<meta property=\"og:url\" content=\"https:\/\/www.laertes.es\/ca\/llibre\/la-biblioteca-darkham-2\/\" \/>\n<meta property=\"og:site_name\" content=\"Laertes ediciones\" \/>\n<meta property=\"article:modified_time\" content=\"2025-05-07T18:21:14+00:00\" \/>\n<meta property=\"og:image\" content=\"https:\/\/www.laertes.es\/wp-content\/uploads\/2024\/08\/ARC122.webp\" \/>\n\t<meta property=\"og:image:width\" content=\"802\" \/>\n\t<meta property=\"og:image:height\" content=\"1200\" \/>\n\t<meta property=\"og:image:type\" content=\"image\/webp\" \/>\n<meta name=\"twitter:label1\" content=\"Temps estimat de lectura\" \/>\n\t<meta name=\"twitter:data1\" content=\"2 minuts\" \/>\n<script type=\"application\/ld+json\" class=\"yoast-schema-graph\">{\"@context\":\"https:\\\/\\\/schema.org\",\"@graph\":[{\"@type\":\"WebPage\",\"@id\":\"https:\\\/\\\/www.laertes.es\\\/ca\\\/llibre\\\/la-biblioteca-darkham-2\\\/\",\"url\":\"https:\\\/\\\/www.laertes.es\\\/ca\\\/llibre\\\/la-biblioteca-darkham-2\\\/\",\"name\":\"La biblioteca d\u2019Arkham | Laertes ediciones\",\"isPartOf\":{\"@id\":\"https:\\\/\\\/www.laertes.es\\\/ca\\\/#website\"},\"primaryImageOfPage\":{\"@id\":\"https:\\\/\\\/www.laertes.es\\\/ca\\\/llibre\\\/la-biblioteca-darkham-2\\\/#primaryimage\"},\"image\":{\"@id\":\"https:\\\/\\\/www.laertes.es\\\/ca\\\/llibre\\\/la-biblioteca-darkham-2\\\/#primaryimage\"},\"thumbnailUrl\":\"https:\\\/\\\/www.laertes.es\\\/wp-content\\\/uploads\\\/2024\\\/08\\\/ARC122.webp\",\"datePublished\":\"2024-08-14T09:30:23+00:00\",\"dateModified\":\"2025-05-07T18:21:14+00:00\",\"description\":\"El segon volum de Mites de Cthulhu recull tres textos imprescindibles d\u2019H.P. Lovecraft, essencials per comprendre la seva cosmogonia. La biblioteca d\u2019Arkham\",\"breadcrumb\":{\"@id\":\"https:\\\/\\\/www.laertes.es\\\/ca\\\/llibre\\\/la-biblioteca-darkham-2\\\/#breadcrumb\"},\"inLanguage\":\"ca\",\"potentialAction\":[{\"@type\":\"ReadAction\",\"target\":[\"https:\\\/\\\/www.laertes.es\\\/ca\\\/llibre\\\/la-biblioteca-darkham-2\\\/\"]}]},{\"@type\":\"ImageObject\",\"inLanguage\":\"ca\",\"@id\":\"https:\\\/\\\/www.laertes.es\\\/ca\\\/llibre\\\/la-biblioteca-darkham-2\\\/#primaryimage\",\"url\":\"https:\\\/\\\/www.laertes.es\\\/wp-content\\\/uploads\\\/2024\\\/08\\\/ARC122.webp\",\"contentUrl\":\"https:\\\/\\\/www.laertes.es\\\/wp-content\\\/uploads\\\/2024\\\/08\\\/ARC122.webp\",\"width\":802,\"height\":1200,\"caption\":\"La biblioteca d'Arkham volum 2\"},{\"@type\":\"BreadcrumbList\",\"@id\":\"https:\\\/\\\/www.laertes.es\\\/ca\\\/llibre\\\/la-biblioteca-darkham-2\\\/#breadcrumb\",\"itemListElement\":[{\"@type\":\"ListItem\",\"position\":1,\"name\":\"Portada\",\"item\":\"https:\\\/\\\/www.laertes.es\\\/ca\\\/\"},{\"@type\":\"ListItem\",\"position\":2,\"name\":\"Tienda\",\"item\":\"https:\\\/\\\/www.laertes.es\\\/tienda\\\/\"},{\"@type\":\"ListItem\",\"position\":3,\"name\":\"La biblioteca d\u2019Arkham\"}]},{\"@type\":\"WebSite\",\"@id\":\"https:\\\/\\\/www.laertes.es\\\/ca\\\/#website\",\"url\":\"https:\\\/\\\/www.laertes.es\\\/ca\\\/\",\"name\":\"Laertes Ediciones\",\"description\":\"Editorial independiente desde 1975\",\"alternateName\":\"Laertes\",\"potentialAction\":[{\"@type\":\"SearchAction\",\"target\":{\"@type\":\"EntryPoint\",\"urlTemplate\":\"https:\\\/\\\/www.laertes.es\\\/ca\\\/?s={search_term_string}\"},\"query-input\":{\"@type\":\"PropertyValueSpecification\",\"valueRequired\":true,\"valueName\":\"search_term_string\"}}],\"inLanguage\":\"ca\"}]}<\/script>\n<!-- \/ Yoast SEO plugin. -->","yoast_head_json":{"title":"La biblioteca d\u2019Arkham | Laertes ediciones","description":"El segon volum de Mites de Cthulhu recull tres textos imprescindibles d\u2019H.P. Lovecraft, essencials per comprendre la seva cosmogonia. La biblioteca d\u2019Arkham","robots":{"index":"index","follow":"follow","max-snippet":"max-snippet:-1","max-image-preview":"max-image-preview:large","max-video-preview":"max-video-preview:-1"},"canonical":"https:\/\/www.laertes.es\/ca\/llibre\/la-biblioteca-darkham-2\/","og_locale":"ca_ES","og_type":"article","og_title":"La biblioteca d\u2019Arkham | Laertes ediciones","og_description":"El segon volum de Mites de Cthulhu recull tres textos imprescindibles d\u2019H.P. Lovecraft, essencials per comprendre la seva cosmogonia. La biblioteca d\u2019Arkham","og_url":"https:\/\/www.laertes.es\/ca\/llibre\/la-biblioteca-darkham-2\/","og_site_name":"Laertes ediciones","article_modified_time":"2025-05-07T18:21:14+00:00","og_image":[{"width":802,"height":1200,"url":"https:\/\/www.laertes.es\/wp-content\/uploads\/2024\/08\/ARC122.webp","type":"image\/webp"}],"twitter_misc":{"Temps estimat de lectura":"2 minuts"},"schema":{"@context":"https:\/\/schema.org","@graph":[{"@type":"WebPage","@id":"https:\/\/www.laertes.es\/ca\/llibre\/la-biblioteca-darkham-2\/","url":"https:\/\/www.laertes.es\/ca\/llibre\/la-biblioteca-darkham-2\/","name":"La biblioteca d\u2019Arkham | Laertes ediciones","isPartOf":{"@id":"https:\/\/www.laertes.es\/ca\/#website"},"primaryImageOfPage":{"@id":"https:\/\/www.laertes.es\/ca\/llibre\/la-biblioteca-darkham-2\/#primaryimage"},"image":{"@id":"https:\/\/www.laertes.es\/ca\/llibre\/la-biblioteca-darkham-2\/#primaryimage"},"thumbnailUrl":"https:\/\/www.laertes.es\/wp-content\/uploads\/2024\/08\/ARC122.webp","datePublished":"2024-08-14T09:30:23+00:00","dateModified":"2025-05-07T18:21:14+00:00","description":"El segon volum de Mites de Cthulhu recull tres textos imprescindibles d\u2019H.P. Lovecraft, essencials per comprendre la seva cosmogonia. La biblioteca d\u2019Arkham","breadcrumb":{"@id":"https:\/\/www.laertes.es\/ca\/llibre\/la-biblioteca-darkham-2\/#breadcrumb"},"inLanguage":"ca","potentialAction":[{"@type":"ReadAction","target":["https:\/\/www.laertes.es\/ca\/llibre\/la-biblioteca-darkham-2\/"]}]},{"@type":"ImageObject","inLanguage":"ca","@id":"https:\/\/www.laertes.es\/ca\/llibre\/la-biblioteca-darkham-2\/#primaryimage","url":"https:\/\/www.laertes.es\/wp-content\/uploads\/2024\/08\/ARC122.webp","contentUrl":"https:\/\/www.laertes.es\/wp-content\/uploads\/2024\/08\/ARC122.webp","width":802,"height":1200,"caption":"La biblioteca d'Arkham volum 2"},{"@type":"BreadcrumbList","@id":"https:\/\/www.laertes.es\/ca\/llibre\/la-biblioteca-darkham-2\/#breadcrumb","itemListElement":[{"@type":"ListItem","position":1,"name":"Portada","item":"https:\/\/www.laertes.es\/ca\/"},{"@type":"ListItem","position":2,"name":"Tienda","item":"https:\/\/www.laertes.es\/tienda\/"},{"@type":"ListItem","position":3,"name":"La biblioteca d\u2019Arkham"}]},{"@type":"WebSite","@id":"https:\/\/www.laertes.es\/ca\/#website","url":"https:\/\/www.laertes.es\/ca\/","name":"Laertes Ediciones","description":"Editorial independiente desde 1975","alternateName":"Laertes","potentialAction":[{"@type":"SearchAction","target":{"@type":"EntryPoint","urlTemplate":"https:\/\/www.laertes.es\/ca\/?s={search_term_string}"},"query-input":{"@type":"PropertyValueSpecification","valueRequired":true,"valueName":"search_term_string"}}],"inLanguage":"ca"}]}},"_links":{"self":[{"href":"https:\/\/www.laertes.es\/ca\/wp-json\/wp\/v2\/product\/15232","targetHints":{"allow":["GET"]}}],"collection":[{"href":"https:\/\/www.laertes.es\/ca\/wp-json\/wp\/v2\/product"}],"about":[{"href":"https:\/\/www.laertes.es\/ca\/wp-json\/wp\/v2\/types\/product"}],"version-history":[{"count":1,"href":"https:\/\/www.laertes.es\/ca\/wp-json\/wp\/v2\/product\/15232\/revisions"}],"predecessor-version":[{"id":15568,"href":"https:\/\/www.laertes.es\/ca\/wp-json\/wp\/v2\/product\/15232\/revisions\/15568"}],"wp:featuredmedia":[{"embeddable":true,"href":"https:\/\/www.laertes.es\/ca\/wp-json\/wp\/v2\/media\/15227"}],"wp:attachment":[{"href":"https:\/\/www.laertes.es\/ca\/wp-json\/wp\/v2\/media?parent=15232"}],"wp:term":[{"taxonomy":"product_brand","embeddable":true,"href":"https:\/\/www.laertes.es\/ca\/wp-json\/wp\/v2\/product_brand?post=15232"},{"taxonomy":"product_cat","embeddable":true,"href":"https:\/\/www.laertes.es\/ca\/wp-json\/wp\/v2\/product_cat?post=15232"},{"taxonomy":"product_tag","embeddable":true,"href":"https:\/\/www.laertes.es\/ca\/wp-json\/wp\/v2\/product_tag?post=15232"},{"taxonomy":"autores","embeddable":true,"href":"https:\/\/www.laertes.es\/ca\/wp-json\/wp\/v2\/autores?post=15232"},{"taxonomy":"formatos","embeddable":true,"href":"https:\/\/www.laertes.es\/ca\/wp-json\/wp\/v2\/formatos?post=15232"},{"taxonomy":"materias","embeddable":true,"href":"https:\/\/www.laertes.es\/ca\/wp-json\/wp\/v2\/materias?post=15232"}],"curies":[{"name":"wp","href":"https:\/\/api.w.org\/{rel}","templated":true}]}}