{"id":14309,"date":"2023-05-29T10:26:26","date_gmt":"2023-05-29T10:26:26","guid":{"rendered":"https:\/libro\/com-escriure-dialegs-que-funcionin-per-a-cinema-i-televisio\/"},"modified":"2023-06-12T07:11:25","modified_gmt":"2023-06-12T07:11:25","slug":"com-escriure-dialegs-que-funcionin-per-a-cinema-i-televisio","status":"publish","type":"product","link":"https:\/\/laertes.es\/ca\/llibre\/com-escriure-dialegs-que-funcionin-per-a-cinema-i-televisio\/","title":{"rendered":"Com escriure di\u00e0legs que funcionin per a cinema i televisi\u00f3"},"content":{"rendered":"<div style=\"text-align: justify\"><em>Com escriure di\u00e0legs que funcionin per a cinema i televisi\u00f3<\/em><\/div>\n<div style=\"text-align: justify\"><em>Com escriure di\u00e0legs que funcionin per a cinema i televisi\u00f3 <\/em>Despr\u00e9s de gaireb\u00e9 40 anys de no parar d\u2019escriure esquetxos, programes de televisi\u00f3, s\u00e8ries, tvmovies, pel\u00b7l\u00edcules i obres de teatre i de m\u00e9s de 25 anys de fer classes als estudis de comunicaci\u00f3 \u00e0udiovisual de la Universitat Pompeu Fabra, Piti Espa\u00f1ol ha decidit publicar un llibre que expliqui tot el que ha apr\u00e8s sobre l\u2019escriptura de di\u00e0legs per a cinema i televisi\u00f3.<\/div>\n<div style=\"text-align: justify\"><strong>\u00a0 \u00a0 \u00a0<\/strong> <em>Com escriure di\u00e0legs que funcionin per a cinema i televisi\u00f3<\/em> \u00e9s un llibre basat en la seva experi\u00e8ncia, tant d\u2019escriure escenes dialogades com d\u2019analitzar-les a les seves classes. Un llibre que vol ser una mena de manual amb reflexions te\u00f2riques i consells pr\u00e0ctics, ple d\u2019exemples trets del cinema, de la televisi\u00f3 i, fins i tot, d\u2019anuncis comercials, que serveixi tant a estudiants que volen aprendre les bases de l\u2019escriptura de di\u00e0legs, com a professionals que potser hi descobriran recursos, exemples i trucs narratius que desconeixien.<\/div>\n<div><\/div>\n<div><strong>Albert Plans<\/strong> (guionista de Plats Bruts i Porca Mis\u00e8ria):\u00a0 El Piti \u00e9s un guionista amb una de les carreres m\u00e9s brillants del nostre pa\u00eds. Que qu\u00e8 \u00e9s un bon di\u00e0leg? Llegiu aquest llibre!<\/div>\n<div><\/div>\n<div><strong>Joaquim Oristrell<\/strong> (guionista i director): \u00c9s divertit, \u00e9s \u00fatil, \u00e9s gener\u00f3s. El millor llibre d\u2019amor que he llegit \u00faltimament \u2014d\u2019amor a l\u2019ofici d\u2019escriure, per descomptat.<\/div>\n<div><\/div>\n<div><strong>Cesc Gay<\/strong> (guionista i director): Llegir-lo \u00e9s adonar-te de tot el que encara pots aprendre per tal d\u2019escriure millor. Una gran guia!<\/div>\n<div><\/div>\n<div><strong>Isabel Coixet<\/strong> (guionista i directora): Un llibre sensacional i absolutament\u00a0 imprescindible per a tots aquells que escriuen ficci\u00f3, tant professionals com aspirants.<\/div>\n<div>llibre basat en la seva experi\u00e8ncia, tant d\u2019escriure escenes dialogades com d\u2019analitzar-les a les seves classes. Un llibre que vol ser una mena de manual amb reflexions te\u00f2riques i consells pr\u00e0ctics, ple d\u2019exemples trets del cinema, de la televisi\u00f3 i, fins i tot, d\u2019anuncis comercials, que serveixi tant a estudiants que volen aprendre les bases de l\u2019escriptura de di\u00e0legs, com a professionals que potser hi descobriran recursos, exemples i trucs narratius que desconeixien.<\/div>\n","protected":false},"excerpt":{"rendered":"<p>Com escriure di\u00e0legs que funcionin per a cinema i televisi\u00f3 Com escriure di\u00e0legs que funcionin per a cinema i televisi\u00f3<\/p>\n","protected":false},"featured_media":14180,"template":"","meta":[],"product_brand":[],"product_cat":[333],"product_tag":[1500,753,1501,978],"autores":[1502],"formatos":[355],"materias":[362,365],"class_list":{"0":"post-14309","1":"product","2":"type-product","3":"status-publish","4":"has-post-thumbnail","6":"product_cat-kaplan-ca","7":"product_tag-audiovisuals-ca","8":"product_tag-cine-ca","9":"product_tag-dialegs-ca","10":"product_tag-educacio-ca","11":"autores-piti-espanol-ca","12":"formatos-llibre","13":"materias-cine-y-tv-ca","14":"materias-educacion-ca","16":"first","17":"instock","18":"taxable","19":"shipping-taxable","20":"purchasable","21":"product-type-simple"},"yoast_head":"<!-- This site is optimized with the Yoast SEO plugin v27.3 - https:\/\/yoast.com\/product\/yoast-seo-wordpress\/ -->\n<title>Com escriure di\u00e0legs que funcionin per a cinema i televisi\u00f3 | Laertes ediciones<\/title>\n<meta name=\"description\" content=\"Com escriure di\u00e0legs que funcionin. Manual amb reflexions te\u00f2riques i consells pr\u00e0ctics, ple d\u2019exemples trets del cinema, de la televisi\u00f3\" \/>\n<meta name=\"robots\" content=\"index, follow, max-snippet:-1, max-image-preview:large, max-video-preview:-1\" \/>\n<link rel=\"canonical\" href=\"https:\/\/laertes.es\/llibre\/com-escriure-dialegs-que-funcionin-per-a-cinema-i-televisio\/\" \/>\n<meta property=\"og:locale\" content=\"ca_ES\" \/>\n<meta property=\"og:type\" content=\"article\" \/>\n<meta property=\"og:title\" content=\"Com escriure di\u00e0legs que funcionin per a cinema i televisi\u00f3 | Laertes ediciones\" \/>\n<meta property=\"og:description\" content=\"Com escriure di\u00e0legs que funcionin. Manual amb reflexions te\u00f2riques i consells pr\u00e0ctics, ple d\u2019exemples trets del cinema, de la televisi\u00f3\" \/>\n<meta property=\"og:url\" content=\"https:\/\/laertes.es\/llibre\/com-escriure-dialegs-que-funcionin-per-a-cinema-i-televisio\/\" \/>\n<meta property=\"og:site_name\" content=\"Laertes ediciones\" \/>\n<meta property=\"article:modified_time\" content=\"2023-06-12T07:11:25+00:00\" \/>\n<meta property=\"og:image\" content=\"https:\/\/laertes.es\/wp-content\/uploads\/2023\/05\/KAP071.webp\" \/>\n\t<meta property=\"og:image:width\" content=\"802\" \/>\n\t<meta property=\"og:image:height\" content=\"1200\" \/>\n\t<meta property=\"og:image:type\" content=\"image\/webp\" \/>\n<meta name=\"twitter:label1\" content=\"Temps estimat de lectura\" \/>\n\t<meta name=\"twitter:data1\" content=\"2 minuts\" \/>\n<script type=\"application\/ld+json\" class=\"yoast-schema-graph\">{\"@context\":\"https:\\\/\\\/schema.org\",\"@graph\":[{\"@type\":\"WebPage\",\"@id\":\"https:\\\/\\\/laertes.es\\\/llibre\\\/com-escriure-dialegs-que-funcionin-per-a-cinema-i-televisio\\\/\",\"url\":\"https:\\\/\\\/laertes.es\\\/llibre\\\/com-escriure-dialegs-que-funcionin-per-a-cinema-i-televisio\\\/\",\"name\":\"Com escriure di\u00e0legs que funcionin per a cinema i televisi\u00f3 | Laertes ediciones\",\"isPartOf\":{\"@id\":\"https:\\\/\\\/aliceblue-magpie-467488.hostingersite.com\\\/ca\\\/#website\"},\"primaryImageOfPage\":{\"@id\":\"https:\\\/\\\/laertes.es\\\/llibre\\\/com-escriure-dialegs-que-funcionin-per-a-cinema-i-televisio\\\/#primaryimage\"},\"image\":{\"@id\":\"https:\\\/\\\/laertes.es\\\/llibre\\\/com-escriure-dialegs-que-funcionin-per-a-cinema-i-televisio\\\/#primaryimage\"},\"thumbnailUrl\":\"https:\\\/\\\/laertes.es\\\/wp-content\\\/uploads\\\/2023\\\/05\\\/KAP071.webp\",\"datePublished\":\"2023-05-29T10:26:26+00:00\",\"dateModified\":\"2023-06-12T07:11:25+00:00\",\"description\":\"Com escriure di\u00e0legs que funcionin. Manual amb reflexions te\u00f2riques i consells pr\u00e0ctics, ple d\u2019exemples trets del cinema, de la televisi\u00f3\",\"breadcrumb\":{\"@id\":\"https:\\\/\\\/laertes.es\\\/llibre\\\/com-escriure-dialegs-que-funcionin-per-a-cinema-i-televisio\\\/#breadcrumb\"},\"inLanguage\":\"ca\",\"potentialAction\":[{\"@type\":\"ReadAction\",\"target\":[\"https:\\\/\\\/laertes.es\\\/llibre\\\/com-escriure-dialegs-que-funcionin-per-a-cinema-i-televisio\\\/\"]}]},{\"@type\":\"ImageObject\",\"inLanguage\":\"ca\",\"@id\":\"https:\\\/\\\/laertes.es\\\/llibre\\\/com-escriure-dialegs-que-funcionin-per-a-cinema-i-televisio\\\/#primaryimage\",\"url\":\"https:\\\/\\\/laertes.es\\\/wp-content\\\/uploads\\\/2023\\\/05\\\/KAP071.webp\",\"contentUrl\":\"https:\\\/\\\/laertes.es\\\/wp-content\\\/uploads\\\/2023\\\/05\\\/KAP071.webp\",\"width\":802,\"height\":1200,\"caption\":\"Com escriure di\u00e0legs que funcionin per a cinema i televisi\u00f3\"},{\"@type\":\"BreadcrumbList\",\"@id\":\"https:\\\/\\\/laertes.es\\\/llibre\\\/com-escriure-dialegs-que-funcionin-per-a-cinema-i-televisio\\\/#breadcrumb\",\"itemListElement\":[{\"@type\":\"ListItem\",\"position\":1,\"name\":\"Portada\",\"item\":\"https:\\\/\\\/aliceblue-magpie-467488.hostingersite.com\\\/ca\\\/\"},{\"@type\":\"ListItem\",\"position\":2,\"name\":\"Tienda\",\"item\":\"https:\\\/\\\/laertes.es\\\/tienda\\\/\"},{\"@type\":\"ListItem\",\"position\":3,\"name\":\"Com escriure di\u00e0legs que funcionin per a cinema i televisi\u00f3\"}]},{\"@type\":\"WebSite\",\"@id\":\"https:\\\/\\\/aliceblue-magpie-467488.hostingersite.com\\\/ca\\\/#website\",\"url\":\"https:\\\/\\\/aliceblue-magpie-467488.hostingersite.com\\\/ca\\\/\",\"name\":\"Laertes Ediciones\",\"description\":\"Editorial independiente desde 1975\",\"alternateName\":\"Laertes\",\"potentialAction\":[{\"@type\":\"SearchAction\",\"target\":{\"@type\":\"EntryPoint\",\"urlTemplate\":\"https:\\\/\\\/aliceblue-magpie-467488.hostingersite.com\\\/ca\\\/?s={search_term_string}\"},\"query-input\":{\"@type\":\"PropertyValueSpecification\",\"valueRequired\":true,\"valueName\":\"search_term_string\"}}],\"inLanguage\":\"ca\"}]}<\/script>\n<!-- \/ Yoast SEO plugin. -->","yoast_head_json":{"title":"Com escriure di\u00e0legs que funcionin per a cinema i televisi\u00f3 | Laertes ediciones","description":"Com escriure di\u00e0legs que funcionin. Manual amb reflexions te\u00f2riques i consells pr\u00e0ctics, ple d\u2019exemples trets del cinema, de la televisi\u00f3","robots":{"index":"index","follow":"follow","max-snippet":"max-snippet:-1","max-image-preview":"max-image-preview:large","max-video-preview":"max-video-preview:-1"},"canonical":"https:\/\/laertes.es\/llibre\/com-escriure-dialegs-que-funcionin-per-a-cinema-i-televisio\/","og_locale":"ca_ES","og_type":"article","og_title":"Com escriure di\u00e0legs que funcionin per a cinema i televisi\u00f3 | Laertes ediciones","og_description":"Com escriure di\u00e0legs que funcionin. Manual amb reflexions te\u00f2riques i consells pr\u00e0ctics, ple d\u2019exemples trets del cinema, de la televisi\u00f3","og_url":"https:\/\/laertes.es\/llibre\/com-escriure-dialegs-que-funcionin-per-a-cinema-i-televisio\/","og_site_name":"Laertes ediciones","article_modified_time":"2023-06-12T07:11:25+00:00","og_image":[{"width":802,"height":1200,"url":"https:\/\/laertes.es\/wp-content\/uploads\/2023\/05\/KAP071.webp","type":"image\/webp"}],"twitter_misc":{"Temps estimat de lectura":"2 minuts"},"schema":{"@context":"https:\/\/schema.org","@graph":[{"@type":"WebPage","@id":"https:\/\/laertes.es\/llibre\/com-escriure-dialegs-que-funcionin-per-a-cinema-i-televisio\/","url":"https:\/\/laertes.es\/llibre\/com-escriure-dialegs-que-funcionin-per-a-cinema-i-televisio\/","name":"Com escriure di\u00e0legs que funcionin per a cinema i televisi\u00f3 | Laertes ediciones","isPartOf":{"@id":"https:\/\/aliceblue-magpie-467488.hostingersite.com\/ca\/#website"},"primaryImageOfPage":{"@id":"https:\/\/laertes.es\/llibre\/com-escriure-dialegs-que-funcionin-per-a-cinema-i-televisio\/#primaryimage"},"image":{"@id":"https:\/\/laertes.es\/llibre\/com-escriure-dialegs-que-funcionin-per-a-cinema-i-televisio\/#primaryimage"},"thumbnailUrl":"https:\/\/laertes.es\/wp-content\/uploads\/2023\/05\/KAP071.webp","datePublished":"2023-05-29T10:26:26+00:00","dateModified":"2023-06-12T07:11:25+00:00","description":"Com escriure di\u00e0legs que funcionin. Manual amb reflexions te\u00f2riques i consells pr\u00e0ctics, ple d\u2019exemples trets del cinema, de la televisi\u00f3","breadcrumb":{"@id":"https:\/\/laertes.es\/llibre\/com-escriure-dialegs-que-funcionin-per-a-cinema-i-televisio\/#breadcrumb"},"inLanguage":"ca","potentialAction":[{"@type":"ReadAction","target":["https:\/\/laertes.es\/llibre\/com-escriure-dialegs-que-funcionin-per-a-cinema-i-televisio\/"]}]},{"@type":"ImageObject","inLanguage":"ca","@id":"https:\/\/laertes.es\/llibre\/com-escriure-dialegs-que-funcionin-per-a-cinema-i-televisio\/#primaryimage","url":"https:\/\/laertes.es\/wp-content\/uploads\/2023\/05\/KAP071.webp","contentUrl":"https:\/\/laertes.es\/wp-content\/uploads\/2023\/05\/KAP071.webp","width":802,"height":1200,"caption":"Com escriure di\u00e0legs que funcionin per a cinema i televisi\u00f3"},{"@type":"BreadcrumbList","@id":"https:\/\/laertes.es\/llibre\/com-escriure-dialegs-que-funcionin-per-a-cinema-i-televisio\/#breadcrumb","itemListElement":[{"@type":"ListItem","position":1,"name":"Portada","item":"https:\/\/aliceblue-magpie-467488.hostingersite.com\/ca\/"},{"@type":"ListItem","position":2,"name":"Tienda","item":"https:\/\/laertes.es\/tienda\/"},{"@type":"ListItem","position":3,"name":"Com escriure di\u00e0legs que funcionin per a cinema i televisi\u00f3"}]},{"@type":"WebSite","@id":"https:\/\/aliceblue-magpie-467488.hostingersite.com\/ca\/#website","url":"https:\/\/aliceblue-magpie-467488.hostingersite.com\/ca\/","name":"Laertes Ediciones","description":"Editorial independiente desde 1975","alternateName":"Laertes","potentialAction":[{"@type":"SearchAction","target":{"@type":"EntryPoint","urlTemplate":"https:\/\/aliceblue-magpie-467488.hostingersite.com\/ca\/?s={search_term_string}"},"query-input":{"@type":"PropertyValueSpecification","valueRequired":true,"valueName":"search_term_string"}}],"inLanguage":"ca"}]}},"_links":{"self":[{"href":"https:\/\/laertes.es\/ca\/wp-json\/wp\/v2\/product\/14309","targetHints":{"allow":["GET"]}}],"collection":[{"href":"https:\/\/laertes.es\/ca\/wp-json\/wp\/v2\/product"}],"about":[{"href":"https:\/\/laertes.es\/ca\/wp-json\/wp\/v2\/types\/product"}],"version-history":[{"count":1,"href":"https:\/\/laertes.es\/ca\/wp-json\/wp\/v2\/product\/14309\/revisions"}],"predecessor-version":[{"id":14310,"href":"https:\/\/laertes.es\/ca\/wp-json\/wp\/v2\/product\/14309\/revisions\/14310"}],"wp:featuredmedia":[{"embeddable":true,"href":"https:\/\/laertes.es\/ca\/wp-json\/wp\/v2\/media\/14180"}],"wp:attachment":[{"href":"https:\/\/laertes.es\/ca\/wp-json\/wp\/v2\/media?parent=14309"}],"wp:term":[{"taxonomy":"product_brand","embeddable":true,"href":"https:\/\/laertes.es\/ca\/wp-json\/wp\/v2\/product_brand?post=14309"},{"taxonomy":"product_cat","embeddable":true,"href":"https:\/\/laertes.es\/ca\/wp-json\/wp\/v2\/product_cat?post=14309"},{"taxonomy":"product_tag","embeddable":true,"href":"https:\/\/laertes.es\/ca\/wp-json\/wp\/v2\/product_tag?post=14309"},{"taxonomy":"autores","embeddable":true,"href":"https:\/\/laertes.es\/ca\/wp-json\/wp\/v2\/autores?post=14309"},{"taxonomy":"formatos","embeddable":true,"href":"https:\/\/laertes.es\/ca\/wp-json\/wp\/v2\/formatos?post=14309"},{"taxonomy":"materias","embeddable":true,"href":"https:\/\/laertes.es\/ca\/wp-json\/wp\/v2\/materias?post=14309"}],"curies":[{"name":"wp","href":"https:\/\/api.w.org\/{rel}","templated":true}]}}