{"id":14259,"date":"2023-06-04T05:51:45","date_gmt":"2023-06-04T05:51:45","guid":{"rendered":"https:\/libro\/ofelia-fementida\/"},"modified":"2023-06-08T11:24:23","modified_gmt":"2023-06-08T11:24:23","slug":"ofelia-fementida","status":"publish","type":"product","link":"https:\/\/laertes.es\/ca\/llibre\/ofelia-fementida\/","title":{"rendered":"Ofelia fementida"},"content":{"rendered":"<p>El pasaje de la muerte de Ofelia es el eje que articula este libro, que parte de su no escenificaci\u00f3n en la escena crucial del drama hasta su recuperaci\u00f3n en la pintura del siglo XIX y en las cinematograf\u00edas y visualidades posteriores. Todo lo anterior conduce al paso de un personaje femenino subsidiario a uno de centralidad creciente, con la complejidad de su estatus iconogr\u00e1fico en narrativas que consuman progresivamente su autonom\u00eda.<br \/>\n<em><strong>\u00a0 \u00a0 \u00a0<\/strong>Ofelia fementida<\/em> analiza la progresiva visualizaci\u00f3n y constituci\u00f3n visual del personaje literario en adaptaciones f\u00edlmicas as\u00ed como en narrativas independientes a la tragedia shakesperiana con remisiones m\u00e1s o menos m\u00ednimas, escamoteadas, diluidas, no siempre tan claras por estar sometidas a una alta, compleja elaboraci\u00f3n en otros c\u00f3digos que contribuyen a desdibujarla m\u00e1s en cada traducci\u00f3n, en cada transescritura que contribuye a su metamorfosis exponencial.<\/p>\n<p>El pasaje de la muerte de Ofelia es el eje que articula este libro, que parte de su no escenificaci\u00f3n en la escena crucial del drama hasta su recuperaci\u00f3n en la pintura del siglo XIX y en las cinematograf\u00edas y visualidades posteriores. Todo lo anterior conduce al paso de un personaje femenino subsidiario a uno de centralidad creciente, con la complejidad de su estatus iconogr\u00e1fico en narrativas que consuman progresivamente su autonom\u00eda.<br \/>\n<em><strong>\u00a0 \u00a0 \u00a0<\/strong>Ofelia fementida<\/em> analiza la progresiva visualizaci\u00f3n y constituci\u00f3n visual del personaje literario en adaptaciones f\u00edlmicas as\u00ed como en narrativas independientes a la tragedia shakesperiana con remisiones m\u00e1s o menos m\u00ednimas, escamoteadas, diluidas, no siempre tan claras por estar sometidas a una alta, compleja elaboraci\u00f3n en otros c\u00f3digos que contribuyen a desdibujarla m\u00e1s en cada traducci\u00f3n, en cada transescritura que contribuye a su metamorfosis exponencial.<\/p>\n","protected":false},"excerpt":{"rendered":"<p>El pasaje de la muerte de Ofelia es el eje que articula este libro, que parte de su no escenificaci\u00f3n<\/p>\n","protected":false},"featured_media":14478,"template":"","meta":[],"product_brand":[],"product_cat":[333],"product_tag":[753,657],"autores":[1464],"formatos":[355],"materias":[362],"class_list":{"0":"post-14259","1":"product","2":"type-product","3":"status-publish","4":"has-post-thumbnail","6":"product_cat-kaplan-ca","7":"product_tag-cine-ca","8":"product_tag-ensayo-ca","9":"autores-sanabria-carolina-ca","10":"formatos-llibre","11":"materias-cine-y-tv-ca","13":"first","14":"instock","15":"taxable","16":"shipping-taxable","17":"purchasable","18":"product-type-simple"},"yoast_head":"<!-- This site is optimized with the Yoast SEO plugin v27.3 - https:\/\/yoast.com\/product\/yoast-seo-wordpress\/ -->\n<title>Ofelia fementida | Laertes ediciones<\/title>\n<meta name=\"description\" content=\"Ofelia fementida analiza la progresiva visualizaci\u00f3n y constituci\u00f3n visual del personaje literario en adaptaciones f\u00edlmicas.\" \/>\n<meta name=\"robots\" content=\"index, follow, max-snippet:-1, max-image-preview:large, max-video-preview:-1\" \/>\n<link rel=\"canonical\" href=\"https:\/\/aliceblue-magpie-467488.hostingersite.com\/ca\/llibre\/ofelia-fementida\/\" \/>\n<meta property=\"og:locale\" content=\"ca_ES\" \/>\n<meta property=\"og:type\" content=\"article\" \/>\n<meta property=\"og:title\" content=\"Ofelia fementida | Laertes ediciones\" \/>\n<meta property=\"og:description\" content=\"Ofelia fementida analiza la progresiva visualizaci\u00f3n y constituci\u00f3n visual del personaje literario en adaptaciones f\u00edlmicas.\" \/>\n<meta property=\"og:url\" content=\"https:\/\/aliceblue-magpie-467488.hostingersite.com\/ca\/llibre\/ofelia-fementida\/\" \/>\n<meta property=\"og:site_name\" content=\"Laertes ediciones\" \/>\n<meta property=\"article:modified_time\" content=\"2023-06-08T11:24:23+00:00\" \/>\n<meta property=\"og:image\" content=\"https:\/\/aliceblue-magpie-467488.hostingersite.com\/wp-content\/uploads\/2023\/06\/KAP056.webp\" \/>\n\t<meta property=\"og:image:width\" content=\"802\" \/>\n\t<meta property=\"og:image:height\" content=\"1200\" \/>\n\t<meta property=\"og:image:type\" content=\"image\/webp\" \/>\n<script type=\"application\/ld+json\" class=\"yoast-schema-graph\">{\"@context\":\"https:\\\/\\\/schema.org\",\"@graph\":[{\"@type\":\"WebPage\",\"@id\":\"https:\\\/\\\/aliceblue-magpie-467488.hostingersite.com\\\/ca\\\/llibre\\\/ofelia-fementida\\\/\",\"url\":\"https:\\\/\\\/aliceblue-magpie-467488.hostingersite.com\\\/ca\\\/llibre\\\/ofelia-fementida\\\/\",\"name\":\"Ofelia fementida | Laertes ediciones\",\"isPartOf\":{\"@id\":\"https:\\\/\\\/aliceblue-magpie-467488.hostingersite.com\\\/ca\\\/#website\"},\"primaryImageOfPage\":{\"@id\":\"https:\\\/\\\/aliceblue-magpie-467488.hostingersite.com\\\/ca\\\/llibre\\\/ofelia-fementida\\\/#primaryimage\"},\"image\":{\"@id\":\"https:\\\/\\\/aliceblue-magpie-467488.hostingersite.com\\\/ca\\\/llibre\\\/ofelia-fementida\\\/#primaryimage\"},\"thumbnailUrl\":\"https:\\\/\\\/laertes.es\\\/wp-content\\\/uploads\\\/2023\\\/06\\\/KAP056.webp\",\"datePublished\":\"2023-06-04T05:51:45+00:00\",\"dateModified\":\"2023-06-08T11:24:23+00:00\",\"description\":\"Ofelia fementida analiza la progresiva visualizaci\u00f3n y constituci\u00f3n visual del personaje literario en adaptaciones f\u00edlmicas.\",\"breadcrumb\":{\"@id\":\"https:\\\/\\\/aliceblue-magpie-467488.hostingersite.com\\\/ca\\\/llibre\\\/ofelia-fementida\\\/#breadcrumb\"},\"inLanguage\":\"ca\",\"potentialAction\":[{\"@type\":\"ReadAction\",\"target\":[\"https:\\\/\\\/aliceblue-magpie-467488.hostingersite.com\\\/ca\\\/llibre\\\/ofelia-fementida\\\/\"]}]},{\"@type\":\"ImageObject\",\"inLanguage\":\"ca\",\"@id\":\"https:\\\/\\\/aliceblue-magpie-467488.hostingersite.com\\\/ca\\\/llibre\\\/ofelia-fementida\\\/#primaryimage\",\"url\":\"https:\\\/\\\/laertes.es\\\/wp-content\\\/uploads\\\/2023\\\/06\\\/KAP056.webp\",\"contentUrl\":\"https:\\\/\\\/laertes.es\\\/wp-content\\\/uploads\\\/2023\\\/06\\\/KAP056.webp\",\"width\":802,\"height\":1200,\"caption\":\"Ofelia fementida\"},{\"@type\":\"BreadcrumbList\",\"@id\":\"https:\\\/\\\/aliceblue-magpie-467488.hostingersite.com\\\/ca\\\/llibre\\\/ofelia-fementida\\\/#breadcrumb\",\"itemListElement\":[{\"@type\":\"ListItem\",\"position\":1,\"name\":\"Portada\",\"item\":\"https:\\\/\\\/aliceblue-magpie-467488.hostingersite.com\\\/ca\\\/\"},{\"@type\":\"ListItem\",\"position\":2,\"name\":\"Tienda\",\"item\":\"https:\\\/\\\/laertes.es\\\/tienda\\\/\"},{\"@type\":\"ListItem\",\"position\":3,\"name\":\"Ofelia fementida\"}]},{\"@type\":\"WebSite\",\"@id\":\"https:\\\/\\\/aliceblue-magpie-467488.hostingersite.com\\\/ca\\\/#website\",\"url\":\"https:\\\/\\\/aliceblue-magpie-467488.hostingersite.com\\\/ca\\\/\",\"name\":\"Laertes Ediciones\",\"description\":\"Editorial independiente desde 1975\",\"alternateName\":\"Laertes\",\"potentialAction\":[{\"@type\":\"SearchAction\",\"target\":{\"@type\":\"EntryPoint\",\"urlTemplate\":\"https:\\\/\\\/aliceblue-magpie-467488.hostingersite.com\\\/ca\\\/?s={search_term_string}\"},\"query-input\":{\"@type\":\"PropertyValueSpecification\",\"valueRequired\":true,\"valueName\":\"search_term_string\"}}],\"inLanguage\":\"ca\"}]}<\/script>\n<!-- \/ Yoast SEO plugin. -->","yoast_head_json":{"title":"Ofelia fementida | Laertes ediciones","description":"Ofelia fementida analiza la progresiva visualizaci\u00f3n y constituci\u00f3n visual del personaje literario en adaptaciones f\u00edlmicas.","robots":{"index":"index","follow":"follow","max-snippet":"max-snippet:-1","max-image-preview":"max-image-preview:large","max-video-preview":"max-video-preview:-1"},"canonical":"https:\/\/aliceblue-magpie-467488.hostingersite.com\/ca\/llibre\/ofelia-fementida\/","og_locale":"ca_ES","og_type":"article","og_title":"Ofelia fementida | Laertes ediciones","og_description":"Ofelia fementida analiza la progresiva visualizaci\u00f3n y constituci\u00f3n visual del personaje literario en adaptaciones f\u00edlmicas.","og_url":"https:\/\/aliceblue-magpie-467488.hostingersite.com\/ca\/llibre\/ofelia-fementida\/","og_site_name":"Laertes ediciones","article_modified_time":"2023-06-08T11:24:23+00:00","og_image":[{"width":802,"height":1200,"url":"https:\/\/aliceblue-magpie-467488.hostingersite.com\/wp-content\/uploads\/2023\/06\/KAP056.webp","type":"image\/webp"}],"schema":{"@context":"https:\/\/schema.org","@graph":[{"@type":"WebPage","@id":"https:\/\/aliceblue-magpie-467488.hostingersite.com\/ca\/llibre\/ofelia-fementida\/","url":"https:\/\/aliceblue-magpie-467488.hostingersite.com\/ca\/llibre\/ofelia-fementida\/","name":"Ofelia fementida | Laertes ediciones","isPartOf":{"@id":"https:\/\/aliceblue-magpie-467488.hostingersite.com\/ca\/#website"},"primaryImageOfPage":{"@id":"https:\/\/aliceblue-magpie-467488.hostingersite.com\/ca\/llibre\/ofelia-fementida\/#primaryimage"},"image":{"@id":"https:\/\/aliceblue-magpie-467488.hostingersite.com\/ca\/llibre\/ofelia-fementida\/#primaryimage"},"thumbnailUrl":"https:\/\/laertes.es\/wp-content\/uploads\/2023\/06\/KAP056.webp","datePublished":"2023-06-04T05:51:45+00:00","dateModified":"2023-06-08T11:24:23+00:00","description":"Ofelia fementida analiza la progresiva visualizaci\u00f3n y constituci\u00f3n visual del personaje literario en adaptaciones f\u00edlmicas.","breadcrumb":{"@id":"https:\/\/aliceblue-magpie-467488.hostingersite.com\/ca\/llibre\/ofelia-fementida\/#breadcrumb"},"inLanguage":"ca","potentialAction":[{"@type":"ReadAction","target":["https:\/\/aliceblue-magpie-467488.hostingersite.com\/ca\/llibre\/ofelia-fementida\/"]}]},{"@type":"ImageObject","inLanguage":"ca","@id":"https:\/\/aliceblue-magpie-467488.hostingersite.com\/ca\/llibre\/ofelia-fementida\/#primaryimage","url":"https:\/\/laertes.es\/wp-content\/uploads\/2023\/06\/KAP056.webp","contentUrl":"https:\/\/laertes.es\/wp-content\/uploads\/2023\/06\/KAP056.webp","width":802,"height":1200,"caption":"Ofelia fementida"},{"@type":"BreadcrumbList","@id":"https:\/\/aliceblue-magpie-467488.hostingersite.com\/ca\/llibre\/ofelia-fementida\/#breadcrumb","itemListElement":[{"@type":"ListItem","position":1,"name":"Portada","item":"https:\/\/aliceblue-magpie-467488.hostingersite.com\/ca\/"},{"@type":"ListItem","position":2,"name":"Tienda","item":"https:\/\/laertes.es\/tienda\/"},{"@type":"ListItem","position":3,"name":"Ofelia fementida"}]},{"@type":"WebSite","@id":"https:\/\/aliceblue-magpie-467488.hostingersite.com\/ca\/#website","url":"https:\/\/aliceblue-magpie-467488.hostingersite.com\/ca\/","name":"Laertes Ediciones","description":"Editorial independiente desde 1975","alternateName":"Laertes","potentialAction":[{"@type":"SearchAction","target":{"@type":"EntryPoint","urlTemplate":"https:\/\/aliceblue-magpie-467488.hostingersite.com\/ca\/?s={search_term_string}"},"query-input":{"@type":"PropertyValueSpecification","valueRequired":true,"valueName":"search_term_string"}}],"inLanguage":"ca"}]}},"_links":{"self":[{"href":"https:\/\/laertes.es\/ca\/wp-json\/wp\/v2\/product\/14259","targetHints":{"allow":["GET"]}}],"collection":[{"href":"https:\/\/laertes.es\/ca\/wp-json\/wp\/v2\/product"}],"about":[{"href":"https:\/\/laertes.es\/ca\/wp-json\/wp\/v2\/types\/product"}],"version-history":[{"count":2,"href":"https:\/\/laertes.es\/ca\/wp-json\/wp\/v2\/product\/14259\/revisions"}],"predecessor-version":[{"id":14481,"href":"https:\/\/laertes.es\/ca\/wp-json\/wp\/v2\/product\/14259\/revisions\/14481"}],"wp:featuredmedia":[{"embeddable":true,"href":"https:\/\/laertes.es\/ca\/wp-json\/wp\/v2\/media\/14478"}],"wp:attachment":[{"href":"https:\/\/laertes.es\/ca\/wp-json\/wp\/v2\/media?parent=14259"}],"wp:term":[{"taxonomy":"product_brand","embeddable":true,"href":"https:\/\/laertes.es\/ca\/wp-json\/wp\/v2\/product_brand?post=14259"},{"taxonomy":"product_cat","embeddable":true,"href":"https:\/\/laertes.es\/ca\/wp-json\/wp\/v2\/product_cat?post=14259"},{"taxonomy":"product_tag","embeddable":true,"href":"https:\/\/laertes.es\/ca\/wp-json\/wp\/v2\/product_tag?post=14259"},{"taxonomy":"autores","embeddable":true,"href":"https:\/\/laertes.es\/ca\/wp-json\/wp\/v2\/autores?post=14259"},{"taxonomy":"formatos","embeddable":true,"href":"https:\/\/laertes.es\/ca\/wp-json\/wp\/v2\/formatos?post=14259"},{"taxonomy":"materias","embeddable":true,"href":"https:\/\/laertes.es\/ca\/wp-json\/wp\/v2\/materias?post=14259"}],"curies":[{"name":"wp","href":"https:\/\/api.w.org\/{rel}","templated":true}]}}