{"id":14053,"date":"2023-05-19T16:23:57","date_gmt":"2023-05-19T16:23:57","guid":{"rendered":"https:\/?post_type=product&#038;p=14053"},"modified":"2023-06-08T09:07:48","modified_gmt":"2023-06-08T09:07:48","slug":"atenas","status":"publish","type":"product","link":"https:\/\/laertes.es\/ca\/libro\/atenas\/","title":{"rendered":"Atenas"},"content":{"rendered":"<p>Atenas<\/p>\n<p>Atenas, cuna de la democracia europea, es arte, sol, cultura mediterr\u00e1nea, buena comida. El nuevo museo de la Acr\u00f3polis es uno de los mejores del mundo, el barrio de Plaka un lugar de ensue\u00f1o para los que quieren perderse en un t\u00edpico mercadillo balc\u00e1nico&#8230; Recordemos a Teseo, a Pericles y a Fidias&#8230; Volemos hacia esa ciudad tan nuestra en todos los sentidos que siempre sabr\u00e1 darnos sorpresas agradables. Atenas, cuna de la democracia europea, es arte, sol, cultura mediterr\u00e1nea, buena comida. El nuevo museo de la Acr\u00f3polis es uno de los mejores del mundo, el barrio de Plaka un lugar de ensue\u00f1o para los que quieren perderse en un t\u00edpico mercadillo balc\u00e1nico&#8230; Recordemos a Teseo, a Pericles y a Fidias&#8230; Volemos hacia esa ciudad tan nuestra en todos los sentidos que siempre sabr\u00e1 darnos sorpresas agradables.<\/p>\n<p>Atenas, cuna de la democracia europea, es arte, sol, cultura mediterr\u00e1nea, buena comida. El nuevo museo de la Acr\u00f3polis es uno de los mejores del mundo, el barrio de Plaka un lugar de ensue\u00f1o para los que quieren perderse en un t\u00edpico mercadillo balc\u00e1nico&#8230; Recordemos a Teseo, a Pericles y a Fidias&#8230; Volemos hacia esa ciudad tan nuestra en todos los sentidos que siempre sabr\u00e1 darnos sorpresas agradables.Atenas, cuna de la democracia europea, es arte, sol, cultura mediterr\u00e1nea, buena comida. El nuevo museo de la Acr\u00f3polis es uno de los mejores del mundo, el barrio de Plaka un lugar de ensue\u00f1o para los que quieren perderse en un t\u00edpico mercadillo balc\u00e1nico&#8230; Recordemos a Teseo, a Pericles y a Fidias&#8230; Volemos hacia esa ciudad tan nuestra en todos los sentidos que siempre sabr\u00e1 darnos sorpresas agradables.<\/p>\n<p>Atenas, cuna de la democracia europea, es arte, sol, cultura mediterr\u00e1nea, buena comida. El nuevo museo de la Acr\u00f3polis es uno de los mejores del mundo, el barrio de Plaka un lugar de ensue\u00f1o para los que quieren perderse en un t\u00edpico mercadillo balc\u00e1nico&#8230; Recordemos a Teseo, a Pericles y a Fidias&#8230; Volemos hacia esa ciudad tan nuestra en todos los sentidos que siempre sabr\u00e1 darnos sorpresas agradables.<\/p>\n","protected":false},"excerpt":{"rendered":"<p>Atenas Atenas, cuna de la democracia europea, es arte, sol, cultura mediterr\u00e1nea, buena comida. El nuevo museo de la Acr\u00f3polis<\/p>\n","protected":false},"featured_media":14337,"template":"","meta":[],"product_brand":[],"product_cat":[344],"product_tag":[481,589,523,480,591,485],"autores":[649],"formatos":[355],"materias":[370,383],"class_list":{"0":"post-14053","1":"product","2":"type-product","3":"status-publish","4":"has-post-thumbnail","6":"product_cat-rumbo-a-ca","7":"product_tag-cronicas-de-viaje","8":"product_tag-grecia","9":"product_tag-guia-de-viajes","10":"product_tag-literatura-de-viajes","11":"product_tag-turismo","12":"product_tag-vacaciones","13":"autores-romero-garcia-eladi-ca","14":"formatos-llibre","15":"materias-guias-de-viajes-ca","16":"materias-turismo-ca","18":"first","19":"instock","20":"taxable","21":"shipping-taxable","22":"purchasable","23":"product-type-simple"},"yoast_head":"<!-- This site is optimized with the Yoast SEO plugin v27.3 - https:\/\/yoast.com\/product\/yoast-seo-wordpress\/ -->\n<title>Atenas | Laertes ediciones<\/title>\n<meta name=\"description\" content=\"Atenas, cuna de la democracia, es arte, sol, cultura mediterr\u00e1nea, buena comida. Volemos hacia esa ciudad que siempre sabr\u00e1 darnos sorpresas agradables.\" \/>\n<meta name=\"robots\" content=\"index, follow, max-snippet:-1, max-image-preview:large, max-video-preview:-1\" \/>\n<link rel=\"canonical\" href=\"https:\/\/laertes.es\/ca\/libro\/atenas\/\" \/>\n<meta property=\"og:locale\" content=\"ca_ES\" \/>\n<meta property=\"og:type\" content=\"article\" \/>\n<meta property=\"og:title\" content=\"Atenas | Laertes ediciones\" \/>\n<meta property=\"og:description\" content=\"Atenas, cuna de la democracia, es arte, sol, cultura mediterr\u00e1nea, buena comida. Volemos hacia esa ciudad que siempre sabr\u00e1 darnos sorpresas agradables.\" \/>\n<meta property=\"og:url\" content=\"https:\/\/laertes.es\/ca\/libro\/atenas\/\" \/>\n<meta property=\"og:site_name\" content=\"Laertes ediciones\" \/>\n<meta property=\"article:modified_time\" content=\"2023-06-08T09:07:48+00:00\" \/>\n<meta property=\"og:image\" content=\"https:\/\/laertes.es\/wp-content\/uploads\/2023\/05\/RUM083.webp\" \/>\n\t<meta property=\"og:image:width\" content=\"802\" \/>\n\t<meta property=\"og:image:height\" content=\"1200\" \/>\n\t<meta property=\"og:image:type\" content=\"image\/webp\" \/>\n<meta name=\"twitter:label1\" content=\"Temps estimat de lectura\" \/>\n\t<meta name=\"twitter:data1\" content=\"2 minuts\" \/>\n<script type=\"application\/ld+json\" class=\"yoast-schema-graph\">{\"@context\":\"https:\\\/\\\/schema.org\",\"@graph\":[{\"@type\":\"WebPage\",\"@id\":\"https:\\\/\\\/laertes.es\\\/ca\\\/libro\\\/atenas\\\/\",\"url\":\"https:\\\/\\\/laertes.es\\\/ca\\\/libro\\\/atenas\\\/\",\"name\":\"Atenas | Laertes ediciones\",\"isPartOf\":{\"@id\":\"https:\\\/\\\/aliceblue-magpie-467488.hostingersite.com\\\/ca\\\/#website\"},\"primaryImageOfPage\":{\"@id\":\"https:\\\/\\\/laertes.es\\\/ca\\\/libro\\\/atenas\\\/#primaryimage\"},\"image\":{\"@id\":\"https:\\\/\\\/laertes.es\\\/ca\\\/libro\\\/atenas\\\/#primaryimage\"},\"thumbnailUrl\":\"https:\\\/\\\/laertes.es\\\/wp-content\\\/uploads\\\/2023\\\/05\\\/RUM083.webp\",\"datePublished\":\"2023-05-19T16:23:57+00:00\",\"dateModified\":\"2023-06-08T09:07:48+00:00\",\"description\":\"Atenas, cuna de la democracia, es arte, sol, cultura mediterr\u00e1nea, buena comida. Volemos hacia esa ciudad que siempre sabr\u00e1 darnos sorpresas agradables.\",\"breadcrumb\":{\"@id\":\"https:\\\/\\\/laertes.es\\\/ca\\\/libro\\\/atenas\\\/#breadcrumb\"},\"inLanguage\":\"ca\",\"potentialAction\":[{\"@type\":\"ReadAction\",\"target\":[\"https:\\\/\\\/laertes.es\\\/ca\\\/libro\\\/atenas\\\/\"]}]},{\"@type\":\"ImageObject\",\"inLanguage\":\"ca\",\"@id\":\"https:\\\/\\\/laertes.es\\\/ca\\\/libro\\\/atenas\\\/#primaryimage\",\"url\":\"https:\\\/\\\/laertes.es\\\/wp-content\\\/uploads\\\/2023\\\/05\\\/RUM083.webp\",\"contentUrl\":\"https:\\\/\\\/laertes.es\\\/wp-content\\\/uploads\\\/2023\\\/05\\\/RUM083.webp\",\"width\":802,\"height\":1200,\"caption\":\"Atenas\"},{\"@type\":\"BreadcrumbList\",\"@id\":\"https:\\\/\\\/laertes.es\\\/ca\\\/libro\\\/atenas\\\/#breadcrumb\",\"itemListElement\":[{\"@type\":\"ListItem\",\"position\":1,\"name\":\"Portada\",\"item\":\"https:\\\/\\\/aliceblue-magpie-467488.hostingersite.com\\\/ca\\\/\"},{\"@type\":\"ListItem\",\"position\":2,\"name\":\"Tienda\",\"item\":\"https:\\\/\\\/laertes.es\\\/tienda\\\/\"},{\"@type\":\"ListItem\",\"position\":3,\"name\":\"Atenas\"}]},{\"@type\":\"WebSite\",\"@id\":\"https:\\\/\\\/aliceblue-magpie-467488.hostingersite.com\\\/ca\\\/#website\",\"url\":\"https:\\\/\\\/aliceblue-magpie-467488.hostingersite.com\\\/ca\\\/\",\"name\":\"Laertes Ediciones\",\"description\":\"Editorial independiente desde 1975\",\"alternateName\":\"Laertes\",\"potentialAction\":[{\"@type\":\"SearchAction\",\"target\":{\"@type\":\"EntryPoint\",\"urlTemplate\":\"https:\\\/\\\/aliceblue-magpie-467488.hostingersite.com\\\/ca\\\/?s={search_term_string}\"},\"query-input\":{\"@type\":\"PropertyValueSpecification\",\"valueRequired\":true,\"valueName\":\"search_term_string\"}}],\"inLanguage\":\"ca\"}]}<\/script>\n<!-- \/ Yoast SEO plugin. -->","yoast_head_json":{"title":"Atenas | Laertes ediciones","description":"Atenas, cuna de la democracia, es arte, sol, cultura mediterr\u00e1nea, buena comida. Volemos hacia esa ciudad que siempre sabr\u00e1 darnos sorpresas agradables.","robots":{"index":"index","follow":"follow","max-snippet":"max-snippet:-1","max-image-preview":"max-image-preview:large","max-video-preview":"max-video-preview:-1"},"canonical":"https:\/\/laertes.es\/ca\/libro\/atenas\/","og_locale":"ca_ES","og_type":"article","og_title":"Atenas | Laertes ediciones","og_description":"Atenas, cuna de la democracia, es arte, sol, cultura mediterr\u00e1nea, buena comida. Volemos hacia esa ciudad que siempre sabr\u00e1 darnos sorpresas agradables.","og_url":"https:\/\/laertes.es\/ca\/libro\/atenas\/","og_site_name":"Laertes ediciones","article_modified_time":"2023-06-08T09:07:48+00:00","og_image":[{"width":802,"height":1200,"url":"https:\/\/laertes.es\/wp-content\/uploads\/2023\/05\/RUM083.webp","type":"image\/webp"}],"twitter_misc":{"Temps estimat de lectura":"2 minuts"},"schema":{"@context":"https:\/\/schema.org","@graph":[{"@type":"WebPage","@id":"https:\/\/laertes.es\/ca\/libro\/atenas\/","url":"https:\/\/laertes.es\/ca\/libro\/atenas\/","name":"Atenas | Laertes ediciones","isPartOf":{"@id":"https:\/\/aliceblue-magpie-467488.hostingersite.com\/ca\/#website"},"primaryImageOfPage":{"@id":"https:\/\/laertes.es\/ca\/libro\/atenas\/#primaryimage"},"image":{"@id":"https:\/\/laertes.es\/ca\/libro\/atenas\/#primaryimage"},"thumbnailUrl":"https:\/\/laertes.es\/wp-content\/uploads\/2023\/05\/RUM083.webp","datePublished":"2023-05-19T16:23:57+00:00","dateModified":"2023-06-08T09:07:48+00:00","description":"Atenas, cuna de la democracia, es arte, sol, cultura mediterr\u00e1nea, buena comida. Volemos hacia esa ciudad que siempre sabr\u00e1 darnos sorpresas agradables.","breadcrumb":{"@id":"https:\/\/laertes.es\/ca\/libro\/atenas\/#breadcrumb"},"inLanguage":"ca","potentialAction":[{"@type":"ReadAction","target":["https:\/\/laertes.es\/ca\/libro\/atenas\/"]}]},{"@type":"ImageObject","inLanguage":"ca","@id":"https:\/\/laertes.es\/ca\/libro\/atenas\/#primaryimage","url":"https:\/\/laertes.es\/wp-content\/uploads\/2023\/05\/RUM083.webp","contentUrl":"https:\/\/laertes.es\/wp-content\/uploads\/2023\/05\/RUM083.webp","width":802,"height":1200,"caption":"Atenas"},{"@type":"BreadcrumbList","@id":"https:\/\/laertes.es\/ca\/libro\/atenas\/#breadcrumb","itemListElement":[{"@type":"ListItem","position":1,"name":"Portada","item":"https:\/\/aliceblue-magpie-467488.hostingersite.com\/ca\/"},{"@type":"ListItem","position":2,"name":"Tienda","item":"https:\/\/laertes.es\/tienda\/"},{"@type":"ListItem","position":3,"name":"Atenas"}]},{"@type":"WebSite","@id":"https:\/\/aliceblue-magpie-467488.hostingersite.com\/ca\/#website","url":"https:\/\/aliceblue-magpie-467488.hostingersite.com\/ca\/","name":"Laertes Ediciones","description":"Editorial independiente desde 1975","alternateName":"Laertes","potentialAction":[{"@type":"SearchAction","target":{"@type":"EntryPoint","urlTemplate":"https:\/\/aliceblue-magpie-467488.hostingersite.com\/ca\/?s={search_term_string}"},"query-input":{"@type":"PropertyValueSpecification","valueRequired":true,"valueName":"search_term_string"}}],"inLanguage":"ca"}]}},"_links":{"self":[{"href":"https:\/\/laertes.es\/ca\/wp-json\/wp\/v2\/product\/14053","targetHints":{"allow":["GET"]}}],"collection":[{"href":"https:\/\/laertes.es\/ca\/wp-json\/wp\/v2\/product"}],"about":[{"href":"https:\/\/laertes.es\/ca\/wp-json\/wp\/v2\/types\/product"}],"version-history":[{"count":3,"href":"https:\/\/laertes.es\/ca\/wp-json\/wp\/v2\/product\/14053\/revisions"}],"predecessor-version":[{"id":14339,"href":"https:\/\/laertes.es\/ca\/wp-json\/wp\/v2\/product\/14053\/revisions\/14339"}],"wp:featuredmedia":[{"embeddable":true,"href":"https:\/\/laertes.es\/ca\/wp-json\/wp\/v2\/media\/14337"}],"wp:attachment":[{"href":"https:\/\/laertes.es\/ca\/wp-json\/wp\/v2\/media?parent=14053"}],"wp:term":[{"taxonomy":"product_brand","embeddable":true,"href":"https:\/\/laertes.es\/ca\/wp-json\/wp\/v2\/product_brand?post=14053"},{"taxonomy":"product_cat","embeddable":true,"href":"https:\/\/laertes.es\/ca\/wp-json\/wp\/v2\/product_cat?post=14053"},{"taxonomy":"product_tag","embeddable":true,"href":"https:\/\/laertes.es\/ca\/wp-json\/wp\/v2\/product_tag?post=14053"},{"taxonomy":"autores","embeddable":true,"href":"https:\/\/laertes.es\/ca\/wp-json\/wp\/v2\/autores?post=14053"},{"taxonomy":"formatos","embeddable":true,"href":"https:\/\/laertes.es\/ca\/wp-json\/wp\/v2\/formatos?post=14053"},{"taxonomy":"materias","embeddable":true,"href":"https:\/\/laertes.es\/ca\/wp-json\/wp\/v2\/materias?post=14053"}],"curies":[{"name":"wp","href":"https:\/\/api.w.org\/{rel}","templated":true}]}}