{"id":13855,"date":"2023-05-13T15:16:25","date_gmt":"2023-05-13T15:16:25","guid":{"rendered":"https:\/libro\/primavera-al-montseny\/"},"modified":"2023-06-09T16:25:37","modified_gmt":"2023-06-09T16:25:37","slug":"primavera-al-montseny","status":"publish","type":"product","link":"https:\/\/laertes.es\/ca\/llibre\/primavera-al-montseny\/","title":{"rendered":"Primavera al Montseny"},"content":{"rendered":"<h1>Primavera al Montseny<\/h1>\n<p>Primavera al Montseny L&#8217;autor aixeca acta di\u00e0riament de les manifestacions d&#8217;una natura complexa, din\u00e0mica i constantment canviant. Ho fa de manera hol\u00edstica, ens mostra una natura, no separada dels humans, sin\u00f3 com un tot: natura i cultura com una manifestaci\u00f3 h\u00edbrida, en un aiguabarreig on la remor de fons \u00e9s essencialment humana&#8230;<\/p>\n<p>L&#8217;autor aixeca acta di\u00e0riament de les manifestacions d&#8217;una natura complexa, din\u00e0mica i constantment canviant. Ho fa de manera hol\u00edstica, ens mostra una natura, no separada dels humans, sin\u00f3 com un tot: natura i cultura com una manifestaci\u00f3 h\u00edbrida, en un aiguabarreig on la remor de fons \u00e9s essencialment humana&#8230;<\/p>\n<p>L&#8217;autor aixeca acta di\u00e0riament de les manifestacions d&#8217;una natura complexa, din\u00e0mica i constantment canviant. Ho fa de manera hol\u00edstica, ens mostra una natura, no separada dels humans, sin\u00f3 com un tot: natura i cultura com una manifestaci\u00f3 h\u00edbrida, en un aiguabarreig on la remor de fons \u00e9s essencialment humana&#8230;<\/p>\n<p>L&#8217;autor aixeca acta di\u00e0riament de les manifestacions d&#8217;una natura complexa, din\u00e0mica i constantment canviant. Ho fa de manera hol\u00edstica, ens mostra una natura, no separada dels humans, sin\u00f3 com un tot: natura i cultura com una manifestaci\u00f3 h\u00edbrida, en un aiguabarreig on la remor de fons \u00e9s essencialment humana&#8230;<\/p>\n<p>L&#8217;autor aixeca acta di\u00e0riament de les manifestacions d&#8217;una natura complexa, din\u00e0mica i constantment canviant. Ho fa de manera hol\u00edstica, ens mostra una natura, no separada dels humans, sin\u00f3 com un tot: natura i cultura com una manifestaci\u00f3 h\u00edbrida, en un aiguabarreig on la remor de fons \u00e9s essencialment humana&#8230;<\/p>\n<p>L&#8217;autor aixeca acta di\u00e0riament de les manifestacions d&#8217;una natura complexa, din\u00e0mica i constantment canviant. Ho fa de manera hol\u00edstica, ens mostra una natura, no separada dels humans, sin\u00f3 com un tot: natura i cultura com una manifestaci\u00f3 h\u00edbrida, en un aiguabarreig on la remor de fons \u00e9s essencialment humana&#8230;L&#8217;autor aixeca acta di\u00e0riament de les manifestacions d&#8217;una natura complexa, din\u00e0mica i constantment canviant. Ho fa de manera hol\u00edstica, ens mostra una natura, no separada dels humans, sin\u00f3 com un tot: natura i cultura com una manifestaci\u00f3 h\u00edbrida, en un aiguabarreig on la remor de fons \u00e9s essencialment humana&#8230;<\/p>\n","protected":false},"excerpt":{"rendered":"<p>Primavera al Montseny Primavera al Montseny L&#8217;autor aixeca acta di\u00e0riament de les manifestacions d&#8217;una natura complexa, din\u00e0mica i constantment canviant.<\/p>\n","protected":false},"featured_media":13959,"template":"","meta":[],"product_brand":[],"product_cat":[336],"product_tag":[1238,656,1228,1239,1231,1232,1233,1240],"autores":[1234],"formatos":[355],"materias":[378],"class_list":{"0":"post-13855","1":"product","2":"type-product","3":"status-publish","4":"has-post-thumbnail","6":"product_cat-laertes-catala-ca","7":"product_tag-conservacion-del-medio-ambiente-ca","8":"product_tag-educacion-ca","9":"product_tag-fauna-ca","10":"product_tag-flor-ca","11":"product_tag-medio-ambiente-ca","12":"product_tag-montseny-ca","13":"product_tag-naturaleza-ca","14":"product_tag-primavera-ca","15":"autores-boada-i-junca-marti-ca","16":"formatos-llibre","17":"materias-natura-ca","19":"first","20":"instock","21":"taxable","22":"shipping-taxable","23":"purchasable","24":"product-type-simple"},"yoast_head":"<!-- This site is optimized with the Yoast SEO plugin v27.3 - https:\/\/yoast.com\/product\/yoast-seo-wordpress\/ -->\n<title>Primavera al Montseny | Laertes ediciones<\/title>\n<meta name=\"description\" content=\"L&#039;autor aixeca acta di\u00e0riament de les manifestacions d&#039;una natura complexa, din\u00e0mica i constantment canviant. | Primavera al Montseny\" \/>\n<meta name=\"robots\" content=\"index, follow, max-snippet:-1, max-image-preview:large, max-video-preview:-1\" \/>\n<link rel=\"canonical\" href=\"https:\/\/laertes.es\/ca\/llibre\/primavera-al-montseny\/\" \/>\n<meta property=\"og:locale\" content=\"ca_ES\" \/>\n<meta property=\"og:type\" content=\"article\" \/>\n<meta property=\"og:title\" content=\"Primavera al Montseny | Laertes ediciones\" \/>\n<meta property=\"og:description\" content=\"L&#039;autor aixeca acta di\u00e0riament de les manifestacions d&#039;una natura complexa, din\u00e0mica i constantment canviant. | Primavera al Montseny\" \/>\n<meta property=\"og:url\" content=\"https:\/\/laertes.es\/ca\/llibre\/primavera-al-montseny\/\" \/>\n<meta property=\"og:site_name\" content=\"Laertes ediciones\" \/>\n<meta property=\"article:modified_time\" content=\"2023-06-09T16:25:37+00:00\" \/>\n<meta property=\"og:image\" content=\"https:\/\/laertes.es\/wp-content\/uploads\/2023\/05\/LAC036.webp\" \/>\n\t<meta property=\"og:image:width\" content=\"802\" \/>\n\t<meta property=\"og:image:height\" content=\"1200\" \/>\n\t<meta property=\"og:image:type\" content=\"image\/webp\" \/>\n<script type=\"application\/ld+json\" class=\"yoast-schema-graph\">{\"@context\":\"https:\\\/\\\/schema.org\",\"@graph\":[{\"@type\":\"WebPage\",\"@id\":\"https:\\\/\\\/laertes.es\\\/ca\\\/llibre\\\/primavera-al-montseny\\\/\",\"url\":\"https:\\\/\\\/laertes.es\\\/ca\\\/llibre\\\/primavera-al-montseny\\\/\",\"name\":\"Primavera al Montseny | Laertes ediciones\",\"isPartOf\":{\"@id\":\"https:\\\/\\\/aliceblue-magpie-467488.hostingersite.com\\\/ca\\\/#website\"},\"primaryImageOfPage\":{\"@id\":\"https:\\\/\\\/laertes.es\\\/ca\\\/llibre\\\/primavera-al-montseny\\\/#primaryimage\"},\"image\":{\"@id\":\"https:\\\/\\\/laertes.es\\\/ca\\\/llibre\\\/primavera-al-montseny\\\/#primaryimage\"},\"thumbnailUrl\":\"https:\\\/\\\/laertes.es\\\/wp-content\\\/uploads\\\/2023\\\/05\\\/LAC036.webp\",\"datePublished\":\"2023-05-13T15:16:25+00:00\",\"dateModified\":\"2023-06-09T16:25:37+00:00\",\"description\":\"L'autor aixeca acta di\u00e0riament de les manifestacions d'una natura complexa, din\u00e0mica i constantment canviant. | Primavera al Montseny\",\"breadcrumb\":{\"@id\":\"https:\\\/\\\/laertes.es\\\/ca\\\/llibre\\\/primavera-al-montseny\\\/#breadcrumb\"},\"inLanguage\":\"ca\",\"potentialAction\":[{\"@type\":\"ReadAction\",\"target\":[\"https:\\\/\\\/laertes.es\\\/ca\\\/llibre\\\/primavera-al-montseny\\\/\"]}]},{\"@type\":\"ImageObject\",\"inLanguage\":\"ca\",\"@id\":\"https:\\\/\\\/laertes.es\\\/ca\\\/llibre\\\/primavera-al-montseny\\\/#primaryimage\",\"url\":\"https:\\\/\\\/laertes.es\\\/wp-content\\\/uploads\\\/2023\\\/05\\\/LAC036.webp\",\"contentUrl\":\"https:\\\/\\\/laertes.es\\\/wp-content\\\/uploads\\\/2023\\\/05\\\/LAC036.webp\",\"width\":802,\"height\":1200,\"caption\":\"Primavera al Montseny\"},{\"@type\":\"BreadcrumbList\",\"@id\":\"https:\\\/\\\/laertes.es\\\/ca\\\/llibre\\\/primavera-al-montseny\\\/#breadcrumb\",\"itemListElement\":[{\"@type\":\"ListItem\",\"position\":1,\"name\":\"Portada\",\"item\":\"https:\\\/\\\/aliceblue-magpie-467488.hostingersite.com\\\/ca\\\/\"},{\"@type\":\"ListItem\",\"position\":2,\"name\":\"Tienda\",\"item\":\"https:\\\/\\\/laertes.es\\\/tienda\\\/\"},{\"@type\":\"ListItem\",\"position\":3,\"name\":\"Primavera al Montseny\"}]},{\"@type\":\"WebSite\",\"@id\":\"https:\\\/\\\/aliceblue-magpie-467488.hostingersite.com\\\/ca\\\/#website\",\"url\":\"https:\\\/\\\/aliceblue-magpie-467488.hostingersite.com\\\/ca\\\/\",\"name\":\"Laertes Ediciones\",\"description\":\"Editorial independiente desde 1975\",\"alternateName\":\"Laertes\",\"potentialAction\":[{\"@type\":\"SearchAction\",\"target\":{\"@type\":\"EntryPoint\",\"urlTemplate\":\"https:\\\/\\\/aliceblue-magpie-467488.hostingersite.com\\\/ca\\\/?s={search_term_string}\"},\"query-input\":{\"@type\":\"PropertyValueSpecification\",\"valueRequired\":true,\"valueName\":\"search_term_string\"}}],\"inLanguage\":\"ca\"}]}<\/script>\n<!-- \/ Yoast SEO plugin. -->","yoast_head_json":{"title":"Primavera al Montseny | Laertes ediciones","description":"L'autor aixeca acta di\u00e0riament de les manifestacions d'una natura complexa, din\u00e0mica i constantment canviant. | Primavera al Montseny","robots":{"index":"index","follow":"follow","max-snippet":"max-snippet:-1","max-image-preview":"max-image-preview:large","max-video-preview":"max-video-preview:-1"},"canonical":"https:\/\/laertes.es\/ca\/llibre\/primavera-al-montseny\/","og_locale":"ca_ES","og_type":"article","og_title":"Primavera al Montseny | Laertes ediciones","og_description":"L'autor aixeca acta di\u00e0riament de les manifestacions d'una natura complexa, din\u00e0mica i constantment canviant. | Primavera al Montseny","og_url":"https:\/\/laertes.es\/ca\/llibre\/primavera-al-montseny\/","og_site_name":"Laertes ediciones","article_modified_time":"2023-06-09T16:25:37+00:00","og_image":[{"width":802,"height":1200,"url":"https:\/\/laertes.es\/wp-content\/uploads\/2023\/05\/LAC036.webp","type":"image\/webp"}],"schema":{"@context":"https:\/\/schema.org","@graph":[{"@type":"WebPage","@id":"https:\/\/laertes.es\/ca\/llibre\/primavera-al-montseny\/","url":"https:\/\/laertes.es\/ca\/llibre\/primavera-al-montseny\/","name":"Primavera al Montseny | Laertes ediciones","isPartOf":{"@id":"https:\/\/aliceblue-magpie-467488.hostingersite.com\/ca\/#website"},"primaryImageOfPage":{"@id":"https:\/\/laertes.es\/ca\/llibre\/primavera-al-montseny\/#primaryimage"},"image":{"@id":"https:\/\/laertes.es\/ca\/llibre\/primavera-al-montseny\/#primaryimage"},"thumbnailUrl":"https:\/\/laertes.es\/wp-content\/uploads\/2023\/05\/LAC036.webp","datePublished":"2023-05-13T15:16:25+00:00","dateModified":"2023-06-09T16:25:37+00:00","description":"L'autor aixeca acta di\u00e0riament de les manifestacions d'una natura complexa, din\u00e0mica i constantment canviant. | Primavera al Montseny","breadcrumb":{"@id":"https:\/\/laertes.es\/ca\/llibre\/primavera-al-montseny\/#breadcrumb"},"inLanguage":"ca","potentialAction":[{"@type":"ReadAction","target":["https:\/\/laertes.es\/ca\/llibre\/primavera-al-montseny\/"]}]},{"@type":"ImageObject","inLanguage":"ca","@id":"https:\/\/laertes.es\/ca\/llibre\/primavera-al-montseny\/#primaryimage","url":"https:\/\/laertes.es\/wp-content\/uploads\/2023\/05\/LAC036.webp","contentUrl":"https:\/\/laertes.es\/wp-content\/uploads\/2023\/05\/LAC036.webp","width":802,"height":1200,"caption":"Primavera al Montseny"},{"@type":"BreadcrumbList","@id":"https:\/\/laertes.es\/ca\/llibre\/primavera-al-montseny\/#breadcrumb","itemListElement":[{"@type":"ListItem","position":1,"name":"Portada","item":"https:\/\/aliceblue-magpie-467488.hostingersite.com\/ca\/"},{"@type":"ListItem","position":2,"name":"Tienda","item":"https:\/\/laertes.es\/tienda\/"},{"@type":"ListItem","position":3,"name":"Primavera al Montseny"}]},{"@type":"WebSite","@id":"https:\/\/aliceblue-magpie-467488.hostingersite.com\/ca\/#website","url":"https:\/\/aliceblue-magpie-467488.hostingersite.com\/ca\/","name":"Laertes Ediciones","description":"Editorial independiente desde 1975","alternateName":"Laertes","potentialAction":[{"@type":"SearchAction","target":{"@type":"EntryPoint","urlTemplate":"https:\/\/aliceblue-magpie-467488.hostingersite.com\/ca\/?s={search_term_string}"},"query-input":{"@type":"PropertyValueSpecification","valueRequired":true,"valueName":"search_term_string"}}],"inLanguage":"ca"}]}},"_links":{"self":[{"href":"https:\/\/laertes.es\/ca\/wp-json\/wp\/v2\/product\/13855","targetHints":{"allow":["GET"]}}],"collection":[{"href":"https:\/\/laertes.es\/ca\/wp-json\/wp\/v2\/product"}],"about":[{"href":"https:\/\/laertes.es\/ca\/wp-json\/wp\/v2\/types\/product"}],"version-history":[{"count":1,"href":"https:\/\/laertes.es\/ca\/wp-json\/wp\/v2\/product\/13855\/revisions"}],"predecessor-version":[{"id":13962,"href":"https:\/\/laertes.es\/ca\/wp-json\/wp\/v2\/product\/13855\/revisions\/13962"}],"wp:featuredmedia":[{"embeddable":true,"href":"https:\/\/laertes.es\/ca\/wp-json\/wp\/v2\/media\/13959"}],"wp:attachment":[{"href":"https:\/\/laertes.es\/ca\/wp-json\/wp\/v2\/media?parent=13855"}],"wp:term":[{"taxonomy":"product_brand","embeddable":true,"href":"https:\/\/laertes.es\/ca\/wp-json\/wp\/v2\/product_brand?post=13855"},{"taxonomy":"product_cat","embeddable":true,"href":"https:\/\/laertes.es\/ca\/wp-json\/wp\/v2\/product_cat?post=13855"},{"taxonomy":"product_tag","embeddable":true,"href":"https:\/\/laertes.es\/ca\/wp-json\/wp\/v2\/product_tag?post=13855"},{"taxonomy":"autores","embeddable":true,"href":"https:\/\/laertes.es\/ca\/wp-json\/wp\/v2\/autores?post=13855"},{"taxonomy":"formatos","embeddable":true,"href":"https:\/\/laertes.es\/ca\/wp-json\/wp\/v2\/formatos?post=13855"},{"taxonomy":"materias","embeddable":true,"href":"https:\/\/laertes.es\/ca\/wp-json\/wp\/v2\/materias?post=13855"}],"curies":[{"name":"wp","href":"https:\/\/api.w.org\/{rel}","templated":true}]}}