{"id":13821,"date":"2023-05-11T16:24:03","date_gmt":"2023-05-11T16:24:03","guid":{"rendered":"https:\/libro\/la-resaca\/"},"modified":"2023-05-16T07:25:16","modified_gmt":"2023-05-16T07:25:16","slug":"la-resaca","status":"publish","type":"product","link":"https:\/\/laertes.es\/ca\/llibre\/la-resaca\/","title":{"rendered":"La resaca"},"content":{"rendered":"<p>&#8220;La misma temperatura en Inglaterra no hubiera chocado en pleno est\u00edo, pero era cruelmente fr\u00eda para el Mar del Sur&#8230; Y aquellos tres hombres la sent\u00edan tambi\u00e9n y tiritaban. Llevaban livianas ropas de algod\u00f3n, las mismas en que hab\u00edan sudado por el d\u00eda, y aguantado los aguaceros tropicales; y para colmar su cuita, no hab\u00edan desayunado, hab\u00edan pasado por alto la comida y les hab\u00eda faltado la cena. Seg\u00fan la expresi\u00f3n corriente en el Mar del Sur, aquellos tres hombres estaban &#8216;sobre la playa&#8217;. La com\u00fan desgracia les hab\u00eda hecho juntarse, reconoci\u00e9ndose por los tres seres m\u00e1s miserables, de habla inglesa, en Tahit\u00ed; y m\u00e1s all\u00e1 de su miseria, cada uno de ellos apenas sab\u00eda nada de los otros dos, ni siquiera sus verdaderos nombres. Los tres hab\u00edan hecho un largo aprendizaje en su camino hacia la ruina&#8230;&#8221;<br \/>\n<strong>\u00a0 \u00a0 \u00a0<\/strong>Estos tres personajes, protagonistas de <em>La resaca<\/em>, \u00faltima obra publicada en vida de Robert L. Stevenson, tendr\u00e1n la oportunidad de abandonar una Tahit\u00ed inglesa, tripulando el <em>Farallone<\/em>, un barco a quien la peste ha dejado sin la tripulaci\u00f3n blanca, con destino a Sidney con un cargamento de champa\u00f1a, pero&#8230; Per\u00fa no est\u00e1 lejos y el champa\u00f1a es una tentaci\u00f3n demasiado fuerte&#8230;<\/p>\n<p>&#8220;La misma temperatura en Inglaterra no hubiera chocado en pleno est\u00edo, pero era cruelmente fr\u00eda para el Mar del Sur&#8230; Y aquellos tres hombres la sent\u00edan tambi\u00e9n y tiritaban. Llevaban livianas ropas de algod\u00f3n, las mismas en que hab\u00edan sudado por el d\u00eda, y aguantado los aguaceros tropicales; y para colmar su cuita, no hab\u00edan desayunado, hab\u00edan pasado por alto la comida y les hab\u00eda faltado la cena. Seg\u00fan la expresi\u00f3n corriente en el Mar del Sur, aquellos tres hombres estaban &#8216;sobre la playa&#8217;. La com\u00fan desgracia les hab\u00eda hecho juntarse, reconoci\u00e9ndose por los tres seres m\u00e1s miserables, de habla inglesa, en Tahit\u00ed; y m\u00e1s all\u00e1 de su miseria, cada uno de ellos apenas sab\u00eda nada de los otros dos, ni siquiera sus verdaderos nombres. Los tres hab\u00edan hecho un largo aprendizaje en su camino hacia la ruina&#8230;&#8221;<br \/>\n<strong>\u00a0 \u00a0 \u00a0<\/strong>Estos tres personajes, protagonistas de <em>La resaca<\/em>, \u00faltima obra publicada en vida de Robert L. Stevenson, tendr\u00e1n la oportunidad de abandonar una Tahit\u00ed inglesa, tripulando el <em>Farallone<\/em>, un barco a quien la peste ha dejado sin la tripulaci\u00f3n blanca, con destino a Sidney con un cargamento de champa\u00f1a, pero&#8230; Per\u00fa no est\u00e1 lejos y el champa\u00f1a es una tentaci\u00f3n demasiado fuerte&#8230;<\/p>\n","protected":false},"excerpt":{"rendered":"<p>&#8220;La misma temperatura en Inglaterra no hubiera chocado en pleno est\u00edo, pero era cruelmente fr\u00eda para el Mar del Sur&#8230;<\/p>\n","protected":false},"featured_media":13868,"template":"","meta":[],"product_brand":[],"product_cat":[327,338],"product_tag":[711,1204,1205,1206,1207],"autores":[409],"formatos":[355],"materias":[356,374],"class_list":{"0":"post-13821","1":"product","2":"type-product","3":"status-publish","4":"has-post-thumbnail","6":"product_cat-aventura-ca","7":"product_cat-otros-titulos-ca","8":"product_tag-aventura-ca","9":"product_tag-cuento-ca","10":"product_tag-literatura-ca","11":"product_tag-literatura-en-lengua-inglesa-ca","12":"product_tag-novela-ca","13":"autores-stevenson-robert-l-ca","14":"formatos-llibre","15":"materias-cuentos-clasicos-de-generos-fantasticos-ca","16":"materias-literatura-ca","18":"first","19":"instock","20":"taxable","21":"shipping-taxable","22":"purchasable","23":"product-type-simple"},"yoast_head":"<!-- This site is optimized with the Yoast SEO plugin v27.3 - https:\/\/yoast.com\/product\/yoast-seo-wordpress\/ -->\n<title>La resaca | Laertes ediciones<\/title>\n<meta name=\"description\" content=\"La resaca | La misma temperatura en Inglaterra no hubiera chocado en pleno est\u00edo, pero era cruelmente fr\u00eda para el Mar del Sur...\" \/>\n<meta name=\"robots\" content=\"index, follow, max-snippet:-1, max-image-preview:large, max-video-preview:-1\" \/>\n<link rel=\"canonical\" href=\"https:\/\/laertes.es\/ca\/llibre\/la-resaca\/\" \/>\n<meta property=\"og:locale\" content=\"ca_ES\" \/>\n<meta property=\"og:type\" content=\"article\" \/>\n<meta property=\"og:title\" content=\"La resaca | Laertes ediciones\" \/>\n<meta property=\"og:description\" content=\"La resaca | La misma temperatura en Inglaterra no hubiera chocado en pleno est\u00edo, pero era cruelmente fr\u00eda para el Mar del Sur...\" \/>\n<meta property=\"og:url\" content=\"https:\/\/laertes.es\/ca\/llibre\/la-resaca\/\" \/>\n<meta property=\"og:site_name\" content=\"Laertes ediciones\" \/>\n<meta property=\"article:modified_time\" content=\"2023-05-16T07:25:16+00:00\" \/>\n<meta property=\"og:image\" content=\"https:\/\/laertes.es\/wp-content\/uploads\/2023\/05\/resaca.webp\" \/>\n\t<meta property=\"og:image:width\" content=\"802\" \/>\n\t<meta property=\"og:image:height\" content=\"1200\" \/>\n\t<meta property=\"og:image:type\" content=\"image\/webp\" \/>\n<script type=\"application\/ld+json\" class=\"yoast-schema-graph\">{\"@context\":\"https:\\\/\\\/schema.org\",\"@graph\":[{\"@type\":\"WebPage\",\"@id\":\"https:\\\/\\\/laertes.es\\\/ca\\\/llibre\\\/la-resaca\\\/\",\"url\":\"https:\\\/\\\/laertes.es\\\/ca\\\/llibre\\\/la-resaca\\\/\",\"name\":\"La resaca | Laertes ediciones\",\"isPartOf\":{\"@id\":\"https:\\\/\\\/aliceblue-magpie-467488.hostingersite.com\\\/ca\\\/#website\"},\"primaryImageOfPage\":{\"@id\":\"https:\\\/\\\/laertes.es\\\/ca\\\/llibre\\\/la-resaca\\\/#primaryimage\"},\"image\":{\"@id\":\"https:\\\/\\\/laertes.es\\\/ca\\\/llibre\\\/la-resaca\\\/#primaryimage\"},\"thumbnailUrl\":\"https:\\\/\\\/laertes.es\\\/wp-content\\\/uploads\\\/2023\\\/05\\\/resaca.webp\",\"datePublished\":\"2023-05-11T16:24:03+00:00\",\"dateModified\":\"2023-05-16T07:25:16+00:00\",\"description\":\"La resaca | La misma temperatura en Inglaterra no hubiera chocado en pleno est\u00edo, pero era cruelmente fr\u00eda para el Mar del Sur...\",\"breadcrumb\":{\"@id\":\"https:\\\/\\\/laertes.es\\\/ca\\\/llibre\\\/la-resaca\\\/#breadcrumb\"},\"inLanguage\":\"ca\",\"potentialAction\":[{\"@type\":\"ReadAction\",\"target\":[\"https:\\\/\\\/laertes.es\\\/ca\\\/llibre\\\/la-resaca\\\/\"]}]},{\"@type\":\"ImageObject\",\"inLanguage\":\"ca\",\"@id\":\"https:\\\/\\\/laertes.es\\\/ca\\\/llibre\\\/la-resaca\\\/#primaryimage\",\"url\":\"https:\\\/\\\/laertes.es\\\/wp-content\\\/uploads\\\/2023\\\/05\\\/resaca.webp\",\"contentUrl\":\"https:\\\/\\\/laertes.es\\\/wp-content\\\/uploads\\\/2023\\\/05\\\/resaca.webp\",\"width\":802,\"height\":1200,\"caption\":\"La resaca\"},{\"@type\":\"BreadcrumbList\",\"@id\":\"https:\\\/\\\/laertes.es\\\/ca\\\/llibre\\\/la-resaca\\\/#breadcrumb\",\"itemListElement\":[{\"@type\":\"ListItem\",\"position\":1,\"name\":\"Portada\",\"item\":\"https:\\\/\\\/aliceblue-magpie-467488.hostingersite.com\\\/ca\\\/\"},{\"@type\":\"ListItem\",\"position\":2,\"name\":\"Tienda\",\"item\":\"https:\\\/\\\/laertes.es\\\/tienda\\\/\"},{\"@type\":\"ListItem\",\"position\":3,\"name\":\"La resaca\"}]},{\"@type\":\"WebSite\",\"@id\":\"https:\\\/\\\/aliceblue-magpie-467488.hostingersite.com\\\/ca\\\/#website\",\"url\":\"https:\\\/\\\/aliceblue-magpie-467488.hostingersite.com\\\/ca\\\/\",\"name\":\"Laertes Ediciones\",\"description\":\"Editorial independiente desde 1975\",\"alternateName\":\"Laertes\",\"potentialAction\":[{\"@type\":\"SearchAction\",\"target\":{\"@type\":\"EntryPoint\",\"urlTemplate\":\"https:\\\/\\\/aliceblue-magpie-467488.hostingersite.com\\\/ca\\\/?s={search_term_string}\"},\"query-input\":{\"@type\":\"PropertyValueSpecification\",\"valueRequired\":true,\"valueName\":\"search_term_string\"}}],\"inLanguage\":\"ca\"}]}<\/script>\n<!-- \/ Yoast SEO plugin. -->","yoast_head_json":{"title":"La resaca | Laertes ediciones","description":"La resaca | La misma temperatura en Inglaterra no hubiera chocado en pleno est\u00edo, pero era cruelmente fr\u00eda para el Mar del Sur...","robots":{"index":"index","follow":"follow","max-snippet":"max-snippet:-1","max-image-preview":"max-image-preview:large","max-video-preview":"max-video-preview:-1"},"canonical":"https:\/\/laertes.es\/ca\/llibre\/la-resaca\/","og_locale":"ca_ES","og_type":"article","og_title":"La resaca | Laertes ediciones","og_description":"La resaca | La misma temperatura en Inglaterra no hubiera chocado en pleno est\u00edo, pero era cruelmente fr\u00eda para el Mar del Sur...","og_url":"https:\/\/laertes.es\/ca\/llibre\/la-resaca\/","og_site_name":"Laertes ediciones","article_modified_time":"2023-05-16T07:25:16+00:00","og_image":[{"width":802,"height":1200,"url":"https:\/\/laertes.es\/wp-content\/uploads\/2023\/05\/resaca.webp","type":"image\/webp"}],"schema":{"@context":"https:\/\/schema.org","@graph":[{"@type":"WebPage","@id":"https:\/\/laertes.es\/ca\/llibre\/la-resaca\/","url":"https:\/\/laertes.es\/ca\/llibre\/la-resaca\/","name":"La resaca | Laertes ediciones","isPartOf":{"@id":"https:\/\/aliceblue-magpie-467488.hostingersite.com\/ca\/#website"},"primaryImageOfPage":{"@id":"https:\/\/laertes.es\/ca\/llibre\/la-resaca\/#primaryimage"},"image":{"@id":"https:\/\/laertes.es\/ca\/llibre\/la-resaca\/#primaryimage"},"thumbnailUrl":"https:\/\/laertes.es\/wp-content\/uploads\/2023\/05\/resaca.webp","datePublished":"2023-05-11T16:24:03+00:00","dateModified":"2023-05-16T07:25:16+00:00","description":"La resaca | La misma temperatura en Inglaterra no hubiera chocado en pleno est\u00edo, pero era cruelmente fr\u00eda para el Mar del Sur...","breadcrumb":{"@id":"https:\/\/laertes.es\/ca\/llibre\/la-resaca\/#breadcrumb"},"inLanguage":"ca","potentialAction":[{"@type":"ReadAction","target":["https:\/\/laertes.es\/ca\/llibre\/la-resaca\/"]}]},{"@type":"ImageObject","inLanguage":"ca","@id":"https:\/\/laertes.es\/ca\/llibre\/la-resaca\/#primaryimage","url":"https:\/\/laertes.es\/wp-content\/uploads\/2023\/05\/resaca.webp","contentUrl":"https:\/\/laertes.es\/wp-content\/uploads\/2023\/05\/resaca.webp","width":802,"height":1200,"caption":"La resaca"},{"@type":"BreadcrumbList","@id":"https:\/\/laertes.es\/ca\/llibre\/la-resaca\/#breadcrumb","itemListElement":[{"@type":"ListItem","position":1,"name":"Portada","item":"https:\/\/aliceblue-magpie-467488.hostingersite.com\/ca\/"},{"@type":"ListItem","position":2,"name":"Tienda","item":"https:\/\/laertes.es\/tienda\/"},{"@type":"ListItem","position":3,"name":"La resaca"}]},{"@type":"WebSite","@id":"https:\/\/aliceblue-magpie-467488.hostingersite.com\/ca\/#website","url":"https:\/\/aliceblue-magpie-467488.hostingersite.com\/ca\/","name":"Laertes Ediciones","description":"Editorial independiente desde 1975","alternateName":"Laertes","potentialAction":[{"@type":"SearchAction","target":{"@type":"EntryPoint","urlTemplate":"https:\/\/aliceblue-magpie-467488.hostingersite.com\/ca\/?s={search_term_string}"},"query-input":{"@type":"PropertyValueSpecification","valueRequired":true,"valueName":"search_term_string"}}],"inLanguage":"ca"}]}},"_links":{"self":[{"href":"https:\/\/laertes.es\/ca\/wp-json\/wp\/v2\/product\/13821","targetHints":{"allow":["GET"]}}],"collection":[{"href":"https:\/\/laertes.es\/ca\/wp-json\/wp\/v2\/product"}],"about":[{"href":"https:\/\/laertes.es\/ca\/wp-json\/wp\/v2\/types\/product"}],"version-history":[{"count":1,"href":"https:\/\/laertes.es\/ca\/wp-json\/wp\/v2\/product\/13821\/revisions"}],"predecessor-version":[{"id":13870,"href":"https:\/\/laertes.es\/ca\/wp-json\/wp\/v2\/product\/13821\/revisions\/13870"}],"wp:featuredmedia":[{"embeddable":true,"href":"https:\/\/laertes.es\/ca\/wp-json\/wp\/v2\/media\/13868"}],"wp:attachment":[{"href":"https:\/\/laertes.es\/ca\/wp-json\/wp\/v2\/media?parent=13821"}],"wp:term":[{"taxonomy":"product_brand","embeddable":true,"href":"https:\/\/laertes.es\/ca\/wp-json\/wp\/v2\/product_brand?post=13821"},{"taxonomy":"product_cat","embeddable":true,"href":"https:\/\/laertes.es\/ca\/wp-json\/wp\/v2\/product_cat?post=13821"},{"taxonomy":"product_tag","embeddable":true,"href":"https:\/\/laertes.es\/ca\/wp-json\/wp\/v2\/product_tag?post=13821"},{"taxonomy":"autores","embeddable":true,"href":"https:\/\/laertes.es\/ca\/wp-json\/wp\/v2\/autores?post=13821"},{"taxonomy":"formatos","embeddable":true,"href":"https:\/\/laertes.es\/ca\/wp-json\/wp\/v2\/formatos?post=13821"},{"taxonomy":"materias","embeddable":true,"href":"https:\/\/laertes.es\/ca\/wp-json\/wp\/v2\/materias?post=13821"}],"curies":[{"name":"wp","href":"https:\/\/api.w.org\/{rel}","templated":true}]}}