{"id":13776,"date":"2023-05-10T09:57:35","date_gmt":"2023-05-10T09:57:35","guid":{"rendered":"https:\/libro\/cuentos-de-soldados-y-civiles\/"},"modified":"2023-07-09T15:11:13","modified_gmt":"2023-07-09T15:11:13","slug":"cuentos-de-soldados-y-civiles","status":"publish","type":"product","link":"https:\/\/www.laertes.es\/ca\/llibre\/cuentos-de-soldados-y-civiles\/","title":{"rendered":"Cuentos de soldados y civiles"},"content":{"rendered":"<p>La edici\u00f3n m\u00e1s completa posible del conjunto de relatos <em>Cuentos de soldados y civiles<\/em>, del legendario escritor norteamericano Ambrose Bierce, con un interesant\u00edsimo prefacio del editor y traductor de esta obra, Emili Olcina.<br \/>\n<strong>\u00a0 \u00a0 \u00a0<\/strong> De un humor corrosivo solo comparable al de Wilde, eslab\u00f3n imprescindible entre Edgar Allan Poe y Lovecraft, Bierce ha pasado por m\u00e9ritos propios a la categor\u00eda de escritor de culto.<br \/>\n<strong>\u00a0 \u00a0 \u00a0<\/strong> Los paisajes y situaciones de esta obra son, en los cuentos de soldados, las escaramuzas, ejecuciones y guardias nocturnas. En los cuentos de civiles, los campamentos de buscadores de oro, los duelos, los cr\u00edmenes y los enfrentamientos tanto a fieras como a los entes fantasmales que acechan en la desolaci\u00f3n de los bosques y desiertos del Oeste americano.<br \/>\n<strong>\u00a0 \u00a0 \u00a0<\/strong> Todos los cuentos que conforman este libro est\u00e1n impregnados de un humor a menudo tan \u00e1cido y negro que no resulta f\u00e1cil percibirlo pero que existe. Lejos de los h\u00e9roes de una pieza de la \u00e9pica o la leyenda, los personajes de Bierce, encarados a retos casi sobrehumanos, como librar una guerra o adentrarse en inmensidades desconocidas, han de enfrentarse a fuerzas destructivas de su propio interior que hacen eco a los peligros exteriores que los envuelven.<\/p>\n<p>La edici\u00f3n m\u00e1s completa posible del conjunto de relatos <em>Cuentos de soldados y civiles<\/em>, del legendario escritor norteamericano Ambrose Bierce, con un interesant\u00edsimo prefacio del editor y traductor de esta obra, Emili Olcina.<br \/>\n<strong>\u00a0 \u00a0 \u00a0<\/strong> De un humor corrosivo solo comparable al de Wilde, eslab\u00f3n imprescindible entre Edgar Allan Poe y Lovecraft, Bierce ha pasado por m\u00e9ritos propios a la categor\u00eda de escritor de culto.<br \/>\n<strong>\u00a0 \u00a0 \u00a0<\/strong> Los paisajes y situaciones de esta obra son, en los cuentos de soldados, las escaramuzas, ejecuciones y guardias nocturnas. En los cuentos de civiles, los campamentos de buscadores de oro, los duelos, los cr\u00edmenes y los enfrentamientos tanto a fieras como a los entes fantasmales que acechan en la desolaci\u00f3n de los bosques y desiertos del Oeste americano.<br \/>\n<strong>\u00a0 \u00a0 \u00a0<\/strong> Todos los cuentos que conforman este libro est\u00e1n impregnados de un humor a menudo tan \u00e1cido y negro que no resulta f\u00e1cil percibirlo pero que existe. Lejos de los h\u00e9roes de una pieza de la \u00e9pica o la leyenda, los personajes de Bierce, encarados a retos casi sobrehumanos, como librar una guerra o adentrarse en inmensidades desconocidas, han de enfrentarse a fuerzas destructivas de su propio interior que hacen eco a los peligros exteriores que los envuelven.<\/p>\n","protected":false},"excerpt":{"rendered":"<p>La edici\u00f3n m\u00e1s completa posible del conjunto de relatos Cuentos de soldados y civiles, del legendario escritor norteamericano Ambrose Bierce,<\/p>\n","protected":false},"featured_media":13812,"template":"","meta":[],"product_brand":[],"product_cat":[327,338],"product_tag":[1196,711,1197,770,672,1198,1199],"autores":[408],"formatos":[355],"materias":[356,374],"class_list":{"0":"post-13776","1":"product","2":"type-product","3":"status-publish","4":"has-post-thumbnail","6":"product_cat-aventura-ca","7":"product_cat-otros-titulos-ca","8":"product_tag-america-del-norte-ca","9":"product_tag-aventura-ca","10":"product_tag-canada-ca","11":"product_tag-guerra-civil-ca","12":"product_tag-literatura-fantastica-ca","13":"product_tag-novela-de-combates-ca","14":"product_tag-novela-de-guerra-ca","15":"autores-bierce-ambrose-ca","16":"formatos-llibre","17":"materias-cuentos-clasicos-de-generos-fantasticos-ca","18":"materias-literatura-ca","20":"first","21":"instock","22":"taxable","23":"shipping-taxable","24":"purchasable","25":"product-type-simple"},"yoast_head":"<!-- This site is optimized with the Yoast SEO plugin v27.4 - https:\/\/yoast.com\/product\/yoast-seo-wordpress\/ -->\n<title>Cuentos de soldados y civiles | Laertes ediciones<\/title>\n<meta name=\"description\" content=\"La edici\u00f3n m\u00e1s completa posible del conjunto de relatos Cuentos de soldados y civiles, del legendario escritor norteamericano Ambrose Bierce.\" \/>\n<meta name=\"robots\" content=\"index, follow, max-snippet:-1, max-image-preview:large, max-video-preview:-1\" \/>\n<link rel=\"canonical\" href=\"https:\/\/www.laertes.es\/ca\/llibre\/cuentos-de-soldados-y-civiles\/\" \/>\n<meta property=\"og:locale\" content=\"ca_ES\" \/>\n<meta property=\"og:type\" content=\"article\" \/>\n<meta property=\"og:title\" content=\"Cuentos de soldados y civiles | Laertes ediciones\" \/>\n<meta property=\"og:description\" content=\"La edici\u00f3n m\u00e1s completa posible del conjunto de relatos Cuentos de soldados y civiles, del legendario escritor norteamericano Ambrose Bierce.\" \/>\n<meta property=\"og:url\" content=\"https:\/\/www.laertes.es\/ca\/llibre\/cuentos-de-soldados-y-civiles\/\" \/>\n<meta property=\"og:site_name\" content=\"Laertes ediciones\" \/>\n<meta property=\"article:modified_time\" content=\"2023-07-09T15:11:13+00:00\" \/>\n<meta property=\"og:image\" content=\"https:\/\/www.laertes.es\/wp-content\/uploads\/2023\/05\/civilesysoldados.webp\" \/>\n\t<meta property=\"og:image:width\" content=\"802\" \/>\n\t<meta property=\"og:image:height\" content=\"1200\" \/>\n\t<meta property=\"og:image:type\" content=\"image\/webp\" \/>\n<script type=\"application\/ld+json\" class=\"yoast-schema-graph\">{\"@context\":\"https:\\\/\\\/schema.org\",\"@graph\":[{\"@type\":\"WebPage\",\"@id\":\"https:\\\/\\\/www.laertes.es\\\/ca\\\/llibre\\\/cuentos-de-soldados-y-civiles\\\/\",\"url\":\"https:\\\/\\\/www.laertes.es\\\/ca\\\/llibre\\\/cuentos-de-soldados-y-civiles\\\/\",\"name\":\"Cuentos de soldados y civiles | Laertes ediciones\",\"isPartOf\":{\"@id\":\"https:\\\/\\\/www.laertes.es\\\/ca\\\/#website\"},\"primaryImageOfPage\":{\"@id\":\"https:\\\/\\\/www.laertes.es\\\/ca\\\/llibre\\\/cuentos-de-soldados-y-civiles\\\/#primaryimage\"},\"image\":{\"@id\":\"https:\\\/\\\/www.laertes.es\\\/ca\\\/llibre\\\/cuentos-de-soldados-y-civiles\\\/#primaryimage\"},\"thumbnailUrl\":\"https:\\\/\\\/www.laertes.es\\\/wp-content\\\/uploads\\\/2023\\\/05\\\/civilesysoldados.webp\",\"datePublished\":\"2023-05-10T09:57:35+00:00\",\"dateModified\":\"2023-07-09T15:11:13+00:00\",\"description\":\"La edici\u00f3n m\u00e1s completa posible del conjunto de relatos Cuentos de soldados y civiles, del legendario escritor norteamericano Ambrose Bierce.\",\"breadcrumb\":{\"@id\":\"https:\\\/\\\/www.laertes.es\\\/ca\\\/llibre\\\/cuentos-de-soldados-y-civiles\\\/#breadcrumb\"},\"inLanguage\":\"ca\",\"potentialAction\":[{\"@type\":\"ReadAction\",\"target\":[\"https:\\\/\\\/www.laertes.es\\\/ca\\\/llibre\\\/cuentos-de-soldados-y-civiles\\\/\"]}]},{\"@type\":\"ImageObject\",\"inLanguage\":\"ca\",\"@id\":\"https:\\\/\\\/www.laertes.es\\\/ca\\\/llibre\\\/cuentos-de-soldados-y-civiles\\\/#primaryimage\",\"url\":\"https:\\\/\\\/www.laertes.es\\\/wp-content\\\/uploads\\\/2023\\\/05\\\/civilesysoldados.webp\",\"contentUrl\":\"https:\\\/\\\/www.laertes.es\\\/wp-content\\\/uploads\\\/2023\\\/05\\\/civilesysoldados.webp\",\"width\":802,\"height\":1200,\"caption\":\"Cuentos de soldados y civiles\"},{\"@type\":\"BreadcrumbList\",\"@id\":\"https:\\\/\\\/www.laertes.es\\\/ca\\\/llibre\\\/cuentos-de-soldados-y-civiles\\\/#breadcrumb\",\"itemListElement\":[{\"@type\":\"ListItem\",\"position\":1,\"name\":\"Portada\",\"item\":\"https:\\\/\\\/www.laertes.es\\\/ca\\\/\"},{\"@type\":\"ListItem\",\"position\":2,\"name\":\"Tienda\",\"item\":\"https:\\\/\\\/www.laertes.es\\\/tienda\\\/\"},{\"@type\":\"ListItem\",\"position\":3,\"name\":\"Cuentos de soldados y civiles\"}]},{\"@type\":\"WebSite\",\"@id\":\"https:\\\/\\\/www.laertes.es\\\/ca\\\/#website\",\"url\":\"https:\\\/\\\/www.laertes.es\\\/ca\\\/\",\"name\":\"Laertes Ediciones\",\"description\":\"Editorial independiente desde 1975\",\"alternateName\":\"Laertes\",\"potentialAction\":[{\"@type\":\"SearchAction\",\"target\":{\"@type\":\"EntryPoint\",\"urlTemplate\":\"https:\\\/\\\/www.laertes.es\\\/ca\\\/?s={search_term_string}\"},\"query-input\":{\"@type\":\"PropertyValueSpecification\",\"valueRequired\":true,\"valueName\":\"search_term_string\"}}],\"inLanguage\":\"ca\"}]}<\/script>\n<!-- \/ Yoast SEO plugin. -->","yoast_head_json":{"title":"Cuentos de soldados y civiles | Laertes ediciones","description":"La edici\u00f3n m\u00e1s completa posible del conjunto de relatos Cuentos de soldados y civiles, del legendario escritor norteamericano Ambrose Bierce.","robots":{"index":"index","follow":"follow","max-snippet":"max-snippet:-1","max-image-preview":"max-image-preview:large","max-video-preview":"max-video-preview:-1"},"canonical":"https:\/\/www.laertes.es\/ca\/llibre\/cuentos-de-soldados-y-civiles\/","og_locale":"ca_ES","og_type":"article","og_title":"Cuentos de soldados y civiles | Laertes ediciones","og_description":"La edici\u00f3n m\u00e1s completa posible del conjunto de relatos Cuentos de soldados y civiles, del legendario escritor norteamericano Ambrose Bierce.","og_url":"https:\/\/www.laertes.es\/ca\/llibre\/cuentos-de-soldados-y-civiles\/","og_site_name":"Laertes ediciones","article_modified_time":"2023-07-09T15:11:13+00:00","og_image":[{"width":802,"height":1200,"url":"https:\/\/www.laertes.es\/wp-content\/uploads\/2023\/05\/civilesysoldados.webp","type":"image\/webp"}],"schema":{"@context":"https:\/\/schema.org","@graph":[{"@type":"WebPage","@id":"https:\/\/www.laertes.es\/ca\/llibre\/cuentos-de-soldados-y-civiles\/","url":"https:\/\/www.laertes.es\/ca\/llibre\/cuentos-de-soldados-y-civiles\/","name":"Cuentos de soldados y civiles | Laertes ediciones","isPartOf":{"@id":"https:\/\/www.laertes.es\/ca\/#website"},"primaryImageOfPage":{"@id":"https:\/\/www.laertes.es\/ca\/llibre\/cuentos-de-soldados-y-civiles\/#primaryimage"},"image":{"@id":"https:\/\/www.laertes.es\/ca\/llibre\/cuentos-de-soldados-y-civiles\/#primaryimage"},"thumbnailUrl":"https:\/\/www.laertes.es\/wp-content\/uploads\/2023\/05\/civilesysoldados.webp","datePublished":"2023-05-10T09:57:35+00:00","dateModified":"2023-07-09T15:11:13+00:00","description":"La edici\u00f3n m\u00e1s completa posible del conjunto de relatos Cuentos de soldados y civiles, del legendario escritor norteamericano Ambrose Bierce.","breadcrumb":{"@id":"https:\/\/www.laertes.es\/ca\/llibre\/cuentos-de-soldados-y-civiles\/#breadcrumb"},"inLanguage":"ca","potentialAction":[{"@type":"ReadAction","target":["https:\/\/www.laertes.es\/ca\/llibre\/cuentos-de-soldados-y-civiles\/"]}]},{"@type":"ImageObject","inLanguage":"ca","@id":"https:\/\/www.laertes.es\/ca\/llibre\/cuentos-de-soldados-y-civiles\/#primaryimage","url":"https:\/\/www.laertes.es\/wp-content\/uploads\/2023\/05\/civilesysoldados.webp","contentUrl":"https:\/\/www.laertes.es\/wp-content\/uploads\/2023\/05\/civilesysoldados.webp","width":802,"height":1200,"caption":"Cuentos de soldados y civiles"},{"@type":"BreadcrumbList","@id":"https:\/\/www.laertes.es\/ca\/llibre\/cuentos-de-soldados-y-civiles\/#breadcrumb","itemListElement":[{"@type":"ListItem","position":1,"name":"Portada","item":"https:\/\/www.laertes.es\/ca\/"},{"@type":"ListItem","position":2,"name":"Tienda","item":"https:\/\/www.laertes.es\/tienda\/"},{"@type":"ListItem","position":3,"name":"Cuentos de soldados y civiles"}]},{"@type":"WebSite","@id":"https:\/\/www.laertes.es\/ca\/#website","url":"https:\/\/www.laertes.es\/ca\/","name":"Laertes Ediciones","description":"Editorial independiente desde 1975","alternateName":"Laertes","potentialAction":[{"@type":"SearchAction","target":{"@type":"EntryPoint","urlTemplate":"https:\/\/www.laertes.es\/ca\/?s={search_term_string}"},"query-input":{"@type":"PropertyValueSpecification","valueRequired":true,"valueName":"search_term_string"}}],"inLanguage":"ca"}]}},"_links":{"self":[{"href":"https:\/\/www.laertes.es\/ca\/wp-json\/wp\/v2\/product\/13776","targetHints":{"allow":["GET"]}}],"collection":[{"href":"https:\/\/www.laertes.es\/ca\/wp-json\/wp\/v2\/product"}],"about":[{"href":"https:\/\/www.laertes.es\/ca\/wp-json\/wp\/v2\/types\/product"}],"version-history":[{"count":1,"href":"https:\/\/www.laertes.es\/ca\/wp-json\/wp\/v2\/product\/13776\/revisions"}],"predecessor-version":[{"id":13814,"href":"https:\/\/www.laertes.es\/ca\/wp-json\/wp\/v2\/product\/13776\/revisions\/13814"}],"wp:featuredmedia":[{"embeddable":true,"href":"https:\/\/www.laertes.es\/ca\/wp-json\/wp\/v2\/media\/13812"}],"wp:attachment":[{"href":"https:\/\/www.laertes.es\/ca\/wp-json\/wp\/v2\/media?parent=13776"}],"wp:term":[{"taxonomy":"product_brand","embeddable":true,"href":"https:\/\/www.laertes.es\/ca\/wp-json\/wp\/v2\/product_brand?post=13776"},{"taxonomy":"product_cat","embeddable":true,"href":"https:\/\/www.laertes.es\/ca\/wp-json\/wp\/v2\/product_cat?post=13776"},{"taxonomy":"product_tag","embeddable":true,"href":"https:\/\/www.laertes.es\/ca\/wp-json\/wp\/v2\/product_tag?post=13776"},{"taxonomy":"autores","embeddable":true,"href":"https:\/\/www.laertes.es\/ca\/wp-json\/wp\/v2\/autores?post=13776"},{"taxonomy":"formatos","embeddable":true,"href":"https:\/\/www.laertes.es\/ca\/wp-json\/wp\/v2\/formatos?post=13776"},{"taxonomy":"materias","embeddable":true,"href":"https:\/\/www.laertes.es\/ca\/wp-json\/wp\/v2\/materias?post=13776"}],"curies":[{"name":"wp","href":"https:\/\/api.w.org\/{rel}","templated":true}]}}