{"id":13762,"date":"2023-05-10T09:20:18","date_gmt":"2023-05-10T09:20:18","guid":{"rendered":"https:\/libro\/ver-smara-y-morir\/"},"modified":"2023-05-28T15:36:39","modified_gmt":"2023-05-28T15:36:39","slug":"ver-smara-y-morir","status":"publish","type":"product","link":"https:\/\/laertes.es\/ca\/llibre\/ver-smara-y-morir\/","title":{"rendered":"Ver Smara y morir"},"content":{"rendered":"<p>Ver Smara y morir En la bisagra entre los siglos XIX y XX y en pleno S\u00e1hara Occidental, un personaje legendario llamado Ma el Ainin, que se caracteriz\u00f3 por su oposici\u00f3n a la penetraci\u00f3n europea, construy\u00f3 la alcazaba de Smara con el fin de establecer un punto de apoyo en las rutas caravaneras. La escasa predisposici\u00f3n de la poblaci\u00f3n n\u00f3mada a sedentarizarse y la resuelta decisi\u00f3n de Francia y Espa\u00f1a a establecerse en el desierto hizo inviable la continuidad del proyecto y, a la muerte de su promotor, este qued\u00f3 abandonado. Hasta 1934, momento de la ocupaci\u00f3n efectiva por Espa\u00f1a de la zona, Smara permaneci\u00f3 en el olvido y solo fue visitada en 1913 por una columna francesa al mando del teniente coronel Mouret, que caus\u00f3 algunos destrozos, aunque no la destruy\u00f3 y, en 1930, por el aventurero Michel Vieuchange, con el apoyo, desde Marruecos, de su hermano Jean. Michel tom\u00f3 notas puntuales de su viaje que, tras su fallecimiento, fueron publicadas por su hermano. Inicialmente como cr\u00f3nicas period\u00edsticas y luego, en forma de libro, cuya primera edici\u00f3n prolog\u00f3 Paul Claudel. Laertes publica dichas cr\u00f3nicas que, por primera vez, aparecen traducidas al espa\u00f1ol y enriquecidas con notas aclaratorias por un saharaui. En la bisagra entre los siglos XIX y XX y en pleno S\u00e1hara Occidental, un personaje legendario llamado Ma el Ainin, que se caracteriz\u00f3 por su oposici\u00f3n a la penetraci\u00f3n europea, construy\u00f3 la alcazaba de Smara con el fin de establecer un punto de apoyo en las rutas caravaneras. La escasa predisposici\u00f3n de la poblaci\u00f3n n\u00f3mada a sedentarizarse y la resuelta decisi\u00f3n de Francia y Espa\u00f1a a establecerse en el desierto hizo inviable la continuidad del proyecto y, a la muerte de su promotor, este qued\u00f3 abandonado. Hasta 1934, momento de la ocupaci\u00f3n efectiva por Espa\u00f1a de la zona, Smara permaneci\u00f3 en el olvido y solo fue visitada en 1913 por una columna francesa al mando del teniente coronel Mouret, que caus\u00f3 algunos destrozos, aunque no la destruy\u00f3 y, en 1930, por el aventurero Michel Vieuchange, con el apoyo, desde Marruecos, de su hermano Jean. Michel tom\u00f3 notas puntuales de su viaje que, tras su fallecimiento, fueron publicadas por su hermano. Inicialmente como cr\u00f3nicas period\u00edsticas y luego, en forma de libro, cuya primera edici\u00f3n prolog\u00f3 Paul Claudel. Laertes publica dichas cr\u00f3nicas que, por primera vez, aparecen traducidas al espa\u00f1ol y enriquecidas con notas aclaratorias por un saharaui.<\/p>\n","protected":false},"excerpt":{"rendered":"<p>Ver Smara y morir En la bisagra entre los siglos XIX y XX y en pleno S\u00e1hara Occidental, un personaje<\/p>\n","protected":false},"featured_media":13975,"template":"","meta":[],"product_brand":[],"product_cat":[339],"product_tag":[711,756,1187,818,1188,771,641,1189,1190],"autores":[1191],"formatos":[355],"materias":[358,373,375],"class_list":{"0":"post-13762","1":"product","2":"type-product","3":"status-publish","4":"has-post-thumbnail","6":"product_cat-nan-shan-ca","7":"product_tag-aventura-ca","8":"product_tag-biografia-ca","9":"product_tag-colonia-espanola-ca","10":"product_tag-cronicas-de-viaje-ca","11":"product_tag-desierto-ca","12":"product_tag-historia-ca","13":"product_tag-literatura-de-viajes-ca","14":"product_tag-sahara-ca","15":"product_tag-sahara-occidental-ca","16":"autores-vieuchange-michel-ca","17":"formatos-llibre","18":"materias-antropologia-ca","19":"materias-historia-contemporanea-ca","20":"materias-literatura-de-viajes-ca","22":"first","23":"instock","24":"taxable","25":"shipping-taxable","26":"purchasable","27":"product-type-simple"},"yoast_head":"<!-- This site is optimized with the Yoast SEO plugin v27.3 - https:\/\/yoast.com\/product\/yoast-seo-wordpress\/ -->\n<title>Ver Smara y morir | Laertes ediciones<\/title>\n<meta name=\"description\" content=\"En la bisagra entre los siglos XIX y XX y en pleno S\u00e1hara Occidental, un personaje legendario llamado Ma el Ainin. | Ver Smara y morir\" \/>\n<meta name=\"robots\" content=\"index, follow, max-snippet:-1, max-image-preview:large, max-video-preview:-1\" \/>\n<link rel=\"canonical\" href=\"https:\/\/laertes.es\/llibre\/ver-smara-y-morir\/\" \/>\n<meta property=\"og:locale\" content=\"ca_ES\" \/>\n<meta property=\"og:type\" content=\"article\" \/>\n<meta property=\"og:title\" content=\"Ver Smara y morir | Laertes ediciones\" \/>\n<meta property=\"og:description\" content=\"En la bisagra entre los siglos XIX y XX y en pleno S\u00e1hara Occidental, un personaje legendario llamado Ma el Ainin. | Ver Smara y morir\" \/>\n<meta property=\"og:url\" content=\"https:\/\/laertes.es\/llibre\/ver-smara-y-morir\/\" \/>\n<meta property=\"og:site_name\" content=\"Laertes ediciones\" \/>\n<meta property=\"article:modified_time\" content=\"2023-05-28T15:36:39+00:00\" \/>\n<meta property=\"og:image\" content=\"https:\/\/laertes.es\/wp-content\/uploads\/2023\/05\/NAN085.webp\" \/>\n\t<meta property=\"og:image:width\" content=\"802\" \/>\n\t<meta property=\"og:image:height\" content=\"1200\" \/>\n\t<meta property=\"og:image:type\" content=\"image\/webp\" \/>\n<script type=\"application\/ld+json\" class=\"yoast-schema-graph\">{\"@context\":\"https:\\\/\\\/schema.org\",\"@graph\":[{\"@type\":\"WebPage\",\"@id\":\"https:\\\/\\\/laertes.es\\\/llibre\\\/ver-smara-y-morir\\\/\",\"url\":\"https:\\\/\\\/laertes.es\\\/llibre\\\/ver-smara-y-morir\\\/\",\"name\":\"Ver Smara y morir | Laertes ediciones\",\"isPartOf\":{\"@id\":\"https:\\\/\\\/aliceblue-magpie-467488.hostingersite.com\\\/ca\\\/#website\"},\"primaryImageOfPage\":{\"@id\":\"https:\\\/\\\/laertes.es\\\/llibre\\\/ver-smara-y-morir\\\/#primaryimage\"},\"image\":{\"@id\":\"https:\\\/\\\/laertes.es\\\/llibre\\\/ver-smara-y-morir\\\/#primaryimage\"},\"thumbnailUrl\":\"https:\\\/\\\/laertes.es\\\/wp-content\\\/uploads\\\/2023\\\/05\\\/NAN085.webp\",\"datePublished\":\"2023-05-10T09:20:18+00:00\",\"dateModified\":\"2023-05-28T15:36:39+00:00\",\"description\":\"En la bisagra entre los siglos XIX y XX y en pleno S\u00e1hara Occidental, un personaje legendario llamado Ma el Ainin. | Ver Smara y morir\",\"breadcrumb\":{\"@id\":\"https:\\\/\\\/laertes.es\\\/llibre\\\/ver-smara-y-morir\\\/#breadcrumb\"},\"inLanguage\":\"ca\",\"potentialAction\":[{\"@type\":\"ReadAction\",\"target\":[\"https:\\\/\\\/laertes.es\\\/llibre\\\/ver-smara-y-morir\\\/\"]}]},{\"@type\":\"ImageObject\",\"inLanguage\":\"ca\",\"@id\":\"https:\\\/\\\/laertes.es\\\/llibre\\\/ver-smara-y-morir\\\/#primaryimage\",\"url\":\"https:\\\/\\\/laertes.es\\\/wp-content\\\/uploads\\\/2023\\\/05\\\/NAN085.webp\",\"contentUrl\":\"https:\\\/\\\/laertes.es\\\/wp-content\\\/uploads\\\/2023\\\/05\\\/NAN085.webp\",\"width\":802,\"height\":1200,\"caption\":\"Ver Smara y morir\"},{\"@type\":\"BreadcrumbList\",\"@id\":\"https:\\\/\\\/laertes.es\\\/llibre\\\/ver-smara-y-morir\\\/#breadcrumb\",\"itemListElement\":[{\"@type\":\"ListItem\",\"position\":1,\"name\":\"Portada\",\"item\":\"https:\\\/\\\/aliceblue-magpie-467488.hostingersite.com\\\/ca\\\/\"},{\"@type\":\"ListItem\",\"position\":2,\"name\":\"Tienda\",\"item\":\"https:\\\/\\\/laertes.es\\\/tienda\\\/\"},{\"@type\":\"ListItem\",\"position\":3,\"name\":\"Ver Smara y morir\"}]},{\"@type\":\"WebSite\",\"@id\":\"https:\\\/\\\/aliceblue-magpie-467488.hostingersite.com\\\/ca\\\/#website\",\"url\":\"https:\\\/\\\/aliceblue-magpie-467488.hostingersite.com\\\/ca\\\/\",\"name\":\"Laertes Ediciones\",\"description\":\"Editorial independiente desde 1975\",\"alternateName\":\"Laertes\",\"potentialAction\":[{\"@type\":\"SearchAction\",\"target\":{\"@type\":\"EntryPoint\",\"urlTemplate\":\"https:\\\/\\\/aliceblue-magpie-467488.hostingersite.com\\\/ca\\\/?s={search_term_string}\"},\"query-input\":{\"@type\":\"PropertyValueSpecification\",\"valueRequired\":true,\"valueName\":\"search_term_string\"}}],\"inLanguage\":\"ca\"}]}<\/script>\n<!-- \/ Yoast SEO plugin. -->","yoast_head_json":{"title":"Ver Smara y morir | Laertes ediciones","description":"En la bisagra entre los siglos XIX y XX y en pleno S\u00e1hara Occidental, un personaje legendario llamado Ma el Ainin. | Ver Smara y morir","robots":{"index":"index","follow":"follow","max-snippet":"max-snippet:-1","max-image-preview":"max-image-preview:large","max-video-preview":"max-video-preview:-1"},"canonical":"https:\/\/laertes.es\/llibre\/ver-smara-y-morir\/","og_locale":"ca_ES","og_type":"article","og_title":"Ver Smara y morir | Laertes ediciones","og_description":"En la bisagra entre los siglos XIX y XX y en pleno S\u00e1hara Occidental, un personaje legendario llamado Ma el Ainin. | Ver Smara y morir","og_url":"https:\/\/laertes.es\/llibre\/ver-smara-y-morir\/","og_site_name":"Laertes ediciones","article_modified_time":"2023-05-28T15:36:39+00:00","og_image":[{"width":802,"height":1200,"url":"https:\/\/laertes.es\/wp-content\/uploads\/2023\/05\/NAN085.webp","type":"image\/webp"}],"schema":{"@context":"https:\/\/schema.org","@graph":[{"@type":"WebPage","@id":"https:\/\/laertes.es\/llibre\/ver-smara-y-morir\/","url":"https:\/\/laertes.es\/llibre\/ver-smara-y-morir\/","name":"Ver Smara y morir | Laertes ediciones","isPartOf":{"@id":"https:\/\/aliceblue-magpie-467488.hostingersite.com\/ca\/#website"},"primaryImageOfPage":{"@id":"https:\/\/laertes.es\/llibre\/ver-smara-y-morir\/#primaryimage"},"image":{"@id":"https:\/\/laertes.es\/llibre\/ver-smara-y-morir\/#primaryimage"},"thumbnailUrl":"https:\/\/laertes.es\/wp-content\/uploads\/2023\/05\/NAN085.webp","datePublished":"2023-05-10T09:20:18+00:00","dateModified":"2023-05-28T15:36:39+00:00","description":"En la bisagra entre los siglos XIX y XX y en pleno S\u00e1hara Occidental, un personaje legendario llamado Ma el Ainin. | Ver Smara y morir","breadcrumb":{"@id":"https:\/\/laertes.es\/llibre\/ver-smara-y-morir\/#breadcrumb"},"inLanguage":"ca","potentialAction":[{"@type":"ReadAction","target":["https:\/\/laertes.es\/llibre\/ver-smara-y-morir\/"]}]},{"@type":"ImageObject","inLanguage":"ca","@id":"https:\/\/laertes.es\/llibre\/ver-smara-y-morir\/#primaryimage","url":"https:\/\/laertes.es\/wp-content\/uploads\/2023\/05\/NAN085.webp","contentUrl":"https:\/\/laertes.es\/wp-content\/uploads\/2023\/05\/NAN085.webp","width":802,"height":1200,"caption":"Ver Smara y morir"},{"@type":"BreadcrumbList","@id":"https:\/\/laertes.es\/llibre\/ver-smara-y-morir\/#breadcrumb","itemListElement":[{"@type":"ListItem","position":1,"name":"Portada","item":"https:\/\/aliceblue-magpie-467488.hostingersite.com\/ca\/"},{"@type":"ListItem","position":2,"name":"Tienda","item":"https:\/\/laertes.es\/tienda\/"},{"@type":"ListItem","position":3,"name":"Ver Smara y morir"}]},{"@type":"WebSite","@id":"https:\/\/aliceblue-magpie-467488.hostingersite.com\/ca\/#website","url":"https:\/\/aliceblue-magpie-467488.hostingersite.com\/ca\/","name":"Laertes Ediciones","description":"Editorial independiente desde 1975","alternateName":"Laertes","potentialAction":[{"@type":"SearchAction","target":{"@type":"EntryPoint","urlTemplate":"https:\/\/aliceblue-magpie-467488.hostingersite.com\/ca\/?s={search_term_string}"},"query-input":{"@type":"PropertyValueSpecification","valueRequired":true,"valueName":"search_term_string"}}],"inLanguage":"ca"}]}},"_links":{"self":[{"href":"https:\/\/laertes.es\/ca\/wp-json\/wp\/v2\/product\/13762","targetHints":{"allow":["GET"]}}],"collection":[{"href":"https:\/\/laertes.es\/ca\/wp-json\/wp\/v2\/product"}],"about":[{"href":"https:\/\/laertes.es\/ca\/wp-json\/wp\/v2\/types\/product"}],"version-history":[{"count":1,"href":"https:\/\/laertes.es\/ca\/wp-json\/wp\/v2\/product\/13762\/revisions"}],"predecessor-version":[{"id":13977,"href":"https:\/\/laertes.es\/ca\/wp-json\/wp\/v2\/product\/13762\/revisions\/13977"}],"wp:featuredmedia":[{"embeddable":true,"href":"https:\/\/laertes.es\/ca\/wp-json\/wp\/v2\/media\/13975"}],"wp:attachment":[{"href":"https:\/\/laertes.es\/ca\/wp-json\/wp\/v2\/media?parent=13762"}],"wp:term":[{"taxonomy":"product_brand","embeddable":true,"href":"https:\/\/laertes.es\/ca\/wp-json\/wp\/v2\/product_brand?post=13762"},{"taxonomy":"product_cat","embeddable":true,"href":"https:\/\/laertes.es\/ca\/wp-json\/wp\/v2\/product_cat?post=13762"},{"taxonomy":"product_tag","embeddable":true,"href":"https:\/\/laertes.es\/ca\/wp-json\/wp\/v2\/product_tag?post=13762"},{"taxonomy":"autores","embeddable":true,"href":"https:\/\/laertes.es\/ca\/wp-json\/wp\/v2\/autores?post=13762"},{"taxonomy":"formatos","embeddable":true,"href":"https:\/\/laertes.es\/ca\/wp-json\/wp\/v2\/formatos?post=13762"},{"taxonomy":"materias","embeddable":true,"href":"https:\/\/laertes.es\/ca\/wp-json\/wp\/v2\/materias?post=13762"}],"curies":[{"name":"wp","href":"https:\/\/api.w.org\/{rel}","templated":true}]}}