{"id":13704,"date":"2023-05-09T06:10:21","date_gmt":"2023-05-09T06:10:21","guid":{"rendered":"https:\/libro\/la-hipotesis-del-cine\/"},"modified":"2023-06-09T16:22:48","modified_gmt":"2023-06-09T16:22:48","slug":"la-hipotesis-del-cine","status":"publish","type":"product","link":"https:\/\/www.laertes.es\/ca\/llibre\/la-hipotesis-del-cine\/","title":{"rendered":"La hip\u00f3tesis del cine"},"content":{"rendered":"<p>Este es un libro de intervenci\u00f3n, un libro que toma partido: por el cine y por la educaci\u00f3n, sostenido por la experiencia. Y tambi\u00e9n un libro que no renuncia a ofrecer propuestas concretas para una iniciaci\u00f3n a la pedagog\u00eda del cine. <em>La hip\u00f3tesis del cine<\/em> afirma que &#8220;no hay que olvidar que el cine es primero arte, que es tambi\u00e9n una cultura cada vez m\u00e1s amenazada por la amnesia, y que es finalmente un lenguaje y, como tal, necesita de un aprendizaje&#8221;. Pero, \u00bfqu\u00e9 tipo de aprendizaje? El arte tiene un lugar de excepci\u00f3n en la ense\u00f1anza, porque el arte no se ense\u00f1a, pero s\u00ed que se encuentra, s\u00ed que se experimenta. \u00bfC\u00f3mo favorecer en las escuelas el encuentro con el cine, la experiencia del cine? Una de las cuestiones principales que Alain Bergala enfrenta en este libro es c\u00f3mo introducir el cine como arte en el marco escolar, sabiendo al mismo tiempo que el arte es, y debe seguir siendo, un fermento de cambio profundo de las instituciones. \u00bfC\u00f3mo escoger las pel\u00edculas que se van a mostrar a los alumnos? \u00bfC\u00f3mo exponer a los ni\u00f1os al encuentro con el cine? \u00bfQu\u00e9 aporta el DVD? \u00bfSe debe hablar de cine y de televisi\u00f3n en las escuelas? La pedagog\u00eda del cine, \u00bfpasa necesariamente por situar a los alumnos en la posici\u00f3n de realizadores? \u00bfC\u00f3mo ser\u00eda un an\u00e1lisis de las pel\u00edculas orientado a iniciar en la creaci\u00f3n?<\/p>\n<p>Este es un libro de intervenci\u00f3n, un libro que toma partido: por el cine y por la educaci\u00f3n, sostenido por la experiencia. Y tambi\u00e9n un libro que no renuncia a ofrecer propuestas concretas para una iniciaci\u00f3n a la pedagog\u00eda del cine. <em>La hip\u00f3tesis del cine<\/em> afirma que &#8220;no hay que olvidar que el cine es primero arte, que es tambi\u00e9n una cultura cada vez m\u00e1s amenazada por la amnesia, y que es finalmente un lenguaje y, como tal, necesita de un aprendizaje&#8221;. Pero, \u00bfqu\u00e9 tipo de aprendizaje? El arte tiene un lugar de excepci\u00f3n en la ense\u00f1anza, porque el arte no se ense\u00f1a, pero s\u00ed que se encuentra, s\u00ed que se experimenta. \u00bfC\u00f3mo favorecer en las escuelas el encuentro con el cine, la experiencia del cine? Una de las cuestiones principales que Alain Bergala enfrenta en este libro es c\u00f3mo introducir el cine como arte en el marco escolar, sabiendo al mismo tiempo que el arte es, y debe seguir siendo, un fermento de cambio profundo de las instituciones. \u00bfC\u00f3mo escoger las pel\u00edculas que se van a mostrar a los alumnos? \u00bfC\u00f3mo exponer a los ni\u00f1os al encuentro con el cine? \u00bfQu\u00e9 aporta el DVD? \u00bfSe debe hablar de cine y de televisi\u00f3n en las escuelas? La pedagog\u00eda del cine, \u00bfpasa necesariamente por situar a los alumnos en la posici\u00f3n de realizadores? \u00bfC\u00f3mo ser\u00eda un an\u00e1lisis de las pel\u00edculas orientado a iniciar en la creaci\u00f3n?<\/p>\n","protected":false},"excerpt":{"rendered":"<p>Este es un libro de intervenci\u00f3n, un libro que toma partido: por el cine y por la educaci\u00f3n, sostenido por<\/p>\n","protected":false},"featured_media":13863,"template":"","meta":[],"product_brand":[],"product_cat":[330],"product_tag":[753,759,656,657,1144,865],"autores":[1145],"formatos":[355],"materias":[359,362,365],"class_list":{"0":"post-13704","1":"product","2":"type-product","3":"status-publish","4":"has-post-thumbnail","6":"product_cat-educacion-ca","7":"product_tag-cine-ca","8":"product_tag-cine-estilos-y-generos-ca","9":"product_tag-educacion-ca","10":"product_tag-ensayo-ca","11":"product_tag-filosofia-y-teoria-de-la-educacion-ca","12":"product_tag-formacion-profesional-ca","13":"autores-bergala-alain-ca","14":"formatos-llibre","15":"materias-arte-ca","16":"materias-cine-y-tv-ca","17":"materias-educacion-ca","19":"first","20":"instock","21":"taxable","22":"shipping-taxable","23":"purchasable","24":"product-type-simple"},"yoast_head":"<!-- This site is optimized with the Yoast SEO plugin v27.4 - https:\/\/yoast.com\/product\/yoast-seo-wordpress\/ -->\n<title>La hip\u00f3tesis del cine | Laertes ediciones<\/title>\n<meta name=\"description\" content=\"Este es un libro de intervenci\u00f3n, un libro que toma partido: por el cine y por la educaci\u00f3n, sostenido por la experiencia. | La hip\u00f3tesis del cine |\" \/>\n<meta name=\"robots\" content=\"index, follow, max-snippet:-1, max-image-preview:large, max-video-preview:-1\" \/>\n<link rel=\"canonical\" href=\"https:\/\/www.laertes.es\/ca\/llibre\/la-hipotesis-del-cine\/\" \/>\n<meta property=\"og:locale\" content=\"ca_ES\" \/>\n<meta property=\"og:type\" content=\"article\" \/>\n<meta property=\"og:title\" content=\"La hip\u00f3tesis del cine | Laertes ediciones\" \/>\n<meta property=\"og:description\" content=\"Este es un libro de intervenci\u00f3n, un libro que toma partido: por el cine y por la educaci\u00f3n, sostenido por la experiencia. | La hip\u00f3tesis del cine |\" \/>\n<meta property=\"og:url\" content=\"https:\/\/www.laertes.es\/ca\/llibre\/la-hipotesis-del-cine\/\" \/>\n<meta property=\"og:site_name\" content=\"Laertes ediciones\" \/>\n<meta property=\"article:modified_time\" content=\"2023-06-09T16:22:48+00:00\" \/>\n<meta property=\"og:image\" content=\"https:\/\/www.laertes.es\/wp-content\/uploads\/2023\/05\/EDU119.webp\" \/>\n\t<meta property=\"og:image:width\" content=\"802\" \/>\n\t<meta property=\"og:image:height\" content=\"1200\" \/>\n\t<meta property=\"og:image:type\" content=\"image\/webp\" \/>\n<script type=\"application\/ld+json\" class=\"yoast-schema-graph\">{\"@context\":\"https:\\\/\\\/schema.org\",\"@graph\":[{\"@type\":\"WebPage\",\"@id\":\"https:\\\/\\\/www.laertes.es\\\/ca\\\/llibre\\\/la-hipotesis-del-cine\\\/\",\"url\":\"https:\\\/\\\/www.laertes.es\\\/ca\\\/llibre\\\/la-hipotesis-del-cine\\\/\",\"name\":\"La hip\u00f3tesis del cine | Laertes ediciones\",\"isPartOf\":{\"@id\":\"https:\\\/\\\/www.laertes.es\\\/ca\\\/#website\"},\"primaryImageOfPage\":{\"@id\":\"https:\\\/\\\/www.laertes.es\\\/ca\\\/llibre\\\/la-hipotesis-del-cine\\\/#primaryimage\"},\"image\":{\"@id\":\"https:\\\/\\\/www.laertes.es\\\/ca\\\/llibre\\\/la-hipotesis-del-cine\\\/#primaryimage\"},\"thumbnailUrl\":\"https:\\\/\\\/www.laertes.es\\\/wp-content\\\/uploads\\\/2023\\\/05\\\/EDU119.webp\",\"datePublished\":\"2023-05-09T06:10:21+00:00\",\"dateModified\":\"2023-06-09T16:22:48+00:00\",\"description\":\"Este es un libro de intervenci\u00f3n, un libro que toma partido: por el cine y por la educaci\u00f3n, sostenido por la experiencia. | La hip\u00f3tesis del cine |\",\"breadcrumb\":{\"@id\":\"https:\\\/\\\/www.laertes.es\\\/ca\\\/llibre\\\/la-hipotesis-del-cine\\\/#breadcrumb\"},\"inLanguage\":\"ca\",\"potentialAction\":[{\"@type\":\"ReadAction\",\"target\":[\"https:\\\/\\\/www.laertes.es\\\/ca\\\/llibre\\\/la-hipotesis-del-cine\\\/\"]}]},{\"@type\":\"ImageObject\",\"inLanguage\":\"ca\",\"@id\":\"https:\\\/\\\/www.laertes.es\\\/ca\\\/llibre\\\/la-hipotesis-del-cine\\\/#primaryimage\",\"url\":\"https:\\\/\\\/www.laertes.es\\\/wp-content\\\/uploads\\\/2023\\\/05\\\/EDU119.webp\",\"contentUrl\":\"https:\\\/\\\/www.laertes.es\\\/wp-content\\\/uploads\\\/2023\\\/05\\\/EDU119.webp\",\"width\":802,\"height\":1200,\"caption\":\"La hip\u00f3tesis del cine\"},{\"@type\":\"BreadcrumbList\",\"@id\":\"https:\\\/\\\/www.laertes.es\\\/ca\\\/llibre\\\/la-hipotesis-del-cine\\\/#breadcrumb\",\"itemListElement\":[{\"@type\":\"ListItem\",\"position\":1,\"name\":\"Portada\",\"item\":\"https:\\\/\\\/www.laertes.es\\\/ca\\\/\"},{\"@type\":\"ListItem\",\"position\":2,\"name\":\"Tienda\",\"item\":\"https:\\\/\\\/www.laertes.es\\\/tienda\\\/\"},{\"@type\":\"ListItem\",\"position\":3,\"name\":\"La hip\u00f3tesis del cine\"}]},{\"@type\":\"WebSite\",\"@id\":\"https:\\\/\\\/www.laertes.es\\\/ca\\\/#website\",\"url\":\"https:\\\/\\\/www.laertes.es\\\/ca\\\/\",\"name\":\"Laertes Ediciones\",\"description\":\"Editorial independiente desde 1975\",\"alternateName\":\"Laertes\",\"potentialAction\":[{\"@type\":\"SearchAction\",\"target\":{\"@type\":\"EntryPoint\",\"urlTemplate\":\"https:\\\/\\\/www.laertes.es\\\/ca\\\/?s={search_term_string}\"},\"query-input\":{\"@type\":\"PropertyValueSpecification\",\"valueRequired\":true,\"valueName\":\"search_term_string\"}}],\"inLanguage\":\"ca\"}]}<\/script>\n<!-- \/ Yoast SEO plugin. -->","yoast_head_json":{"title":"La hip\u00f3tesis del cine | Laertes ediciones","description":"Este es un libro de intervenci\u00f3n, un libro que toma partido: por el cine y por la educaci\u00f3n, sostenido por la experiencia. | La hip\u00f3tesis del cine |","robots":{"index":"index","follow":"follow","max-snippet":"max-snippet:-1","max-image-preview":"max-image-preview:large","max-video-preview":"max-video-preview:-1"},"canonical":"https:\/\/www.laertes.es\/ca\/llibre\/la-hipotesis-del-cine\/","og_locale":"ca_ES","og_type":"article","og_title":"La hip\u00f3tesis del cine | Laertes ediciones","og_description":"Este es un libro de intervenci\u00f3n, un libro que toma partido: por el cine y por la educaci\u00f3n, sostenido por la experiencia. | La hip\u00f3tesis del cine |","og_url":"https:\/\/www.laertes.es\/ca\/llibre\/la-hipotesis-del-cine\/","og_site_name":"Laertes ediciones","article_modified_time":"2023-06-09T16:22:48+00:00","og_image":[{"width":802,"height":1200,"url":"https:\/\/www.laertes.es\/wp-content\/uploads\/2023\/05\/EDU119.webp","type":"image\/webp"}],"schema":{"@context":"https:\/\/schema.org","@graph":[{"@type":"WebPage","@id":"https:\/\/www.laertes.es\/ca\/llibre\/la-hipotesis-del-cine\/","url":"https:\/\/www.laertes.es\/ca\/llibre\/la-hipotesis-del-cine\/","name":"La hip\u00f3tesis del cine | Laertes ediciones","isPartOf":{"@id":"https:\/\/www.laertes.es\/ca\/#website"},"primaryImageOfPage":{"@id":"https:\/\/www.laertes.es\/ca\/llibre\/la-hipotesis-del-cine\/#primaryimage"},"image":{"@id":"https:\/\/www.laertes.es\/ca\/llibre\/la-hipotesis-del-cine\/#primaryimage"},"thumbnailUrl":"https:\/\/www.laertes.es\/wp-content\/uploads\/2023\/05\/EDU119.webp","datePublished":"2023-05-09T06:10:21+00:00","dateModified":"2023-06-09T16:22:48+00:00","description":"Este es un libro de intervenci\u00f3n, un libro que toma partido: por el cine y por la educaci\u00f3n, sostenido por la experiencia. | La hip\u00f3tesis del cine |","breadcrumb":{"@id":"https:\/\/www.laertes.es\/ca\/llibre\/la-hipotesis-del-cine\/#breadcrumb"},"inLanguage":"ca","potentialAction":[{"@type":"ReadAction","target":["https:\/\/www.laertes.es\/ca\/llibre\/la-hipotesis-del-cine\/"]}]},{"@type":"ImageObject","inLanguage":"ca","@id":"https:\/\/www.laertes.es\/ca\/llibre\/la-hipotesis-del-cine\/#primaryimage","url":"https:\/\/www.laertes.es\/wp-content\/uploads\/2023\/05\/EDU119.webp","contentUrl":"https:\/\/www.laertes.es\/wp-content\/uploads\/2023\/05\/EDU119.webp","width":802,"height":1200,"caption":"La hip\u00f3tesis del cine"},{"@type":"BreadcrumbList","@id":"https:\/\/www.laertes.es\/ca\/llibre\/la-hipotesis-del-cine\/#breadcrumb","itemListElement":[{"@type":"ListItem","position":1,"name":"Portada","item":"https:\/\/www.laertes.es\/ca\/"},{"@type":"ListItem","position":2,"name":"Tienda","item":"https:\/\/www.laertes.es\/tienda\/"},{"@type":"ListItem","position":3,"name":"La hip\u00f3tesis del cine"}]},{"@type":"WebSite","@id":"https:\/\/www.laertes.es\/ca\/#website","url":"https:\/\/www.laertes.es\/ca\/","name":"Laertes Ediciones","description":"Editorial independiente desde 1975","alternateName":"Laertes","potentialAction":[{"@type":"SearchAction","target":{"@type":"EntryPoint","urlTemplate":"https:\/\/www.laertes.es\/ca\/?s={search_term_string}"},"query-input":{"@type":"PropertyValueSpecification","valueRequired":true,"valueName":"search_term_string"}}],"inLanguage":"ca"}]}},"_links":{"self":[{"href":"https:\/\/www.laertes.es\/ca\/wp-json\/wp\/v2\/product\/13704","targetHints":{"allow":["GET"]}}],"collection":[{"href":"https:\/\/www.laertes.es\/ca\/wp-json\/wp\/v2\/product"}],"about":[{"href":"https:\/\/www.laertes.es\/ca\/wp-json\/wp\/v2\/types\/product"}],"version-history":[{"count":1,"href":"https:\/\/www.laertes.es\/ca\/wp-json\/wp\/v2\/product\/13704\/revisions"}],"predecessor-version":[{"id":13865,"href":"https:\/\/www.laertes.es\/ca\/wp-json\/wp\/v2\/product\/13704\/revisions\/13865"}],"wp:featuredmedia":[{"embeddable":true,"href":"https:\/\/www.laertes.es\/ca\/wp-json\/wp\/v2\/media\/13863"}],"wp:attachment":[{"href":"https:\/\/www.laertes.es\/ca\/wp-json\/wp\/v2\/media?parent=13704"}],"wp:term":[{"taxonomy":"product_brand","embeddable":true,"href":"https:\/\/www.laertes.es\/ca\/wp-json\/wp\/v2\/product_brand?post=13704"},{"taxonomy":"product_cat","embeddable":true,"href":"https:\/\/www.laertes.es\/ca\/wp-json\/wp\/v2\/product_cat?post=13704"},{"taxonomy":"product_tag","embeddable":true,"href":"https:\/\/www.laertes.es\/ca\/wp-json\/wp\/v2\/product_tag?post=13704"},{"taxonomy":"autores","embeddable":true,"href":"https:\/\/www.laertes.es\/ca\/wp-json\/wp\/v2\/autores?post=13704"},{"taxonomy":"formatos","embeddable":true,"href":"https:\/\/www.laertes.es\/ca\/wp-json\/wp\/v2\/formatos?post=13704"},{"taxonomy":"materias","embeddable":true,"href":"https:\/\/www.laertes.es\/ca\/wp-json\/wp\/v2\/materias?post=13704"}],"curies":[{"name":"wp","href":"https:\/\/api.w.org\/{rel}","templated":true}]}}