{"id":13276,"date":"2023-05-05T06:07:40","date_gmt":"2023-05-05T06:07:40","guid":{"rendered":"https:\/libro\/planilandia-2\/"},"modified":"2023-06-09T16:24:39","modified_gmt":"2023-06-09T16:24:39","slug":"planilandia-2","status":"publish","type":"product","link":"https:\/\/laertes.es\/ca\/llibre\/planilandia-2\/","title":{"rendered":"Planilandia"},"content":{"rendered":"<p style=\"text-align: justify\"><em>Planilandia<\/em><\/p>\n<p style=\"text-align: justify\">\u00bfC\u00f3mo ser\u00eda la existencia en un mundo de dos dimensiones? \u00bfY de una sola? \u00bfY de ninguna dimensi\u00f3n? Y, por encima de las tres dimensiones, \u00bfexisten espacios de 4, 5, 10 o m\u00e1s dimensiones? Y, si existen, \u00bfse puede conectar con ellos?<\/p>\n<p style=\"text-align: justify\">\u00a0 \u00a0En <em>Planilandia<\/em>, la fantas\u00eda matem\u00e1tica se entrecruza con otro g\u00e9nero: el de la s\u00e1tira social (en su variante de viajes imaginarios en clave c\u00f3mica, en la l\u00ednea de Rabelais o Swift). La cr\u00edtica social aqu\u00ed alcanza mucho m\u00e1s all\u00e1 de la sociedad victoriana que constitu\u00eda su blanco directo. La condici\u00f3n plana del mundo de <em>Planilandia<\/em>, y la consiguiente imposibilidad, para las figuras planas que lo habitan, de mirar hacia arriba o hacia abajo, funcionan como una eficaz met\u00e1fora para la representaci\u00f3n sat\u00edrica de la estrechez de miras de una sociedad regida por una elite satisfecha de s\u00ed misma, cuyo prestigio se basa en la desigualdad institucionalizada. Las posiciones de Edwin A. Abbott, favorables a la completa emancipaci\u00f3n de la mujer, a una igualdad universal de derechos c\u00edvicos cuya consecuci\u00f3n comportar\u00eda el derrocamiento de las capas sociales dirigentes, y a la instauraci\u00f3n de una democracia popular sustentada por el (entonces todav\u00eda lejano) sufragio universal, podr\u00edan ser suscritas desde las posiciones sociopol\u00edticas m\u00e1s avanzadas de la actualidad.<\/p>\n<p style=\"text-align: justify\">\u00a0 \u00a0Al cabo, pues, de m\u00e1s de un siglo de su primera publicaci\u00f3n, <em>Planilandia<\/em> es un imprescindible relato de desbordante ingenio matem\u00e1tico, al tiempo que aguda s\u00e1tira social.<\/p>\n<p>Edwin A. Abbott (1838-1926) se gradu\u00f3, en la Universi\u00addad de Cambridge, en Cl\u00e1sicas, Matem\u00e1ticas y Teolog\u00eda. Fue docente universitario y ejerci\u00f3 como te\u00f3logo y fil\u00f3logo (son magistrales sus estudios sobre el lenguaje de Shakespeare). Si bien escribi\u00f3 m\u00e1s de cincuenta libros, su fama descansa hoy, casi exclusivamente, en el \u00fanico que dedic\u00f3 al g\u00e9nero que ha hecho tambi\u00e9n famoso, con Alicia en el Pa\u00eds de las Maravillas (1865), a su contempor\u00e1neo Lewis Carroll: la fantas\u00eda matem\u00e1tica, o, seg\u00fan hoy suele preferirse, la cien\u00adcia-ficci\u00f3n matem\u00e1tica, un campo en el que Planilandia comparte con Alicia la condici\u00f3n de suprema obra maestra.<\/p>\n","protected":false},"excerpt":{"rendered":"<p>Planilandia \u00bfC\u00f3mo ser\u00eda la existencia en un mundo de dos dimensiones? \u00bfY de una sola? \u00bfY de ninguna dimensi\u00f3n? Y,<\/p>\n","protected":false},"featured_media":13287,"template":"","meta":[],"product_brand":[],"product_cat":[327,338],"product_tag":[711,945,946,947,948,949,740],"autores":[421],"formatos":[355],"materias":[356,374],"class_list":{"0":"post-13276","1":"product","2":"type-product","3":"status-publish","4":"has-post-thumbnail","6":"product_cat-aventura-ca","7":"product_cat-otros-titulos-ca","8":"product_tag-aventura-ca","9":"product_tag-ciencia-ficcion-ca","10":"product_tag-democracia-popular-ca","11":"product_tag-dimensiones-ca","12":"product_tag-emancipacion-de-la-mujer-ca","13":"product_tag-ensenanza-ca","14":"product_tag-matematicas-ca","15":"autores-abbott-edwin-a-ca","16":"formatos-llibre","17":"materias-cuentos-clasicos-de-generos-fantasticos-ca","18":"materias-literatura-ca","20":"first","21":"instock","22":"taxable","23":"shipping-taxable","24":"purchasable","25":"product-type-simple"},"yoast_head":"<!-- This site is optimized with the Yoast SEO plugin v27.3 - https:\/\/yoast.com\/product\/yoast-seo-wordpress\/ -->\n<title>Planilandia | Laertes ediciones Edwin A. Abbott, matem\u00e1ticas,<\/title>\n<meta name=\"description\" content=\"Planilandia \u00bfC\u00f3mo ser\u00eda la existencia en un mundo de dos dimensiones? \u00bfY de una sola? \u00bfY de ninguna dimensi\u00f3n? Y, \u00bfse puede conectar con ellos?\" \/>\n<meta name=\"robots\" content=\"index, follow, max-snippet:-1, max-image-preview:large, max-video-preview:-1\" \/>\n<link rel=\"canonical\" href=\"https:\/\/laertes.es\/ca\/llibre\/planilandia-2\/\" \/>\n<meta property=\"og:locale\" content=\"ca_ES\" \/>\n<meta property=\"og:type\" content=\"article\" \/>\n<meta property=\"og:title\" content=\"Planilandia | Laertes ediciones Edwin A. Abbott, matem\u00e1ticas,\" \/>\n<meta property=\"og:description\" content=\"Planilandia \u00bfC\u00f3mo ser\u00eda la existencia en un mundo de dos dimensiones? \u00bfY de una sola? \u00bfY de ninguna dimensi\u00f3n? Y, \u00bfse puede conectar con ellos?\" \/>\n<meta property=\"og:url\" content=\"https:\/\/laertes.es\/ca\/llibre\/planilandia-2\/\" \/>\n<meta property=\"og:site_name\" content=\"Laertes ediciones\" \/>\n<meta property=\"article:modified_time\" content=\"2023-06-09T16:24:39+00:00\" \/>\n<meta property=\"og:image\" content=\"https:\/\/laertes.es\/wp-content\/uploads\/2023\/05\/planilandia.webp\" \/>\n\t<meta property=\"og:image:width\" content=\"802\" \/>\n\t<meta property=\"og:image:height\" content=\"1200\" \/>\n\t<meta property=\"og:image:type\" content=\"image\/webp\" \/>\n<script type=\"application\/ld+json\" class=\"yoast-schema-graph\">{\"@context\":\"https:\\\/\\\/schema.org\",\"@graph\":[{\"@type\":\"WebPage\",\"@id\":\"https:\\\/\\\/laertes.es\\\/ca\\\/llibre\\\/planilandia-2\\\/\",\"url\":\"https:\\\/\\\/laertes.es\\\/ca\\\/llibre\\\/planilandia-2\\\/\",\"name\":\"Planilandia | Laertes ediciones Edwin A. Abbott, matem\u00e1ticas,\",\"isPartOf\":{\"@id\":\"https:\\\/\\\/aliceblue-magpie-467488.hostingersite.com\\\/ca\\\/#website\"},\"primaryImageOfPage\":{\"@id\":\"https:\\\/\\\/laertes.es\\\/ca\\\/llibre\\\/planilandia-2\\\/#primaryimage\"},\"image\":{\"@id\":\"https:\\\/\\\/laertes.es\\\/ca\\\/llibre\\\/planilandia-2\\\/#primaryimage\"},\"thumbnailUrl\":\"https:\\\/\\\/laertes.es\\\/wp-content\\\/uploads\\\/2023\\\/05\\\/planilandia.webp\",\"datePublished\":\"2023-05-05T06:07:40+00:00\",\"dateModified\":\"2023-06-09T16:24:39+00:00\",\"description\":\"Planilandia \u00bfC\u00f3mo ser\u00eda la existencia en un mundo de dos dimensiones? \u00bfY de una sola? \u00bfY de ninguna dimensi\u00f3n? Y, \u00bfse puede conectar con ellos?\",\"breadcrumb\":{\"@id\":\"https:\\\/\\\/laertes.es\\\/ca\\\/llibre\\\/planilandia-2\\\/#breadcrumb\"},\"inLanguage\":\"ca\",\"potentialAction\":[{\"@type\":\"ReadAction\",\"target\":[\"https:\\\/\\\/laertes.es\\\/ca\\\/llibre\\\/planilandia-2\\\/\"]}]},{\"@type\":\"ImageObject\",\"inLanguage\":\"ca\",\"@id\":\"https:\\\/\\\/laertes.es\\\/ca\\\/llibre\\\/planilandia-2\\\/#primaryimage\",\"url\":\"https:\\\/\\\/laertes.es\\\/wp-content\\\/uploads\\\/2023\\\/05\\\/planilandia.webp\",\"contentUrl\":\"https:\\\/\\\/laertes.es\\\/wp-content\\\/uploads\\\/2023\\\/05\\\/planilandia.webp\",\"width\":802,\"height\":1200,\"caption\":\"planilandia\"},{\"@type\":\"BreadcrumbList\",\"@id\":\"https:\\\/\\\/laertes.es\\\/ca\\\/llibre\\\/planilandia-2\\\/#breadcrumb\",\"itemListElement\":[{\"@type\":\"ListItem\",\"position\":1,\"name\":\"Portada\",\"item\":\"https:\\\/\\\/aliceblue-magpie-467488.hostingersite.com\\\/ca\\\/\"},{\"@type\":\"ListItem\",\"position\":2,\"name\":\"Tienda\",\"item\":\"https:\\\/\\\/laertes.es\\\/tienda\\\/\"},{\"@type\":\"ListItem\",\"position\":3,\"name\":\"Planilandia\"}]},{\"@type\":\"WebSite\",\"@id\":\"https:\\\/\\\/aliceblue-magpie-467488.hostingersite.com\\\/ca\\\/#website\",\"url\":\"https:\\\/\\\/aliceblue-magpie-467488.hostingersite.com\\\/ca\\\/\",\"name\":\"Laertes Ediciones\",\"description\":\"Editorial independiente desde 1975\",\"alternateName\":\"Laertes\",\"potentialAction\":[{\"@type\":\"SearchAction\",\"target\":{\"@type\":\"EntryPoint\",\"urlTemplate\":\"https:\\\/\\\/aliceblue-magpie-467488.hostingersite.com\\\/ca\\\/?s={search_term_string}\"},\"query-input\":{\"@type\":\"PropertyValueSpecification\",\"valueRequired\":true,\"valueName\":\"search_term_string\"}}],\"inLanguage\":\"ca\"}]}<\/script>\n<!-- \/ Yoast SEO plugin. -->","yoast_head_json":{"title":"Planilandia | Laertes ediciones Edwin A. Abbott, matem\u00e1ticas,","description":"Planilandia \u00bfC\u00f3mo ser\u00eda la existencia en un mundo de dos dimensiones? \u00bfY de una sola? \u00bfY de ninguna dimensi\u00f3n? Y, \u00bfse puede conectar con ellos?","robots":{"index":"index","follow":"follow","max-snippet":"max-snippet:-1","max-image-preview":"max-image-preview:large","max-video-preview":"max-video-preview:-1"},"canonical":"https:\/\/laertes.es\/ca\/llibre\/planilandia-2\/","og_locale":"ca_ES","og_type":"article","og_title":"Planilandia | Laertes ediciones Edwin A. Abbott, matem\u00e1ticas,","og_description":"Planilandia \u00bfC\u00f3mo ser\u00eda la existencia en un mundo de dos dimensiones? \u00bfY de una sola? \u00bfY de ninguna dimensi\u00f3n? Y, \u00bfse puede conectar con ellos?","og_url":"https:\/\/laertes.es\/ca\/llibre\/planilandia-2\/","og_site_name":"Laertes ediciones","article_modified_time":"2023-06-09T16:24:39+00:00","og_image":[{"width":802,"height":1200,"url":"https:\/\/laertes.es\/wp-content\/uploads\/2023\/05\/planilandia.webp","type":"image\/webp"}],"schema":{"@context":"https:\/\/schema.org","@graph":[{"@type":"WebPage","@id":"https:\/\/laertes.es\/ca\/llibre\/planilandia-2\/","url":"https:\/\/laertes.es\/ca\/llibre\/planilandia-2\/","name":"Planilandia | Laertes ediciones Edwin A. Abbott, matem\u00e1ticas,","isPartOf":{"@id":"https:\/\/aliceblue-magpie-467488.hostingersite.com\/ca\/#website"},"primaryImageOfPage":{"@id":"https:\/\/laertes.es\/ca\/llibre\/planilandia-2\/#primaryimage"},"image":{"@id":"https:\/\/laertes.es\/ca\/llibre\/planilandia-2\/#primaryimage"},"thumbnailUrl":"https:\/\/laertes.es\/wp-content\/uploads\/2023\/05\/planilandia.webp","datePublished":"2023-05-05T06:07:40+00:00","dateModified":"2023-06-09T16:24:39+00:00","description":"Planilandia \u00bfC\u00f3mo ser\u00eda la existencia en un mundo de dos dimensiones? \u00bfY de una sola? \u00bfY de ninguna dimensi\u00f3n? Y, \u00bfse puede conectar con ellos?","breadcrumb":{"@id":"https:\/\/laertes.es\/ca\/llibre\/planilandia-2\/#breadcrumb"},"inLanguage":"ca","potentialAction":[{"@type":"ReadAction","target":["https:\/\/laertes.es\/ca\/llibre\/planilandia-2\/"]}]},{"@type":"ImageObject","inLanguage":"ca","@id":"https:\/\/laertes.es\/ca\/llibre\/planilandia-2\/#primaryimage","url":"https:\/\/laertes.es\/wp-content\/uploads\/2023\/05\/planilandia.webp","contentUrl":"https:\/\/laertes.es\/wp-content\/uploads\/2023\/05\/planilandia.webp","width":802,"height":1200,"caption":"planilandia"},{"@type":"BreadcrumbList","@id":"https:\/\/laertes.es\/ca\/llibre\/planilandia-2\/#breadcrumb","itemListElement":[{"@type":"ListItem","position":1,"name":"Portada","item":"https:\/\/aliceblue-magpie-467488.hostingersite.com\/ca\/"},{"@type":"ListItem","position":2,"name":"Tienda","item":"https:\/\/laertes.es\/tienda\/"},{"@type":"ListItem","position":3,"name":"Planilandia"}]},{"@type":"WebSite","@id":"https:\/\/aliceblue-magpie-467488.hostingersite.com\/ca\/#website","url":"https:\/\/aliceblue-magpie-467488.hostingersite.com\/ca\/","name":"Laertes Ediciones","description":"Editorial independiente desde 1975","alternateName":"Laertes","potentialAction":[{"@type":"SearchAction","target":{"@type":"EntryPoint","urlTemplate":"https:\/\/aliceblue-magpie-467488.hostingersite.com\/ca\/?s={search_term_string}"},"query-input":{"@type":"PropertyValueSpecification","valueRequired":true,"valueName":"search_term_string"}}],"inLanguage":"ca"}]}},"_links":{"self":[{"href":"https:\/\/laertes.es\/ca\/wp-json\/wp\/v2\/product\/13276","targetHints":{"allow":["GET"]}}],"collection":[{"href":"https:\/\/laertes.es\/ca\/wp-json\/wp\/v2\/product"}],"about":[{"href":"https:\/\/laertes.es\/ca\/wp-json\/wp\/v2\/types\/product"}],"version-history":[{"count":2,"href":"https:\/\/laertes.es\/ca\/wp-json\/wp\/v2\/product\/13276\/revisions"}],"predecessor-version":[{"id":13304,"href":"https:\/\/laertes.es\/ca\/wp-json\/wp\/v2\/product\/13276\/revisions\/13304"}],"wp:featuredmedia":[{"embeddable":true,"href":"https:\/\/laertes.es\/ca\/wp-json\/wp\/v2\/media\/13287"}],"wp:attachment":[{"href":"https:\/\/laertes.es\/ca\/wp-json\/wp\/v2\/media?parent=13276"}],"wp:term":[{"taxonomy":"product_brand","embeddable":true,"href":"https:\/\/laertes.es\/ca\/wp-json\/wp\/v2\/product_brand?post=13276"},{"taxonomy":"product_cat","embeddable":true,"href":"https:\/\/laertes.es\/ca\/wp-json\/wp\/v2\/product_cat?post=13276"},{"taxonomy":"product_tag","embeddable":true,"href":"https:\/\/laertes.es\/ca\/wp-json\/wp\/v2\/product_tag?post=13276"},{"taxonomy":"autores","embeddable":true,"href":"https:\/\/laertes.es\/ca\/wp-json\/wp\/v2\/autores?post=13276"},{"taxonomy":"formatos","embeddable":true,"href":"https:\/\/laertes.es\/ca\/wp-json\/wp\/v2\/formatos?post=13276"},{"taxonomy":"materias","embeddable":true,"href":"https:\/\/laertes.es\/ca\/wp-json\/wp\/v2\/materias?post=13276"}],"curies":[{"name":"wp","href":"https:\/\/api.w.org\/{rel}","templated":true}]}}