{"id":13259,"date":"2023-05-04T14:54:04","date_gmt":"2023-05-04T14:54:04","guid":{"rendered":"https:\/libro\/la-cueva-de-ali-baba\/"},"modified":"2023-05-22T15:25:32","modified_gmt":"2023-05-22T15:25:32","slug":"la-cueva-de-ali-baba","status":"publish","type":"product","link":"https:\/\/laertes.es\/ca\/llibre\/la-cueva-de-ali-baba\/","title":{"rendered":"La cueva de Al\u00ed Bab\u00e1"},"content":{"rendered":"<h1>La cueva de Al\u00ed Bab\u00e1<\/h1>\n<p>C\u00f3modamente sentada entre exquisitas piezas de lana y seda, Ana M. Briongos supo apreciar los detalles ins\u00f3litos de la vida cotidiana de un pueblo que crece a su manera, mezclando de forma peculiar la tecnolog\u00eda m\u00e1s avanzada con la herencia de un pasado que impide a las mujeres ense\u00f1ar los tobillos y quitarse el pa\u00f1uelo en p\u00fablico. Su curiosidad y criterio a la hora de preguntar le permitieron entrar en la intimidad de las casas iran\u00edes, saborear unos platos donde los granos de arroz cortejan las especias m\u00e1s refinadas, y sorprenderse ante las costumbres que regulan la higiene personal.<br \/>\n<strong>\u00a0\u00a0\u00a0\u00a0<\/strong>El Ir\u00e1n del reformista presidente Jatam\u00ed visto desde una tienda &#8220;cueva de las maravillas&#8221; de alfombras del bazar de Isfah\u00e1n. Los j\u00f3venes, las familias, las feministas isl\u00e1micas, los n\u00f3madas bajtiar\u00eds, los iran\u00edes en California, los raperos persas, las fundaciones paraestatales, los entresijos del bazar, y mucho m\u00e1s. M\u00e1s all\u00e1 del t\u00f3pico y m\u00e1s ac\u00e1 de los prejuicios.<\/p>\n<p><em>La cueva de Al\u00ed Bab\u00e1<\/em><\/p>\n<p>C\u00f3modamente sentada entre exquisitas piezas de lana y seda, Ana M. Briongos supo apreciar los detalles ins\u00f3litos de la vida cotidiana de un pueblo que crece a su manera, mezclando de forma peculiar la tecnolog\u00eda m\u00e1s avanzada con la herencia de un pasado que impide a las mujeres ense\u00f1ar los tobillos y quitarse el pa\u00f1uelo en p\u00fablico. Su curiosidad y criterio a la hora de preguntar le permitieron entrar en la intimidad de las casas iran\u00edes, saborear unos platos donde los granos de arroz cortejan las especias m\u00e1s refinadas, y sorprenderse ante las costumbres que regulan la higiene personal.<br \/>\n<strong>\u00a0\u00a0\u00a0\u00a0<\/strong>El Ir\u00e1n del reformista presidente Jatam\u00ed visto desde una tienda &#8220;cueva de las maravillas&#8221; de alfombras del bazar de Isfah\u00e1n. Los j\u00f3venes, las familias, las feministas isl\u00e1micas, los n\u00f3madas bajtiar\u00eds, los iran\u00edes en California, los raperos persas, las fundaciones paraestatales, los entresijos del bazar, y mucho m\u00e1s. M\u00e1s all\u00e1 del t\u00f3pico y m\u00e1s ac\u00e1 de los prejuicios.<\/p>\n","protected":false},"excerpt":{"rendered":"<p>La cueva de Al\u00ed Bab\u00e1 C\u00f3modamente sentada entre exquisitas piezas de lana y seda, Ana M. Briongos supo apreciar los<\/p>\n","protected":false},"featured_media":13313,"template":"","meta":[],"product_brand":[],"product_cat":[339],"product_tag":[812,915,756,818,916,888,832,641,651,889,643],"autores":[879],"formatos":[355],"materias":[375,885],"class_list":{"0":"post-13259","1":"product","2":"type-product","3":"status-publish","4":"has-post-thumbnail","6":"product_cat-nan-shan-ca","7":"product_tag-antropologia-ca","8":"product_tag-bazar-irani-ca","9":"product_tag-biografia-ca","10":"product_tag-cronicas-de-viaje-ca","11":"product_tag-exploraciones-ca","12":"product_tag-iran-ca","13":"product_tag-literatura-contemporanea-espanola-ca","14":"product_tag-literatura-de-viajes-ca","15":"product_tag-memorias-ca","16":"product_tag-teheran-ca","17":"product_tag-viajes-ca","18":"autores-briongos-guadayol-ana-m-ca","19":"formatos-llibre","20":"materias-literatura-de-viajes-ca","21":"materias-memorias-ca","23":"first","24":"instock","25":"taxable","26":"shipping-taxable","27":"purchasable","28":"product-type-simple"},"yoast_head":"<!-- This site is optimized with the Yoast SEO plugin v27.3 - https:\/\/yoast.com\/product\/yoast-seo-wordpress\/ -->\n<title>La cueva de Al\u00ed Bab\u00e1 | Laertes ediciones<\/title>\n<meta name=\"description\" content=\"La cueva de Al\u00ed Bab\u00e1 C\u00f3modamente sentada entre exquisitas piezas de lana y seda, Ana M. Briongos supo apreciar los detalles ins\u00f3litos de la vida\" \/>\n<meta name=\"robots\" content=\"index, follow, max-snippet:-1, max-image-preview:large, max-video-preview:-1\" \/>\n<link rel=\"canonical\" href=\"https:\/\/laertes.es\/ca\/llibre\/la-cueva-de-ali-baba\/\" \/>\n<meta property=\"og:locale\" content=\"ca_ES\" \/>\n<meta property=\"og:type\" content=\"article\" \/>\n<meta property=\"og:title\" content=\"La cueva de Al\u00ed Bab\u00e1 | Laertes ediciones\" \/>\n<meta property=\"og:description\" content=\"La cueva de Al\u00ed Bab\u00e1 C\u00f3modamente sentada entre exquisitas piezas de lana y seda, Ana M. Briongos supo apreciar los detalles ins\u00f3litos de la vida\" \/>\n<meta property=\"og:url\" content=\"https:\/\/laertes.es\/ca\/llibre\/la-cueva-de-ali-baba\/\" \/>\n<meta property=\"og:site_name\" content=\"Laertes ediciones\" \/>\n<meta property=\"article:modified_time\" content=\"2023-05-22T15:25:32+00:00\" \/>\n<meta property=\"og:image\" content=\"https:\/\/laertes.es\/wp-content\/uploads\/2023\/05\/NAN084.webp\" \/>\n\t<meta property=\"og:image:width\" content=\"802\" \/>\n\t<meta property=\"og:image:height\" content=\"1200\" \/>\n\t<meta property=\"og:image:type\" content=\"image\/webp\" \/>\n<script type=\"application\/ld+json\" class=\"yoast-schema-graph\">{\"@context\":\"https:\\\/\\\/schema.org\",\"@graph\":[{\"@type\":\"WebPage\",\"@id\":\"https:\\\/\\\/laertes.es\\\/ca\\\/llibre\\\/la-cueva-de-ali-baba\\\/\",\"url\":\"https:\\\/\\\/laertes.es\\\/ca\\\/llibre\\\/la-cueva-de-ali-baba\\\/\",\"name\":\"La cueva de Al\u00ed Bab\u00e1 | Laertes ediciones\",\"isPartOf\":{\"@id\":\"https:\\\/\\\/aliceblue-magpie-467488.hostingersite.com\\\/ca\\\/#website\"},\"primaryImageOfPage\":{\"@id\":\"https:\\\/\\\/laertes.es\\\/ca\\\/llibre\\\/la-cueva-de-ali-baba\\\/#primaryimage\"},\"image\":{\"@id\":\"https:\\\/\\\/laertes.es\\\/ca\\\/llibre\\\/la-cueva-de-ali-baba\\\/#primaryimage\"},\"thumbnailUrl\":\"https:\\\/\\\/laertes.es\\\/wp-content\\\/uploads\\\/2023\\\/05\\\/NAN084.webp\",\"datePublished\":\"2023-05-04T14:54:04+00:00\",\"dateModified\":\"2023-05-22T15:25:32+00:00\",\"description\":\"La cueva de Al\u00ed Bab\u00e1 C\u00f3modamente sentada entre exquisitas piezas de lana y seda, Ana M. Briongos supo apreciar los detalles ins\u00f3litos de la vida\",\"breadcrumb\":{\"@id\":\"https:\\\/\\\/laertes.es\\\/ca\\\/llibre\\\/la-cueva-de-ali-baba\\\/#breadcrumb\"},\"inLanguage\":\"ca\",\"potentialAction\":[{\"@type\":\"ReadAction\",\"target\":[\"https:\\\/\\\/laertes.es\\\/ca\\\/llibre\\\/la-cueva-de-ali-baba\\\/\"]}]},{\"@type\":\"ImageObject\",\"inLanguage\":\"ca\",\"@id\":\"https:\\\/\\\/laertes.es\\\/ca\\\/llibre\\\/la-cueva-de-ali-baba\\\/#primaryimage\",\"url\":\"https:\\\/\\\/laertes.es\\\/wp-content\\\/uploads\\\/2023\\\/05\\\/NAN084.webp\",\"contentUrl\":\"https:\\\/\\\/laertes.es\\\/wp-content\\\/uploads\\\/2023\\\/05\\\/NAN084.webp\",\"width\":802,\"height\":1200,\"caption\":\"La cueva de Al\u00ed Bab\u00e1\"},{\"@type\":\"BreadcrumbList\",\"@id\":\"https:\\\/\\\/laertes.es\\\/ca\\\/llibre\\\/la-cueva-de-ali-baba\\\/#breadcrumb\",\"itemListElement\":[{\"@type\":\"ListItem\",\"position\":1,\"name\":\"Portada\",\"item\":\"https:\\\/\\\/aliceblue-magpie-467488.hostingersite.com\\\/ca\\\/\"},{\"@type\":\"ListItem\",\"position\":2,\"name\":\"Tienda\",\"item\":\"https:\\\/\\\/laertes.es\\\/tienda\\\/\"},{\"@type\":\"ListItem\",\"position\":3,\"name\":\"La cueva de Al\u00ed Bab\u00e1\"}]},{\"@type\":\"WebSite\",\"@id\":\"https:\\\/\\\/aliceblue-magpie-467488.hostingersite.com\\\/ca\\\/#website\",\"url\":\"https:\\\/\\\/aliceblue-magpie-467488.hostingersite.com\\\/ca\\\/\",\"name\":\"Laertes Ediciones\",\"description\":\"Editorial independiente desde 1975\",\"alternateName\":\"Laertes\",\"potentialAction\":[{\"@type\":\"SearchAction\",\"target\":{\"@type\":\"EntryPoint\",\"urlTemplate\":\"https:\\\/\\\/aliceblue-magpie-467488.hostingersite.com\\\/ca\\\/?s={search_term_string}\"},\"query-input\":{\"@type\":\"PropertyValueSpecification\",\"valueRequired\":true,\"valueName\":\"search_term_string\"}}],\"inLanguage\":\"ca\"}]}<\/script>\n<!-- \/ Yoast SEO plugin. -->","yoast_head_json":{"title":"La cueva de Al\u00ed Bab\u00e1 | Laertes ediciones","description":"La cueva de Al\u00ed Bab\u00e1 C\u00f3modamente sentada entre exquisitas piezas de lana y seda, Ana M. Briongos supo apreciar los detalles ins\u00f3litos de la vida","robots":{"index":"index","follow":"follow","max-snippet":"max-snippet:-1","max-image-preview":"max-image-preview:large","max-video-preview":"max-video-preview:-1"},"canonical":"https:\/\/laertes.es\/ca\/llibre\/la-cueva-de-ali-baba\/","og_locale":"ca_ES","og_type":"article","og_title":"La cueva de Al\u00ed Bab\u00e1 | Laertes ediciones","og_description":"La cueva de Al\u00ed Bab\u00e1 C\u00f3modamente sentada entre exquisitas piezas de lana y seda, Ana M. Briongos supo apreciar los detalles ins\u00f3litos de la vida","og_url":"https:\/\/laertes.es\/ca\/llibre\/la-cueva-de-ali-baba\/","og_site_name":"Laertes ediciones","article_modified_time":"2023-05-22T15:25:32+00:00","og_image":[{"width":802,"height":1200,"url":"https:\/\/laertes.es\/wp-content\/uploads\/2023\/05\/NAN084.webp","type":"image\/webp"}],"schema":{"@context":"https:\/\/schema.org","@graph":[{"@type":"WebPage","@id":"https:\/\/laertes.es\/ca\/llibre\/la-cueva-de-ali-baba\/","url":"https:\/\/laertes.es\/ca\/llibre\/la-cueva-de-ali-baba\/","name":"La cueva de Al\u00ed Bab\u00e1 | Laertes ediciones","isPartOf":{"@id":"https:\/\/aliceblue-magpie-467488.hostingersite.com\/ca\/#website"},"primaryImageOfPage":{"@id":"https:\/\/laertes.es\/ca\/llibre\/la-cueva-de-ali-baba\/#primaryimage"},"image":{"@id":"https:\/\/laertes.es\/ca\/llibre\/la-cueva-de-ali-baba\/#primaryimage"},"thumbnailUrl":"https:\/\/laertes.es\/wp-content\/uploads\/2023\/05\/NAN084.webp","datePublished":"2023-05-04T14:54:04+00:00","dateModified":"2023-05-22T15:25:32+00:00","description":"La cueva de Al\u00ed Bab\u00e1 C\u00f3modamente sentada entre exquisitas piezas de lana y seda, Ana M. Briongos supo apreciar los detalles ins\u00f3litos de la vida","breadcrumb":{"@id":"https:\/\/laertes.es\/ca\/llibre\/la-cueva-de-ali-baba\/#breadcrumb"},"inLanguage":"ca","potentialAction":[{"@type":"ReadAction","target":["https:\/\/laertes.es\/ca\/llibre\/la-cueva-de-ali-baba\/"]}]},{"@type":"ImageObject","inLanguage":"ca","@id":"https:\/\/laertes.es\/ca\/llibre\/la-cueva-de-ali-baba\/#primaryimage","url":"https:\/\/laertes.es\/wp-content\/uploads\/2023\/05\/NAN084.webp","contentUrl":"https:\/\/laertes.es\/wp-content\/uploads\/2023\/05\/NAN084.webp","width":802,"height":1200,"caption":"La cueva de Al\u00ed Bab\u00e1"},{"@type":"BreadcrumbList","@id":"https:\/\/laertes.es\/ca\/llibre\/la-cueva-de-ali-baba\/#breadcrumb","itemListElement":[{"@type":"ListItem","position":1,"name":"Portada","item":"https:\/\/aliceblue-magpie-467488.hostingersite.com\/ca\/"},{"@type":"ListItem","position":2,"name":"Tienda","item":"https:\/\/laertes.es\/tienda\/"},{"@type":"ListItem","position":3,"name":"La cueva de Al\u00ed Bab\u00e1"}]},{"@type":"WebSite","@id":"https:\/\/aliceblue-magpie-467488.hostingersite.com\/ca\/#website","url":"https:\/\/aliceblue-magpie-467488.hostingersite.com\/ca\/","name":"Laertes Ediciones","description":"Editorial independiente desde 1975","alternateName":"Laertes","potentialAction":[{"@type":"SearchAction","target":{"@type":"EntryPoint","urlTemplate":"https:\/\/aliceblue-magpie-467488.hostingersite.com\/ca\/?s={search_term_string}"},"query-input":{"@type":"PropertyValueSpecification","valueRequired":true,"valueName":"search_term_string"}}],"inLanguage":"ca"}]}},"_links":{"self":[{"href":"https:\/\/laertes.es\/ca\/wp-json\/wp\/v2\/product\/13259","targetHints":{"allow":["GET"]}}],"collection":[{"href":"https:\/\/laertes.es\/ca\/wp-json\/wp\/v2\/product"}],"about":[{"href":"https:\/\/laertes.es\/ca\/wp-json\/wp\/v2\/types\/product"}],"version-history":[{"count":1,"href":"https:\/\/laertes.es\/ca\/wp-json\/wp\/v2\/product\/13259\/revisions"}],"predecessor-version":[{"id":13316,"href":"https:\/\/laertes.es\/ca\/wp-json\/wp\/v2\/product\/13259\/revisions\/13316"}],"wp:featuredmedia":[{"embeddable":true,"href":"https:\/\/laertes.es\/ca\/wp-json\/wp\/v2\/media\/13313"}],"wp:attachment":[{"href":"https:\/\/laertes.es\/ca\/wp-json\/wp\/v2\/media?parent=13259"}],"wp:term":[{"taxonomy":"product_brand","embeddable":true,"href":"https:\/\/laertes.es\/ca\/wp-json\/wp\/v2\/product_brand?post=13259"},{"taxonomy":"product_cat","embeddable":true,"href":"https:\/\/laertes.es\/ca\/wp-json\/wp\/v2\/product_cat?post=13259"},{"taxonomy":"product_tag","embeddable":true,"href":"https:\/\/laertes.es\/ca\/wp-json\/wp\/v2\/product_tag?post=13259"},{"taxonomy":"autores","embeddable":true,"href":"https:\/\/laertes.es\/ca\/wp-json\/wp\/v2\/autores?post=13259"},{"taxonomy":"formatos","embeddable":true,"href":"https:\/\/laertes.es\/ca\/wp-json\/wp\/v2\/formatos?post=13259"},{"taxonomy":"materias","embeddable":true,"href":"https:\/\/laertes.es\/ca\/wp-json\/wp\/v2\/materias?post=13259"}],"curies":[{"name":"wp","href":"https:\/\/api.w.org\/{rel}","templated":true}]}}