{"id":13136,"date":"2023-03-24T09:34:17","date_gmt":"2023-03-24T09:34:17","guid":{"rendered":"https:\/libro\/etiopia\/"},"modified":"2023-06-08T09:14:58","modified_gmt":"2023-06-08T09:14:58","slug":"etiopia","status":"publish","type":"product","link":"https:\/\/laertes.es\/ca\/llibre\/etiopia\/","title":{"rendered":"Etiop\u00eda"},"content":{"rendered":"<p>Etiop\u00eda Redactar una lista de las maravillas que aqu\u00ed y all\u00ed pueblan Etiop\u00eda es una tarea ingente y a la vez in\u00fatil: nos dejar\u00edamos demasiadas. \u00a1Hay tantas Etiop\u00edas en esta tierra milenaria! Pero a\u00fan no existe el pa\u00eds que se resista a Rumbo a y los proyectos imposibles nos gustan especialmente. Vamos all\u00e1: las ruinas de los palacios en Axum y su relaci\u00f3n b\u00edblica con el rey Salom\u00f3n; los imponentes castillos medievales de Gonder; las espectaculares monta\u00f1as Simien; las incre\u00edbles iglesias excavadas en roca viva de Lalibela; \u00a1las m\u00edticas fuentes del Nilo Azul!; los monasterios ortodoxos y la riqueza \u00e9tnica de los valles del Omo y el Mago; las cataratas de Tis Isat; la ciudad prohibida de Harar\u0085 No. Hemos fracasado: no se puede en una solapa transmitir tanta belleza.<br \/>\n<em>\u00a0\u00a0\u00a0\u00a0<\/em>Mejor d\u00e9jense guiar por la mano experta de Denberu Mekonen, que es el m\u00e1s s\u00f3lido puente cultural entre Etiop\u00eda y nuestro pa\u00eds, y hagan caso de la advertencia de Jos\u00e9 A. Pujante: nadie que haya pisado este pa\u00eds ha vuelto siendo el mismo. Sentir\u00e1 la imperiosa necesidad espiritual de escuchar de nuevo su llamada, y volver.<\/p>\n<p>Etiop\u00eda Redactar una lista de las maravillas que aqu\u00ed y all\u00ed pueblan Etiop\u00eda es una tarea ingente y a la vez in\u00fatil: nos dejar\u00edamos demasiadas. \u00a1Hay tantas Etiop\u00edas en esta tierra milenaria! Pero a\u00fan no existe el pa\u00eds que se resista a Rumbo a y los proyectos imposibles nos gustan especialmente. Vamos all\u00e1: las ruinas de los palacios en Axum y su relaci\u00f3n b\u00edblica con el rey Salom\u00f3n; los imponentes castillos medievales de Gonder; las espectaculares monta\u00f1as Simien; las incre\u00edbles iglesias excavadas en roca viva de Lalibela; \u00a1las m\u00edticas fuentes del Nilo Azul!; los monasterios ortodoxos y la riqueza \u00e9tnica de los valles del Omo y el Mago; las cataratas de Tis Isat; la ciudad prohibida de Harar\u0085 No. Hemos fracasado: no se puede en una solapa transmitir tanta belleza.<br \/>\n<em>\u00a0\u00a0\u00a0\u00a0<\/em>Mejor d\u00e9jense guiar por la mano experta de Denberu Mekonen, que es el m\u00e1s s\u00f3lido puente cultural entre Etiop\u00eda y nuestro pa\u00eds, y hagan caso de la advertencia de Jos\u00e9 A. Pujante: nadie que haya pisado este pa\u00eds ha vuelto siendo el mismo. Sentir\u00e1 la imperiosa necesidad espiritual de escuchar de nuevo su llamada, y volver.<\/p>\n","protected":false},"excerpt":{"rendered":"<p>Etiop\u00eda Redactar una lista de las maravillas que aqu\u00ed y all\u00ed pueblan Etiop\u00eda es una tarea ingente y a la<\/p>\n","protected":false},"featured_media":14346,"template":"","meta":[],"product_brand":[],"product_cat":[344],"product_tag":[835,836],"autores":[838],"formatos":[355],"materias":[370],"class_list":{"0":"post-13136","1":"product","2":"type-product","3":"status-publish","4":"has-post-thumbnail","6":"product_cat-rumbo-a-ca","7":"product_tag-africa-ca","8":"product_tag-guia-de-viajes-ca","9":"autores-siyoum-denberu-mekonnen-ca","10":"formatos-llibre","11":"materias-guias-de-viajes-ca","13":"first","14":"instock","15":"taxable","16":"shipping-taxable","17":"purchasable","18":"product-type-simple"},"yoast_head":"<!-- This site is optimized with the Yoast SEO plugin v27.3 - https:\/\/yoast.com\/product\/yoast-seo-wordpress\/ -->\n<title>Etiop\u00eda | Laertes ediciones<\/title>\n<meta name=\"description\" content=\"Redactar una lista de las maravillas que aqu\u00ed y all\u00ed pueblan Etiop\u00eda es una tarea ingente y a la vez in\u00fatil: nos dejar\u00edamos demasiadas.\" \/>\n<meta name=\"robots\" content=\"index, follow, max-snippet:-1, max-image-preview:large, max-video-preview:-1\" \/>\n<link rel=\"canonical\" href=\"https:\/\/laertes.es\/ca\/llibre\/etiopia\/\" \/>\n<meta property=\"og:locale\" content=\"ca_ES\" \/>\n<meta property=\"og:type\" content=\"article\" \/>\n<meta property=\"og:title\" content=\"Etiop\u00eda | Laertes ediciones\" \/>\n<meta property=\"og:description\" content=\"Redactar una lista de las maravillas que aqu\u00ed y all\u00ed pueblan Etiop\u00eda es una tarea ingente y a la vez in\u00fatil: nos dejar\u00edamos demasiadas.\" \/>\n<meta property=\"og:url\" content=\"https:\/\/laertes.es\/ca\/llibre\/etiopia\/\" \/>\n<meta property=\"og:site_name\" content=\"Laertes ediciones\" \/>\n<meta property=\"article:modified_time\" content=\"2023-06-08T09:14:58+00:00\" \/>\n<meta property=\"og:image\" content=\"https:\/\/laertes.es\/wp-content\/uploads\/2023\/03\/RUM064.webp\" \/>\n\t<meta property=\"og:image:width\" content=\"802\" \/>\n\t<meta property=\"og:image:height\" content=\"1200\" \/>\n\t<meta property=\"og:image:type\" content=\"image\/webp\" \/>\n<script type=\"application\/ld+json\" class=\"yoast-schema-graph\">{\"@context\":\"https:\\\/\\\/schema.org\",\"@graph\":[{\"@type\":\"WebPage\",\"@id\":\"https:\\\/\\\/laertes.es\\\/ca\\\/llibre\\\/etiopia\\\/\",\"url\":\"https:\\\/\\\/laertes.es\\\/ca\\\/llibre\\\/etiopia\\\/\",\"name\":\"Etiop\u00eda | Laertes ediciones\",\"isPartOf\":{\"@id\":\"https:\\\/\\\/aliceblue-magpie-467488.hostingersite.com\\\/ca\\\/#website\"},\"primaryImageOfPage\":{\"@id\":\"https:\\\/\\\/laertes.es\\\/ca\\\/llibre\\\/etiopia\\\/#primaryimage\"},\"image\":{\"@id\":\"https:\\\/\\\/laertes.es\\\/ca\\\/llibre\\\/etiopia\\\/#primaryimage\"},\"thumbnailUrl\":\"https:\\\/\\\/laertes.es\\\/wp-content\\\/uploads\\\/2023\\\/03\\\/RUM064.webp\",\"datePublished\":\"2023-03-24T09:34:17+00:00\",\"dateModified\":\"2023-06-08T09:14:58+00:00\",\"description\":\"Redactar una lista de las maravillas que aqu\u00ed y all\u00ed pueblan Etiop\u00eda es una tarea ingente y a la vez in\u00fatil: nos dejar\u00edamos demasiadas.\",\"breadcrumb\":{\"@id\":\"https:\\\/\\\/laertes.es\\\/ca\\\/llibre\\\/etiopia\\\/#breadcrumb\"},\"inLanguage\":\"ca\",\"potentialAction\":[{\"@type\":\"ReadAction\",\"target\":[\"https:\\\/\\\/laertes.es\\\/ca\\\/llibre\\\/etiopia\\\/\"]}]},{\"@type\":\"ImageObject\",\"inLanguage\":\"ca\",\"@id\":\"https:\\\/\\\/laertes.es\\\/ca\\\/llibre\\\/etiopia\\\/#primaryimage\",\"url\":\"https:\\\/\\\/laertes.es\\\/wp-content\\\/uploads\\\/2023\\\/03\\\/RUM064.webp\",\"contentUrl\":\"https:\\\/\\\/laertes.es\\\/wp-content\\\/uploads\\\/2023\\\/03\\\/RUM064.webp\",\"width\":802,\"height\":1200,\"caption\":\"Etiop\u00eda\"},{\"@type\":\"BreadcrumbList\",\"@id\":\"https:\\\/\\\/laertes.es\\\/ca\\\/llibre\\\/etiopia\\\/#breadcrumb\",\"itemListElement\":[{\"@type\":\"ListItem\",\"position\":1,\"name\":\"Portada\",\"item\":\"https:\\\/\\\/aliceblue-magpie-467488.hostingersite.com\\\/ca\\\/\"},{\"@type\":\"ListItem\",\"position\":2,\"name\":\"Tienda\",\"item\":\"https:\\\/\\\/laertes.es\\\/tienda\\\/\"},{\"@type\":\"ListItem\",\"position\":3,\"name\":\"Etiop\u00eda\"}]},{\"@type\":\"WebSite\",\"@id\":\"https:\\\/\\\/aliceblue-magpie-467488.hostingersite.com\\\/ca\\\/#website\",\"url\":\"https:\\\/\\\/aliceblue-magpie-467488.hostingersite.com\\\/ca\\\/\",\"name\":\"Laertes Ediciones\",\"description\":\"Editorial independiente desde 1975\",\"alternateName\":\"Laertes\",\"potentialAction\":[{\"@type\":\"SearchAction\",\"target\":{\"@type\":\"EntryPoint\",\"urlTemplate\":\"https:\\\/\\\/aliceblue-magpie-467488.hostingersite.com\\\/ca\\\/?s={search_term_string}\"},\"query-input\":{\"@type\":\"PropertyValueSpecification\",\"valueRequired\":true,\"valueName\":\"search_term_string\"}}],\"inLanguage\":\"ca\"}]}<\/script>\n<!-- \/ Yoast SEO plugin. -->","yoast_head_json":{"title":"Etiop\u00eda | Laertes ediciones","description":"Redactar una lista de las maravillas que aqu\u00ed y all\u00ed pueblan Etiop\u00eda es una tarea ingente y a la vez in\u00fatil: nos dejar\u00edamos demasiadas.","robots":{"index":"index","follow":"follow","max-snippet":"max-snippet:-1","max-image-preview":"max-image-preview:large","max-video-preview":"max-video-preview:-1"},"canonical":"https:\/\/laertes.es\/ca\/llibre\/etiopia\/","og_locale":"ca_ES","og_type":"article","og_title":"Etiop\u00eda | Laertes ediciones","og_description":"Redactar una lista de las maravillas que aqu\u00ed y all\u00ed pueblan Etiop\u00eda es una tarea ingente y a la vez in\u00fatil: nos dejar\u00edamos demasiadas.","og_url":"https:\/\/laertes.es\/ca\/llibre\/etiopia\/","og_site_name":"Laertes ediciones","article_modified_time":"2023-06-08T09:14:58+00:00","og_image":[{"width":802,"height":1200,"url":"https:\/\/laertes.es\/wp-content\/uploads\/2023\/03\/RUM064.webp","type":"image\/webp"}],"schema":{"@context":"https:\/\/schema.org","@graph":[{"@type":"WebPage","@id":"https:\/\/laertes.es\/ca\/llibre\/etiopia\/","url":"https:\/\/laertes.es\/ca\/llibre\/etiopia\/","name":"Etiop\u00eda | Laertes ediciones","isPartOf":{"@id":"https:\/\/aliceblue-magpie-467488.hostingersite.com\/ca\/#website"},"primaryImageOfPage":{"@id":"https:\/\/laertes.es\/ca\/llibre\/etiopia\/#primaryimage"},"image":{"@id":"https:\/\/laertes.es\/ca\/llibre\/etiopia\/#primaryimage"},"thumbnailUrl":"https:\/\/laertes.es\/wp-content\/uploads\/2023\/03\/RUM064.webp","datePublished":"2023-03-24T09:34:17+00:00","dateModified":"2023-06-08T09:14:58+00:00","description":"Redactar una lista de las maravillas que aqu\u00ed y all\u00ed pueblan Etiop\u00eda es una tarea ingente y a la vez in\u00fatil: nos dejar\u00edamos demasiadas.","breadcrumb":{"@id":"https:\/\/laertes.es\/ca\/llibre\/etiopia\/#breadcrumb"},"inLanguage":"ca","potentialAction":[{"@type":"ReadAction","target":["https:\/\/laertes.es\/ca\/llibre\/etiopia\/"]}]},{"@type":"ImageObject","inLanguage":"ca","@id":"https:\/\/laertes.es\/ca\/llibre\/etiopia\/#primaryimage","url":"https:\/\/laertes.es\/wp-content\/uploads\/2023\/03\/RUM064.webp","contentUrl":"https:\/\/laertes.es\/wp-content\/uploads\/2023\/03\/RUM064.webp","width":802,"height":1200,"caption":"Etiop\u00eda"},{"@type":"BreadcrumbList","@id":"https:\/\/laertes.es\/ca\/llibre\/etiopia\/#breadcrumb","itemListElement":[{"@type":"ListItem","position":1,"name":"Portada","item":"https:\/\/aliceblue-magpie-467488.hostingersite.com\/ca\/"},{"@type":"ListItem","position":2,"name":"Tienda","item":"https:\/\/laertes.es\/tienda\/"},{"@type":"ListItem","position":3,"name":"Etiop\u00eda"}]},{"@type":"WebSite","@id":"https:\/\/aliceblue-magpie-467488.hostingersite.com\/ca\/#website","url":"https:\/\/aliceblue-magpie-467488.hostingersite.com\/ca\/","name":"Laertes Ediciones","description":"Editorial independiente desde 1975","alternateName":"Laertes","potentialAction":[{"@type":"SearchAction","target":{"@type":"EntryPoint","urlTemplate":"https:\/\/aliceblue-magpie-467488.hostingersite.com\/ca\/?s={search_term_string}"},"query-input":{"@type":"PropertyValueSpecification","valueRequired":true,"valueName":"search_term_string"}}],"inLanguage":"ca"}]}},"_links":{"self":[{"href":"https:\/\/laertes.es\/ca\/wp-json\/wp\/v2\/product\/13136","targetHints":{"allow":["GET"]}}],"collection":[{"href":"https:\/\/laertes.es\/ca\/wp-json\/wp\/v2\/product"}],"about":[{"href":"https:\/\/laertes.es\/ca\/wp-json\/wp\/v2\/types\/product"}],"version-history":[{"count":1,"href":"https:\/\/laertes.es\/ca\/wp-json\/wp\/v2\/product\/13136\/revisions"}],"predecessor-version":[{"id":14349,"href":"https:\/\/laertes.es\/ca\/wp-json\/wp\/v2\/product\/13136\/revisions\/14349"}],"wp:featuredmedia":[{"embeddable":true,"href":"https:\/\/laertes.es\/ca\/wp-json\/wp\/v2\/media\/14346"}],"wp:attachment":[{"href":"https:\/\/laertes.es\/ca\/wp-json\/wp\/v2\/media?parent=13136"}],"wp:term":[{"taxonomy":"product_brand","embeddable":true,"href":"https:\/\/laertes.es\/ca\/wp-json\/wp\/v2\/product_brand?post=13136"},{"taxonomy":"product_cat","embeddable":true,"href":"https:\/\/laertes.es\/ca\/wp-json\/wp\/v2\/product_cat?post=13136"},{"taxonomy":"product_tag","embeddable":true,"href":"https:\/\/laertes.es\/ca\/wp-json\/wp\/v2\/product_tag?post=13136"},{"taxonomy":"autores","embeddable":true,"href":"https:\/\/laertes.es\/ca\/wp-json\/wp\/v2\/autores?post=13136"},{"taxonomy":"formatos","embeddable":true,"href":"https:\/\/laertes.es\/ca\/wp-json\/wp\/v2\/formatos?post=13136"},{"taxonomy":"materias","embeddable":true,"href":"https:\/\/laertes.es\/ca\/wp-json\/wp\/v2\/materias?post=13136"}],"curies":[{"name":"wp","href":"https:\/\/api.w.org\/{rel}","templated":true}]}}