{"id":13058,"date":"2023-03-24T08:28:34","date_gmt":"2023-03-24T08:28:34","guid":{"rendered":"https:\/libro\/persistir-con-exito-en-la-universidad\/"},"modified":"2023-06-08T10:47:42","modified_gmt":"2023-06-08T10:47:42","slug":"persistir-con-exito-en-la-universidad","status":"publish","type":"product","link":"https:\/\/laertes.es\/ca\/llibre\/persistir-con-exito-en-la-universidad\/","title":{"rendered":"Persistir con \u00e9xito en la universidad"},"content":{"rendered":"<h1>Persistir con \u00e9xito en la universidad<\/h1>\n<p>\u00bfPor qu\u00e9 los estudiantes abandonan la universidad? \u00bfCu\u00e1les son las causas? \u00bfC\u00f3mo facilitar su persistencia y su adaptaci\u00f3n a los estudios superiores? \u00bfQu\u00e9 pautas nacionales e internacionales est\u00e1n sugiriendo soluciones al abandono? \u00bfDe qu\u00e9 manera instituciones, profesorado, orientaci\u00f3n acad\u00e9mica y pol\u00edticas pueden mejorar los resultados del alumnado universitario? Estas y similares cuestiones afloran actualmente en la investigaci\u00f3n del sistema de educaci\u00f3n superior.<br \/>\n<em>\u00a0\u00a0\u00a0Persistir con \u00e9xito en la universidad: de la investigaci\u00f3n a la acci\u00f3n<\/em> ofrece un compendio de reflexiones para diagnosticar y analizar el fen\u00f3meno del abandono (especialmente significativo en el primer a\u00f1o de universidad), a la vez que sugiere soluciones pr\u00e1cticas y eficaces que tienen en cuenta no solo la diversidad del alumnado universitario sino tambi\u00e9n la complejidad de los contextos en que se produce.<br \/>\n<em>\u00a0\u00a0\u00a0<\/em>La obra que el lector tiene en sus manos, redactada por destacados investigadores, sintetiza el marco conceptual y metodol\u00f3gico del an\u00e1lisis de la transici\u00f3n a la universidad y de su aplicaci\u00f3n al dise\u00f1o y a la evaluaci\u00f3n de las pr\u00e1cticas para la retenci\u00f3n de los estudiantes. Se completa con la presentaci\u00f3n de un caso espec\u00edfico centrado en el estudio longitudinal de una promoci\u00f3n de estudiantes y engarza directamente con la orientaci\u00f3n y la acci\u00f3n tutorial, instrumentos clave en la gesti\u00f3n institucional de las transiciones y en las pol\u00edticas de retenci\u00f3n.<br \/>\n<em>\u00a0\u00a0\u00a0<\/em>Con sus trabajos, el equipo de investigaci\u00f3n Transiciones Acad\u00e9micas y Laborales (TRALS) pretende ser un referente para aquellos profesionales que intervienen en el proceso de transici\u00f3n a la universidad, que toman decisiones pol\u00edticas y de gesti\u00f3n, que se dedican a investigar, que educan, que orientan y que ofrecen acci\u00f3n tutorial continuada. Y, sobre todo, para el estudiantado en pleno proceso formativo en el \u00e1mbito de la intervenci\u00f3n psicopedag\u00f3gica.<\/p>\n","protected":false},"excerpt":{"rendered":"<p>Persistir con \u00e9xito en la universidad \u00bfPor qu\u00e9 los estudiantes abandonan la universidad? \u00bfCu\u00e1les son las causas? \u00bfC\u00f3mo facilitar su<\/p>\n","protected":false},"featured_media":14444,"template":"","meta":[],"product_brand":[],"product_cat":[330],"product_tag":[656,737],"autores":[738],"formatos":[355],"materias":[365,368],"class_list":{"0":"post-13058","1":"product","2":"type-product","3":"status-publish","4":"has-post-thumbnail","6":"product_cat-educacion-ca","7":"product_tag-educacion-ca","8":"product_tag-educacion-universitaria-ca","9":"autores-figuera-gazo-pilar-ca","10":"formatos-llibre","11":"materias-educacion-ca","12":"materias-filosofia-ca-ca","14":"first","15":"instock","16":"taxable","17":"shipping-taxable","18":"purchasable","19":"product-type-simple"},"yoast_head":"<!-- This site is optimized with the Yoast SEO plugin v27.3 - https:\/\/yoast.com\/product\/yoast-seo-wordpress\/ -->\n<title>Persistir con \u00e9xito en la universidad | Laertes ediciones<\/title>\n<meta name=\"description\" content=\"Persistir con \u00e9xito en la universidad ofrece un compendio de reflexiones para diagnosticar y analizar el fen\u00f3meno del abandono.\" \/>\n<meta name=\"robots\" content=\"index, follow, max-snippet:-1, max-image-preview:large, max-video-preview:-1\" \/>\n<link rel=\"canonical\" href=\"https:\/\/laertes.es\/ca\/llibre\/persistir-con-exito-en-la-universidad\/\" \/>\n<meta property=\"og:locale\" content=\"ca_ES\" \/>\n<meta property=\"og:type\" content=\"article\" \/>\n<meta property=\"og:title\" content=\"Persistir con \u00e9xito en la universidad | Laertes ediciones\" \/>\n<meta property=\"og:description\" content=\"Persistir con \u00e9xito en la universidad ofrece un compendio de reflexiones para diagnosticar y analizar el fen\u00f3meno del abandono.\" \/>\n<meta property=\"og:url\" content=\"https:\/\/laertes.es\/ca\/llibre\/persistir-con-exito-en-la-universidad\/\" \/>\n<meta property=\"og:site_name\" content=\"Laertes ediciones\" \/>\n<meta property=\"article:modified_time\" content=\"2023-06-08T10:47:42+00:00\" \/>\n<meta property=\"og:image\" content=\"https:\/\/laertes.es\/wp-content\/uploads\/2023\/03\/EDU140.webp\" \/>\n\t<meta property=\"og:image:width\" content=\"802\" \/>\n\t<meta property=\"og:image:height\" content=\"1200\" \/>\n\t<meta property=\"og:image:type\" content=\"image\/webp\" \/>\n<script type=\"application\/ld+json\" class=\"yoast-schema-graph\">{\"@context\":\"https:\\\/\\\/schema.org\",\"@graph\":[{\"@type\":\"WebPage\",\"@id\":\"https:\\\/\\\/laertes.es\\\/ca\\\/llibre\\\/persistir-con-exito-en-la-universidad\\\/\",\"url\":\"https:\\\/\\\/laertes.es\\\/ca\\\/llibre\\\/persistir-con-exito-en-la-universidad\\\/\",\"name\":\"Persistir con \u00e9xito en la universidad | Laertes ediciones\",\"isPartOf\":{\"@id\":\"https:\\\/\\\/aliceblue-magpie-467488.hostingersite.com\\\/ca\\\/#website\"},\"primaryImageOfPage\":{\"@id\":\"https:\\\/\\\/laertes.es\\\/ca\\\/llibre\\\/persistir-con-exito-en-la-universidad\\\/#primaryimage\"},\"image\":{\"@id\":\"https:\\\/\\\/laertes.es\\\/ca\\\/llibre\\\/persistir-con-exito-en-la-universidad\\\/#primaryimage\"},\"thumbnailUrl\":\"https:\\\/\\\/laertes.es\\\/wp-content\\\/uploads\\\/2023\\\/03\\\/EDU140.webp\",\"datePublished\":\"2023-03-24T08:28:34+00:00\",\"dateModified\":\"2023-06-08T10:47:42+00:00\",\"description\":\"Persistir con \u00e9xito en la universidad ofrece un compendio de reflexiones para diagnosticar y analizar el fen\u00f3meno del abandono.\",\"breadcrumb\":{\"@id\":\"https:\\\/\\\/laertes.es\\\/ca\\\/llibre\\\/persistir-con-exito-en-la-universidad\\\/#breadcrumb\"},\"inLanguage\":\"ca\",\"potentialAction\":[{\"@type\":\"ReadAction\",\"target\":[\"https:\\\/\\\/laertes.es\\\/ca\\\/llibre\\\/persistir-con-exito-en-la-universidad\\\/\"]}]},{\"@type\":\"ImageObject\",\"inLanguage\":\"ca\",\"@id\":\"https:\\\/\\\/laertes.es\\\/ca\\\/llibre\\\/persistir-con-exito-en-la-universidad\\\/#primaryimage\",\"url\":\"https:\\\/\\\/laertes.es\\\/wp-content\\\/uploads\\\/2023\\\/03\\\/EDU140.webp\",\"contentUrl\":\"https:\\\/\\\/laertes.es\\\/wp-content\\\/uploads\\\/2023\\\/03\\\/EDU140.webp\",\"width\":802,\"height\":1200,\"caption\":\"Persistir con \u00e9xito en la universidad\"},{\"@type\":\"BreadcrumbList\",\"@id\":\"https:\\\/\\\/laertes.es\\\/ca\\\/llibre\\\/persistir-con-exito-en-la-universidad\\\/#breadcrumb\",\"itemListElement\":[{\"@type\":\"ListItem\",\"position\":1,\"name\":\"Portada\",\"item\":\"https:\\\/\\\/aliceblue-magpie-467488.hostingersite.com\\\/ca\\\/\"},{\"@type\":\"ListItem\",\"position\":2,\"name\":\"Tienda\",\"item\":\"https:\\\/\\\/laertes.es\\\/tienda\\\/\"},{\"@type\":\"ListItem\",\"position\":3,\"name\":\"Persistir con \u00e9xito en la universidad\"}]},{\"@type\":\"WebSite\",\"@id\":\"https:\\\/\\\/aliceblue-magpie-467488.hostingersite.com\\\/ca\\\/#website\",\"url\":\"https:\\\/\\\/aliceblue-magpie-467488.hostingersite.com\\\/ca\\\/\",\"name\":\"Laertes Ediciones\",\"description\":\"Editorial independiente desde 1975\",\"alternateName\":\"Laertes\",\"potentialAction\":[{\"@type\":\"SearchAction\",\"target\":{\"@type\":\"EntryPoint\",\"urlTemplate\":\"https:\\\/\\\/aliceblue-magpie-467488.hostingersite.com\\\/ca\\\/?s={search_term_string}\"},\"query-input\":{\"@type\":\"PropertyValueSpecification\",\"valueRequired\":true,\"valueName\":\"search_term_string\"}}],\"inLanguage\":\"ca\"}]}<\/script>\n<!-- \/ Yoast SEO plugin. -->","yoast_head_json":{"title":"Persistir con \u00e9xito en la universidad | Laertes ediciones","description":"Persistir con \u00e9xito en la universidad ofrece un compendio de reflexiones para diagnosticar y analizar el fen\u00f3meno del abandono.","robots":{"index":"index","follow":"follow","max-snippet":"max-snippet:-1","max-image-preview":"max-image-preview:large","max-video-preview":"max-video-preview:-1"},"canonical":"https:\/\/laertes.es\/ca\/llibre\/persistir-con-exito-en-la-universidad\/","og_locale":"ca_ES","og_type":"article","og_title":"Persistir con \u00e9xito en la universidad | Laertes ediciones","og_description":"Persistir con \u00e9xito en la universidad ofrece un compendio de reflexiones para diagnosticar y analizar el fen\u00f3meno del abandono.","og_url":"https:\/\/laertes.es\/ca\/llibre\/persistir-con-exito-en-la-universidad\/","og_site_name":"Laertes ediciones","article_modified_time":"2023-06-08T10:47:42+00:00","og_image":[{"width":802,"height":1200,"url":"https:\/\/laertes.es\/wp-content\/uploads\/2023\/03\/EDU140.webp","type":"image\/webp"}],"schema":{"@context":"https:\/\/schema.org","@graph":[{"@type":"WebPage","@id":"https:\/\/laertes.es\/ca\/llibre\/persistir-con-exito-en-la-universidad\/","url":"https:\/\/laertes.es\/ca\/llibre\/persistir-con-exito-en-la-universidad\/","name":"Persistir con \u00e9xito en la universidad | Laertes ediciones","isPartOf":{"@id":"https:\/\/aliceblue-magpie-467488.hostingersite.com\/ca\/#website"},"primaryImageOfPage":{"@id":"https:\/\/laertes.es\/ca\/llibre\/persistir-con-exito-en-la-universidad\/#primaryimage"},"image":{"@id":"https:\/\/laertes.es\/ca\/llibre\/persistir-con-exito-en-la-universidad\/#primaryimage"},"thumbnailUrl":"https:\/\/laertes.es\/wp-content\/uploads\/2023\/03\/EDU140.webp","datePublished":"2023-03-24T08:28:34+00:00","dateModified":"2023-06-08T10:47:42+00:00","description":"Persistir con \u00e9xito en la universidad ofrece un compendio de reflexiones para diagnosticar y analizar el fen\u00f3meno del abandono.","breadcrumb":{"@id":"https:\/\/laertes.es\/ca\/llibre\/persistir-con-exito-en-la-universidad\/#breadcrumb"},"inLanguage":"ca","potentialAction":[{"@type":"ReadAction","target":["https:\/\/laertes.es\/ca\/llibre\/persistir-con-exito-en-la-universidad\/"]}]},{"@type":"ImageObject","inLanguage":"ca","@id":"https:\/\/laertes.es\/ca\/llibre\/persistir-con-exito-en-la-universidad\/#primaryimage","url":"https:\/\/laertes.es\/wp-content\/uploads\/2023\/03\/EDU140.webp","contentUrl":"https:\/\/laertes.es\/wp-content\/uploads\/2023\/03\/EDU140.webp","width":802,"height":1200,"caption":"Persistir con \u00e9xito en la universidad"},{"@type":"BreadcrumbList","@id":"https:\/\/laertes.es\/ca\/llibre\/persistir-con-exito-en-la-universidad\/#breadcrumb","itemListElement":[{"@type":"ListItem","position":1,"name":"Portada","item":"https:\/\/aliceblue-magpie-467488.hostingersite.com\/ca\/"},{"@type":"ListItem","position":2,"name":"Tienda","item":"https:\/\/laertes.es\/tienda\/"},{"@type":"ListItem","position":3,"name":"Persistir con \u00e9xito en la universidad"}]},{"@type":"WebSite","@id":"https:\/\/aliceblue-magpie-467488.hostingersite.com\/ca\/#website","url":"https:\/\/aliceblue-magpie-467488.hostingersite.com\/ca\/","name":"Laertes Ediciones","description":"Editorial independiente desde 1975","alternateName":"Laertes","potentialAction":[{"@type":"SearchAction","target":{"@type":"EntryPoint","urlTemplate":"https:\/\/aliceblue-magpie-467488.hostingersite.com\/ca\/?s={search_term_string}"},"query-input":{"@type":"PropertyValueSpecification","valueRequired":true,"valueName":"search_term_string"}}],"inLanguage":"ca"}]}},"_links":{"self":[{"href":"https:\/\/laertes.es\/ca\/wp-json\/wp\/v2\/product\/13058","targetHints":{"allow":["GET"]}}],"collection":[{"href":"https:\/\/laertes.es\/ca\/wp-json\/wp\/v2\/product"}],"about":[{"href":"https:\/\/laertes.es\/ca\/wp-json\/wp\/v2\/types\/product"}],"version-history":[{"count":1,"href":"https:\/\/laertes.es\/ca\/wp-json\/wp\/v2\/product\/13058\/revisions"}],"predecessor-version":[{"id":14446,"href":"https:\/\/laertes.es\/ca\/wp-json\/wp\/v2\/product\/13058\/revisions\/14446"}],"wp:featuredmedia":[{"embeddable":true,"href":"https:\/\/laertes.es\/ca\/wp-json\/wp\/v2\/media\/14444"}],"wp:attachment":[{"href":"https:\/\/laertes.es\/ca\/wp-json\/wp\/v2\/media?parent=13058"}],"wp:term":[{"taxonomy":"product_brand","embeddable":true,"href":"https:\/\/laertes.es\/ca\/wp-json\/wp\/v2\/product_brand?post=13058"},{"taxonomy":"product_cat","embeddable":true,"href":"https:\/\/laertes.es\/ca\/wp-json\/wp\/v2\/product_cat?post=13058"},{"taxonomy":"product_tag","embeddable":true,"href":"https:\/\/laertes.es\/ca\/wp-json\/wp\/v2\/product_tag?post=13058"},{"taxonomy":"autores","embeddable":true,"href":"https:\/\/laertes.es\/ca\/wp-json\/wp\/v2\/autores?post=13058"},{"taxonomy":"formatos","embeddable":true,"href":"https:\/\/laertes.es\/ca\/wp-json\/wp\/v2\/formatos?post=13058"},{"taxonomy":"materias","embeddable":true,"href":"https:\/\/laertes.es\/ca\/wp-json\/wp\/v2\/materias?post=13058"}],"curies":[{"name":"wp","href":"https:\/\/api.w.org\/{rel}","templated":true}]}}