{"id":13055,"date":"2023-03-08T05:59:52","date_gmt":"2023-03-08T05:59:52","guid":{"rendered":"https:\/libro\/cleo\/"},"modified":"2023-06-08T10:29:44","modified_gmt":"2023-06-08T10:29:44","slug":"cleo","status":"publish","type":"product","link":"https:\/\/laertes.es\/ca\/llibre\/cleo\/","title":{"rendered":"Cleo"},"content":{"rendered":"<h1>Cleo<\/h1>\n<p style=\"text-align: justify\"><em>Cleo <\/em>En una Tierra gobernada por un dictador populista, est\u00e1 prohibido que los artistas firmen sus obras con su nombre o que los actores protagonicen m\u00e1s de una pel\u00edcula, para no hacer sombra al Jefe Supremo.<br \/>\n<em>\u00a0 \u00a0<\/em>Sin embargo, mediante un uso ingenioso del disfraz, un misterioso actor ha logrado burlar las normas y filtrarse en varios largometrajes, amenazando con ganar una notoriedad muy peligrosa para el sistema. El Estado encarga entonces a una polic\u00eda esc\u00e9ptica y a un cr\u00edtico de cine que localicen y maten a ese enigm\u00e1tico \u00abhombre de las mil caras\u00bb que amenaza con hacerse popular.<br \/>\n<em>\u00a0\u00a0\u00a0\u00a0<\/em>Lo que ninguno de ellos espera es caer bajo el embrujo de ese actor&#8230; cuya capacidad de seducci\u00f3n podr\u00eda encender la chispa de una verdadera Revoluci\u00f3n.<\/p>\n<p style=\"text-align: justify\"><em>Cleo <\/em>es una novela dist\u00f3pica con varios elementos apasionantes:<br \/>\n<em>\u00a0 <\/em>Una premisa \u00fanica, basada en la posibilidad de que en un futuro cercano la sociedad humana, obsesionada por las interpretaciones literales de sus acciones, no sepa diferenciar la ficci\u00f3n de lo real: el mito del hecho.<br \/>\n<em>\u00a0\u00a0\u00a0\u00a0<\/em>Un misterio fascinante, relacionado con la identidad psicol\u00f3gica y sexual de su esquivo protagonista.<br \/>\n<em>\u00a0\u00a0\u00a0\u00a0<\/em>Y un mundo atmosf\u00e9rico, desbordante de fantas\u00eda, romanticismo y una caudalosa veta de humor negro.<\/p>\n<p>En una Tierra gobernada por un dictador populista, est\u00e1 prohibido que los artistas firmen sus obras con su nombre o que los actores protagonicen m\u00e1s de una pel\u00edcula, para no hacer sombra al Jefe Supremo.<br \/>\n<em>\u00a0 \u00a0<\/em>Sin embargo, mediante un uso ingenioso del disfraz, un misterioso actor ha logrado burlar las normas y filtrarse en varios largometrajes, amenazando con ganar una notoriedad muy peligrosa para el sistema. El Estado encarga entonces a una polic\u00eda esc\u00e9ptica y a un cr\u00edtico de cine que localicen y maten a ese enigm\u00e1tico \u00abhombre de las mil caras\u00bb que amenaza con hacerse popular.<\/p>\n","protected":false},"excerpt":{"rendered":"<p>Cleo Cleo En una Tierra gobernada por un dictador populista, est\u00e1 prohibido que los artistas firmen sus obras con su<\/p>\n","protected":false},"featured_media":14420,"template":"","meta":[],"product_brand":[],"product_cat":[328],"product_tag":[703],"autores":[735],"formatos":[355],"materias":[356,374],"class_list":{"0":"post-13055","1":"product","2":"type-product","3":"status-publish","4":"has-post-thumbnail","6":"product_cat-camelot-ca","7":"product_tag-distopia-ca","8":"autores-migoya-hernan-ca","9":"formatos-llibre","10":"materias-cuentos-clasicos-de-generos-fantasticos-ca","11":"materias-literatura-ca","13":"first","14":"instock","15":"taxable","16":"shipping-taxable","17":"purchasable","18":"product-type-simple"},"yoast_head":"<!-- This site is optimized with the Yoast SEO plugin v27.3 - https:\/\/yoast.com\/product\/yoast-seo-wordpress\/ -->\n<title>Cleo | Laertes ediciones<\/title>\n<meta name=\"description\" content=\"En una Tierra gobernada por un dictador populista, est\u00e1 prohibido que los artistas firmen sus obras para no hacer sombra al Jefe Supremo. | Cleo\" \/>\n<meta name=\"robots\" content=\"index, follow, max-snippet:-1, max-image-preview:large, max-video-preview:-1\" \/>\n<link rel=\"canonical\" href=\"https:\/\/laertes.es\/ca\/llibre\/cleo\/\" \/>\n<meta property=\"og:locale\" content=\"ca_ES\" \/>\n<meta property=\"og:type\" content=\"article\" \/>\n<meta property=\"og:title\" content=\"Cleo | Laertes ediciones\" \/>\n<meta property=\"og:description\" content=\"En una Tierra gobernada por un dictador populista, est\u00e1 prohibido que los artistas firmen sus obras para no hacer sombra al Jefe Supremo. | Cleo\" \/>\n<meta property=\"og:url\" content=\"https:\/\/laertes.es\/ca\/llibre\/cleo\/\" \/>\n<meta property=\"og:site_name\" content=\"Laertes ediciones\" \/>\n<meta property=\"article:modified_time\" content=\"2023-06-08T10:29:44+00:00\" \/>\n<meta property=\"og:image\" content=\"https:\/\/laertes.es\/wp-content\/uploads\/2023\/03\/CAM041.webp\" \/>\n\t<meta property=\"og:image:width\" content=\"802\" \/>\n\t<meta property=\"og:image:height\" content=\"1200\" \/>\n\t<meta property=\"og:image:type\" content=\"image\/webp\" \/>\n<script type=\"application\/ld+json\" class=\"yoast-schema-graph\">{\"@context\":\"https:\\\/\\\/schema.org\",\"@graph\":[{\"@type\":\"WebPage\",\"@id\":\"https:\\\/\\\/laertes.es\\\/ca\\\/llibre\\\/cleo\\\/\",\"url\":\"https:\\\/\\\/laertes.es\\\/ca\\\/llibre\\\/cleo\\\/\",\"name\":\"Cleo | Laertes ediciones\",\"isPartOf\":{\"@id\":\"https:\\\/\\\/aliceblue-magpie-467488.hostingersite.com\\\/ca\\\/#website\"},\"primaryImageOfPage\":{\"@id\":\"https:\\\/\\\/laertes.es\\\/ca\\\/llibre\\\/cleo\\\/#primaryimage\"},\"image\":{\"@id\":\"https:\\\/\\\/laertes.es\\\/ca\\\/llibre\\\/cleo\\\/#primaryimage\"},\"thumbnailUrl\":\"https:\\\/\\\/laertes.es\\\/wp-content\\\/uploads\\\/2023\\\/03\\\/CAM041.webp\",\"datePublished\":\"2023-03-08T05:59:52+00:00\",\"dateModified\":\"2023-06-08T10:29:44+00:00\",\"description\":\"En una Tierra gobernada por un dictador populista, est\u00e1 prohibido que los artistas firmen sus obras para no hacer sombra al Jefe Supremo. | Cleo\",\"breadcrumb\":{\"@id\":\"https:\\\/\\\/laertes.es\\\/ca\\\/llibre\\\/cleo\\\/#breadcrumb\"},\"inLanguage\":\"ca\",\"potentialAction\":[{\"@type\":\"ReadAction\",\"target\":[\"https:\\\/\\\/laertes.es\\\/ca\\\/llibre\\\/cleo\\\/\"]}]},{\"@type\":\"ImageObject\",\"inLanguage\":\"ca\",\"@id\":\"https:\\\/\\\/laertes.es\\\/ca\\\/llibre\\\/cleo\\\/#primaryimage\",\"url\":\"https:\\\/\\\/laertes.es\\\/wp-content\\\/uploads\\\/2023\\\/03\\\/CAM041.webp\",\"contentUrl\":\"https:\\\/\\\/laertes.es\\\/wp-content\\\/uploads\\\/2023\\\/03\\\/CAM041.webp\",\"width\":802,\"height\":1200,\"caption\":\"Cleo\"},{\"@type\":\"BreadcrumbList\",\"@id\":\"https:\\\/\\\/laertes.es\\\/ca\\\/llibre\\\/cleo\\\/#breadcrumb\",\"itemListElement\":[{\"@type\":\"ListItem\",\"position\":1,\"name\":\"Portada\",\"item\":\"https:\\\/\\\/aliceblue-magpie-467488.hostingersite.com\\\/ca\\\/\"},{\"@type\":\"ListItem\",\"position\":2,\"name\":\"Tienda\",\"item\":\"https:\\\/\\\/laertes.es\\\/tienda\\\/\"},{\"@type\":\"ListItem\",\"position\":3,\"name\":\"Cleo\"}]},{\"@type\":\"WebSite\",\"@id\":\"https:\\\/\\\/aliceblue-magpie-467488.hostingersite.com\\\/ca\\\/#website\",\"url\":\"https:\\\/\\\/aliceblue-magpie-467488.hostingersite.com\\\/ca\\\/\",\"name\":\"Laertes Ediciones\",\"description\":\"Editorial independiente desde 1975\",\"alternateName\":\"Laertes\",\"potentialAction\":[{\"@type\":\"SearchAction\",\"target\":{\"@type\":\"EntryPoint\",\"urlTemplate\":\"https:\\\/\\\/aliceblue-magpie-467488.hostingersite.com\\\/ca\\\/?s={search_term_string}\"},\"query-input\":{\"@type\":\"PropertyValueSpecification\",\"valueRequired\":true,\"valueName\":\"search_term_string\"}}],\"inLanguage\":\"ca\"}]}<\/script>\n<!-- \/ Yoast SEO plugin. -->","yoast_head_json":{"title":"Cleo | Laertes ediciones","description":"En una Tierra gobernada por un dictador populista, est\u00e1 prohibido que los artistas firmen sus obras para no hacer sombra al Jefe Supremo. | Cleo","robots":{"index":"index","follow":"follow","max-snippet":"max-snippet:-1","max-image-preview":"max-image-preview:large","max-video-preview":"max-video-preview:-1"},"canonical":"https:\/\/laertes.es\/ca\/llibre\/cleo\/","og_locale":"ca_ES","og_type":"article","og_title":"Cleo | Laertes ediciones","og_description":"En una Tierra gobernada por un dictador populista, est\u00e1 prohibido que los artistas firmen sus obras para no hacer sombra al Jefe Supremo. | Cleo","og_url":"https:\/\/laertes.es\/ca\/llibre\/cleo\/","og_site_name":"Laertes ediciones","article_modified_time":"2023-06-08T10:29:44+00:00","og_image":[{"width":802,"height":1200,"url":"https:\/\/laertes.es\/wp-content\/uploads\/2023\/03\/CAM041.webp","type":"image\/webp"}],"schema":{"@context":"https:\/\/schema.org","@graph":[{"@type":"WebPage","@id":"https:\/\/laertes.es\/ca\/llibre\/cleo\/","url":"https:\/\/laertes.es\/ca\/llibre\/cleo\/","name":"Cleo | Laertes ediciones","isPartOf":{"@id":"https:\/\/aliceblue-magpie-467488.hostingersite.com\/ca\/#website"},"primaryImageOfPage":{"@id":"https:\/\/laertes.es\/ca\/llibre\/cleo\/#primaryimage"},"image":{"@id":"https:\/\/laertes.es\/ca\/llibre\/cleo\/#primaryimage"},"thumbnailUrl":"https:\/\/laertes.es\/wp-content\/uploads\/2023\/03\/CAM041.webp","datePublished":"2023-03-08T05:59:52+00:00","dateModified":"2023-06-08T10:29:44+00:00","description":"En una Tierra gobernada por un dictador populista, est\u00e1 prohibido que los artistas firmen sus obras para no hacer sombra al Jefe Supremo. | Cleo","breadcrumb":{"@id":"https:\/\/laertes.es\/ca\/llibre\/cleo\/#breadcrumb"},"inLanguage":"ca","potentialAction":[{"@type":"ReadAction","target":["https:\/\/laertes.es\/ca\/llibre\/cleo\/"]}]},{"@type":"ImageObject","inLanguage":"ca","@id":"https:\/\/laertes.es\/ca\/llibre\/cleo\/#primaryimage","url":"https:\/\/laertes.es\/wp-content\/uploads\/2023\/03\/CAM041.webp","contentUrl":"https:\/\/laertes.es\/wp-content\/uploads\/2023\/03\/CAM041.webp","width":802,"height":1200,"caption":"Cleo"},{"@type":"BreadcrumbList","@id":"https:\/\/laertes.es\/ca\/llibre\/cleo\/#breadcrumb","itemListElement":[{"@type":"ListItem","position":1,"name":"Portada","item":"https:\/\/aliceblue-magpie-467488.hostingersite.com\/ca\/"},{"@type":"ListItem","position":2,"name":"Tienda","item":"https:\/\/laertes.es\/tienda\/"},{"@type":"ListItem","position":3,"name":"Cleo"}]},{"@type":"WebSite","@id":"https:\/\/aliceblue-magpie-467488.hostingersite.com\/ca\/#website","url":"https:\/\/aliceblue-magpie-467488.hostingersite.com\/ca\/","name":"Laertes Ediciones","description":"Editorial independiente desde 1975","alternateName":"Laertes","potentialAction":[{"@type":"SearchAction","target":{"@type":"EntryPoint","urlTemplate":"https:\/\/aliceblue-magpie-467488.hostingersite.com\/ca\/?s={search_term_string}"},"query-input":{"@type":"PropertyValueSpecification","valueRequired":true,"valueName":"search_term_string"}}],"inLanguage":"ca"}]}},"_links":{"self":[{"href":"https:\/\/laertes.es\/ca\/wp-json\/wp\/v2\/product\/13055","targetHints":{"allow":["GET"]}}],"collection":[{"href":"https:\/\/laertes.es\/ca\/wp-json\/wp\/v2\/product"}],"about":[{"href":"https:\/\/laertes.es\/ca\/wp-json\/wp\/v2\/types\/product"}],"version-history":[{"count":1,"href":"https:\/\/laertes.es\/ca\/wp-json\/wp\/v2\/product\/13055\/revisions"}],"predecessor-version":[{"id":14422,"href":"https:\/\/laertes.es\/ca\/wp-json\/wp\/v2\/product\/13055\/revisions\/14422"}],"wp:featuredmedia":[{"embeddable":true,"href":"https:\/\/laertes.es\/ca\/wp-json\/wp\/v2\/media\/14420"}],"wp:attachment":[{"href":"https:\/\/laertes.es\/ca\/wp-json\/wp\/v2\/media?parent=13055"}],"wp:term":[{"taxonomy":"product_brand","embeddable":true,"href":"https:\/\/laertes.es\/ca\/wp-json\/wp\/v2\/product_brand?post=13055"},{"taxonomy":"product_cat","embeddable":true,"href":"https:\/\/laertes.es\/ca\/wp-json\/wp\/v2\/product_cat?post=13055"},{"taxonomy":"product_tag","embeddable":true,"href":"https:\/\/laertes.es\/ca\/wp-json\/wp\/v2\/product_tag?post=13055"},{"taxonomy":"autores","embeddable":true,"href":"https:\/\/laertes.es\/ca\/wp-json\/wp\/v2\/autores?post=13055"},{"taxonomy":"formatos","embeddable":true,"href":"https:\/\/laertes.es\/ca\/wp-json\/wp\/v2\/formatos?post=13055"},{"taxonomy":"materias","embeddable":true,"href":"https:\/\/laertes.es\/ca\/wp-json\/wp\/v2\/materias?post=13055"}],"curies":[{"name":"wp","href":"https:\/\/api.w.org\/{rel}","templated":true}]}}