{"id":11821,"date":"2023-01-24T15:07:53","date_gmt":"2023-01-24T15:07:53","guid":{"rendered":"https:\/libro\/enemic-meu\/"},"modified":"2023-04-26T10:29:07","modified_gmt":"2023-04-26T10:29:07","slug":"enemic-meu","status":"publish","type":"product","link":"https:\/\/www.laertes.es\/ca\/llibre\/enemic-meu\/","title":{"rendered":"Enemic meu"},"content":{"rendered":"","protected":false},"excerpt":{"rendered":"<p>Dos pilots de ca\u00e7a gal\u00e0ctics que pertanyen a faccions en guerra s&#8217;estavellen en un planeta hostil. Willis Davidge, un hum\u00e0, i Jeriba Shiga, un draconi\u00e0, hauran de deixar de banda les seves difer\u00e8ncies i col\u00b7laborar si volen sobreviure. Enemic meu \u00e9s una emotiva hist\u00f2ria al voltant de la toler\u00e0ncia, l&#8217;amistat i, en el fons, el que significa ser hum\u00e0. La novel\u00b7la va guanyar els premis Hugo, Nebula, Locus i John W. Campbell, i va inspirar el 1985 la ic\u00f2nica pel\u00b7l\u00edcula del mateix t\u00edtol protagonitzada per Dennis Quaid i Lou Gossett Jr. \u00abAquesta va ser una d&#8217;aquelles rares vegades en qu\u00e8 una hist\u00f2ria era tan bona que fins i tot jo podia veure &#8220;Hugo&#8221; escrit per tot arreu.\u00bb Isaac Asimov<\/p>\n","protected":false},"featured_media":12957,"template":"","meta":[],"product_brand":[],"product_cat":[296],"product_tag":[676,685,684],"autores":[449],"formatos":[355],"materias":[356],"class_list":{"0":"post-11821","1":"product","2":"type-product","3":"status-publish","4":"has-post-thumbnail","6":"product_cat-larca-ca","7":"product_tag-ciencia-ficcio-ca","8":"product_tag-racisme","9":"product_tag-resolucio-de-conflictes","10":"autores-longyear-barry-b-ca","11":"formatos-llibre","12":"materias-cuentos-clasicos-de-generos-fantasticos-ca","14":"first","15":"instock","16":"purchasable","17":"product-type-simple"},"yoast_head":"<!-- This site is optimized with the Yoast SEO plugin v27.3 - https:\/\/yoast.com\/product\/yoast-seo-wordpress\/ -->\n<title>Enemic meu | Laertes ediciones<\/title>\n<meta name=\"robots\" content=\"index, follow, max-snippet:-1, max-image-preview:large, max-video-preview:-1\" \/>\n<link rel=\"canonical\" href=\"https:\/\/www.laertes.es\/ca\/llibre\/enemic-meu\/\" \/>\n<meta property=\"og:locale\" content=\"ca_ES\" \/>\n<meta property=\"og:type\" content=\"article\" \/>\n<meta property=\"og:title\" content=\"Enemic meu | Laertes ediciones\" \/>\n<meta property=\"og:description\" content=\"Dos pilots de ca\u00e7a gal\u00e0ctics que pertanyen a faccions en guerra s&#039;estavellen en un planeta hostil. Willis Davidge, un hum\u00e0, i Jeriba Shiga, un draconi\u00e0, hauran de deixar de banda les seves difer\u00e8ncies i col\u00b7laborar si volen sobreviure. Enemic meu \u00e9s una emotiva hist\u00f2ria al voltant de la toler\u00e0ncia, l&#039;amistat i, en el fons, el que significa ser hum\u00e0. La novel\u00b7la va guanyar els premis Hugo, Nebula, Locus i John W. Campbell, i va inspirar el 1985 la ic\u00f2nica pel\u00b7l\u00edcula del mateix t\u00edtol protagonitzada per Dennis Quaid i Lou Gossett Jr. \u00abAquesta va ser una d&#039;aquelles rares vegades en qu\u00e8 una hist\u00f2ria era tan bona que fins i tot jo podia veure &quot;Hugo&quot; escrit per tot arreu.\u00bb Isaac Asimov\" \/>\n<meta property=\"og:url\" content=\"https:\/\/www.laertes.es\/ca\/llibre\/enemic-meu\/\" \/>\n<meta property=\"og:site_name\" content=\"Laertes ediciones\" \/>\n<meta property=\"article:modified_time\" content=\"2023-04-26T10:29:07+00:00\" \/>\n<meta property=\"og:image\" content=\"https:\/\/www.laertes.es\/wp-content\/uploads\/2023\/01\/ARC102.webp\" \/>\n\t<meta property=\"og:image:width\" content=\"802\" \/>\n\t<meta property=\"og:image:height\" content=\"1200\" \/>\n\t<meta property=\"og:image:type\" content=\"image\/webp\" \/>\n<script type=\"application\/ld+json\" class=\"yoast-schema-graph\">{\"@context\":\"https:\\\/\\\/schema.org\",\"@graph\":[{\"@type\":\"WebPage\",\"@id\":\"https:\\\/\\\/www.laertes.es\\\/ca\\\/llibre\\\/enemic-meu\\\/\",\"url\":\"https:\\\/\\\/www.laertes.es\\\/ca\\\/llibre\\\/enemic-meu\\\/\",\"name\":\"Enemic meu | Laertes ediciones\",\"isPartOf\":{\"@id\":\"https:\\\/\\\/www.laertes.es\\\/ca\\\/#website\"},\"primaryImageOfPage\":{\"@id\":\"https:\\\/\\\/www.laertes.es\\\/ca\\\/llibre\\\/enemic-meu\\\/#primaryimage\"},\"image\":{\"@id\":\"https:\\\/\\\/www.laertes.es\\\/ca\\\/llibre\\\/enemic-meu\\\/#primaryimage\"},\"thumbnailUrl\":\"https:\\\/\\\/www.laertes.es\\\/wp-content\\\/uploads\\\/2023\\\/01\\\/ARC102.webp\",\"datePublished\":\"2023-01-24T15:07:53+00:00\",\"dateModified\":\"2023-04-26T10:29:07+00:00\",\"breadcrumb\":{\"@id\":\"https:\\\/\\\/www.laertes.es\\\/ca\\\/llibre\\\/enemic-meu\\\/#breadcrumb\"},\"inLanguage\":\"ca\",\"potentialAction\":[{\"@type\":\"ReadAction\",\"target\":[\"https:\\\/\\\/www.laertes.es\\\/ca\\\/llibre\\\/enemic-meu\\\/\"]}]},{\"@type\":\"ImageObject\",\"inLanguage\":\"ca\",\"@id\":\"https:\\\/\\\/www.laertes.es\\\/ca\\\/llibre\\\/enemic-meu\\\/#primaryimage\",\"url\":\"https:\\\/\\\/www.laertes.es\\\/wp-content\\\/uploads\\\/2023\\\/01\\\/ARC102.webp\",\"contentUrl\":\"https:\\\/\\\/www.laertes.es\\\/wp-content\\\/uploads\\\/2023\\\/01\\\/ARC102.webp\",\"width\":802,\"height\":1200},{\"@type\":\"BreadcrumbList\",\"@id\":\"https:\\\/\\\/www.laertes.es\\\/ca\\\/llibre\\\/enemic-meu\\\/#breadcrumb\",\"itemListElement\":[{\"@type\":\"ListItem\",\"position\":1,\"name\":\"Portada\",\"item\":\"https:\\\/\\\/www.laertes.es\\\/ca\\\/\"},{\"@type\":\"ListItem\",\"position\":2,\"name\":\"Tienda\",\"item\":\"https:\\\/\\\/www.laertes.es\\\/tienda\\\/\"},{\"@type\":\"ListItem\",\"position\":3,\"name\":\"Enemic meu\"}]},{\"@type\":\"WebSite\",\"@id\":\"https:\\\/\\\/www.laertes.es\\\/ca\\\/#website\",\"url\":\"https:\\\/\\\/www.laertes.es\\\/ca\\\/\",\"name\":\"Laertes Ediciones\",\"description\":\"Editorial independiente desde 1975\",\"alternateName\":\"Laertes\",\"potentialAction\":[{\"@type\":\"SearchAction\",\"target\":{\"@type\":\"EntryPoint\",\"urlTemplate\":\"https:\\\/\\\/www.laertes.es\\\/ca\\\/?s={search_term_string}\"},\"query-input\":{\"@type\":\"PropertyValueSpecification\",\"valueRequired\":true,\"valueName\":\"search_term_string\"}}],\"inLanguage\":\"ca\"}]}<\/script>\n<!-- \/ Yoast SEO plugin. -->","yoast_head_json":{"title":"Enemic meu | Laertes ediciones","robots":{"index":"index","follow":"follow","max-snippet":"max-snippet:-1","max-image-preview":"max-image-preview:large","max-video-preview":"max-video-preview:-1"},"canonical":"https:\/\/www.laertes.es\/ca\/llibre\/enemic-meu\/","og_locale":"ca_ES","og_type":"article","og_title":"Enemic meu | Laertes ediciones","og_description":"Dos pilots de ca\u00e7a gal\u00e0ctics que pertanyen a faccions en guerra s'estavellen en un planeta hostil. Willis Davidge, un hum\u00e0, i Jeriba Shiga, un draconi\u00e0, hauran de deixar de banda les seves difer\u00e8ncies i col\u00b7laborar si volen sobreviure. Enemic meu \u00e9s una emotiva hist\u00f2ria al voltant de la toler\u00e0ncia, l'amistat i, en el fons, el que significa ser hum\u00e0. La novel\u00b7la va guanyar els premis Hugo, Nebula, Locus i John W. Campbell, i va inspirar el 1985 la ic\u00f2nica pel\u00b7l\u00edcula del mateix t\u00edtol protagonitzada per Dennis Quaid i Lou Gossett Jr. \u00abAquesta va ser una d'aquelles rares vegades en qu\u00e8 una hist\u00f2ria era tan bona que fins i tot jo podia veure \"Hugo\" escrit per tot arreu.\u00bb Isaac Asimov","og_url":"https:\/\/www.laertes.es\/ca\/llibre\/enemic-meu\/","og_site_name":"Laertes ediciones","article_modified_time":"2023-04-26T10:29:07+00:00","og_image":[{"width":802,"height":1200,"url":"https:\/\/www.laertes.es\/wp-content\/uploads\/2023\/01\/ARC102.webp","type":"image\/webp"}],"schema":{"@context":"https:\/\/schema.org","@graph":[{"@type":"WebPage","@id":"https:\/\/www.laertes.es\/ca\/llibre\/enemic-meu\/","url":"https:\/\/www.laertes.es\/ca\/llibre\/enemic-meu\/","name":"Enemic meu | Laertes ediciones","isPartOf":{"@id":"https:\/\/www.laertes.es\/ca\/#website"},"primaryImageOfPage":{"@id":"https:\/\/www.laertes.es\/ca\/llibre\/enemic-meu\/#primaryimage"},"image":{"@id":"https:\/\/www.laertes.es\/ca\/llibre\/enemic-meu\/#primaryimage"},"thumbnailUrl":"https:\/\/www.laertes.es\/wp-content\/uploads\/2023\/01\/ARC102.webp","datePublished":"2023-01-24T15:07:53+00:00","dateModified":"2023-04-26T10:29:07+00:00","breadcrumb":{"@id":"https:\/\/www.laertes.es\/ca\/llibre\/enemic-meu\/#breadcrumb"},"inLanguage":"ca","potentialAction":[{"@type":"ReadAction","target":["https:\/\/www.laertes.es\/ca\/llibre\/enemic-meu\/"]}]},{"@type":"ImageObject","inLanguage":"ca","@id":"https:\/\/www.laertes.es\/ca\/llibre\/enemic-meu\/#primaryimage","url":"https:\/\/www.laertes.es\/wp-content\/uploads\/2023\/01\/ARC102.webp","contentUrl":"https:\/\/www.laertes.es\/wp-content\/uploads\/2023\/01\/ARC102.webp","width":802,"height":1200},{"@type":"BreadcrumbList","@id":"https:\/\/www.laertes.es\/ca\/llibre\/enemic-meu\/#breadcrumb","itemListElement":[{"@type":"ListItem","position":1,"name":"Portada","item":"https:\/\/www.laertes.es\/ca\/"},{"@type":"ListItem","position":2,"name":"Tienda","item":"https:\/\/www.laertes.es\/tienda\/"},{"@type":"ListItem","position":3,"name":"Enemic meu"}]},{"@type":"WebSite","@id":"https:\/\/www.laertes.es\/ca\/#website","url":"https:\/\/www.laertes.es\/ca\/","name":"Laertes Ediciones","description":"Editorial independiente desde 1975","alternateName":"Laertes","potentialAction":[{"@type":"SearchAction","target":{"@type":"EntryPoint","urlTemplate":"https:\/\/www.laertes.es\/ca\/?s={search_term_string}"},"query-input":{"@type":"PropertyValueSpecification","valueRequired":true,"valueName":"search_term_string"}}],"inLanguage":"ca"}]}},"_links":{"self":[{"href":"https:\/\/www.laertes.es\/ca\/wp-json\/wp\/v2\/product\/11821","targetHints":{"allow":["GET"]}}],"collection":[{"href":"https:\/\/www.laertes.es\/ca\/wp-json\/wp\/v2\/product"}],"about":[{"href":"https:\/\/www.laertes.es\/ca\/wp-json\/wp\/v2\/types\/product"}],"version-history":[{"count":1,"href":"https:\/\/www.laertes.es\/ca\/wp-json\/wp\/v2\/product\/11821\/revisions"}],"predecessor-version":[{"id":12959,"href":"https:\/\/www.laertes.es\/ca\/wp-json\/wp\/v2\/product\/11821\/revisions\/12959"}],"wp:featuredmedia":[{"embeddable":true,"href":"https:\/\/www.laertes.es\/ca\/wp-json\/wp\/v2\/media\/12957"}],"wp:attachment":[{"href":"https:\/\/www.laertes.es\/ca\/wp-json\/wp\/v2\/media?parent=11821"}],"wp:term":[{"taxonomy":"product_brand","embeddable":true,"href":"https:\/\/www.laertes.es\/ca\/wp-json\/wp\/v2\/product_brand?post=11821"},{"taxonomy":"product_cat","embeddable":true,"href":"https:\/\/www.laertes.es\/ca\/wp-json\/wp\/v2\/product_cat?post=11821"},{"taxonomy":"product_tag","embeddable":true,"href":"https:\/\/www.laertes.es\/ca\/wp-json\/wp\/v2\/product_tag?post=11821"},{"taxonomy":"autores","embeddable":true,"href":"https:\/\/www.laertes.es\/ca\/wp-json\/wp\/v2\/autores?post=11821"},{"taxonomy":"formatos","embeddable":true,"href":"https:\/\/www.laertes.es\/ca\/wp-json\/wp\/v2\/formatos?post=11821"},{"taxonomy":"materias","embeddable":true,"href":"https:\/\/www.laertes.es\/ca\/wp-json\/wp\/v2\/materias?post=11821"}],"curies":[{"name":"wp","href":"https:\/\/api.w.org\/{rel}","templated":true}]}}